{"id":77050,"date":"2025-11-14T10:10:13","date_gmt":"2025-11-14T08:10:13","guid":{"rendered":"https:\/\/ejuniper.com\/products\/juniper-booking-engine\/modules\/advanced-shopping-basket\/contact\/"},"modified":"2025-12-24T15:50:46","modified_gmt":"2025-12-24T13:50:46","slug":"contact","status":"publish","type":"page","link":"https:\/\/ejuniper.com\/es\/products\/juniper-booking-engine\/modules\/advanced-shopping-basket\/contact\/","title":{"rendered":"Contacto"},"content":{"rendered":"\t\t<div data-elementor-type=\"wp-page\" data-elementor-id=\"77050\" class=\"elementor elementor-77050 elementor-77043\" data-elementor-post-type=\"page\">\n\t\t\t\t<div class=\"elementor-element elementor-element-7fe8483 e-flex e-con-boxed e-con e-parent\" data-id=\"7fe8483\" data-element_type=\"container\" data-e-type=\"container\" data-settings=\"{&quot;background_background&quot;:&quot;classic&quot;}\">\n\t\t\t\t\t<div class=\"e-con-inner\">\n\t\t<div class=\"elementor-element elementor-element-e64acb1 e-con-full e-flex e-con e-child\" data-id=\"e64acb1\" data-element_type=\"container\" data-e-type=\"container\">\n\t\t<div class=\"elementor-element elementor-element-fa303cc e-con-full e-flex e-con e-child\" data-id=\"fa303cc\" data-element_type=\"container\" data-e-type=\"container\">\n\t\t\t\t<div class=\"elementor-element elementor-element-4ca9e6a elementor-widget elementor-widget-heading\" data-id=\"4ca9e6a\" data-element_type=\"widget\" data-e-type=\"widget\" data-widget_type=\"heading.default\">\n\t\t\t\t\t<h2 class=\"elementor-heading-title elementor-size-default\">Contacto<\/h2>\t\t\t\t<\/div>\n\t\t\t\t<div class=\"elementor-element elementor-element-f8d280d elementor-widget-tablet__width-inherit elementor-widget elementor-widget-text-editor\" data-id=\"f8d280d\" data-element_type=\"widget\" data-e-type=\"widget\" data-widget_type=\"text-editor.default\">\n\t\t\t\t\t\t\t\t\t<p>Da el siguiente paso hacia una gesti\u00f3n de ventas m\u00e1s \u00e1gil, visual y efectiva.<\/p><p>Rellena el formulario y nuestro equipo te mostrar\u00e1 todo lo que\u00a0<strong>Advanced Shopping Basket\u00a0<\/strong>puede hacer por tu negocio.<\/p>\t\t\t\t\t\t\t\t<\/div>\n\t\t<div class=\"elementor-element elementor-element-ffc5ccb e-con-full e-flex e-con e-child\" data-id=\"ffc5ccb\" data-element_type=\"container\" data-e-type=\"container\">\n\t\t\t\t<div class=\"elementor-element elementor-element-53e52cd elementor-widget elementor-widget-image\" data-id=\"53e52cd\" data-element_type=\"widget\" data-e-type=\"widget\" data-widget_type=\"image.default\">\n\t\t\t\t\t\t\t\t\t\t\t\t\t\t\t<img fetchpriority=\"high\" decoding=\"async\" width=\"601\" height=\"330\" src=\"https:\/\/ejuniper.com\/wp-content\/uploads\/2025\/11\/AdvancedShoppingBasket_MailForm-1.png\" class=\"attachment-full size-full wp-image-77070\" alt=\"Advanced Shopping Basket solution of the Juniper Booking Engine\" srcset=\"https:\/\/ejuniper.com\/wp-content\/uploads\/2025\/11\/AdvancedShoppingBasket_MailForm-1.png 601w, https:\/\/ejuniper.com\/wp-content\/uploads\/2025\/11\/AdvancedShoppingBasket_MailForm-1-300x165.png 300w\" sizes=\"(max-width: 601px) 100vw, 601px\" \/>\t\t\t\t\t\t\t\t\t\t\t\t\t\t\t<\/div>\n\t\t\t\t<\/div>\n\t\t\t\t<\/div>\n\t\t<div class=\"elementor-element elementor-element-8cf2bfc e-con-full blur e-flex e-con e-child\" data-id=\"8cf2bfc\" data-element_type=\"container\" data-e-type=\"container\" data-settings=\"{&quot;background_background&quot;:&quot;classic&quot;}\">\n\t\t\t\t<div class=\"elementor-element elementor-element-006c4a3 elementor-widget elementor-widget-heading\" data-id=\"006c4a3\" data-element_type=\"widget\" data-e-type=\"widget\" data-widget_type=\"heading.default\">\n\t\t\t\t\t<h2 class=\"elementor-heading-title elementor-size-default\">NUESTRAS BUSINESS UNITS\n<\/h2>\t\t\t\t<\/div>\n\t\t<div class=\"elementor-element elementor-element-7f4669e e-con-full e-flex e-con e-child\" data-id=\"7f4669e\" data-element_type=\"container\" data-e-type=\"container\">\n\t\t\t\t<div class=\"elementor-element elementor-element-3ff5308 elementor-widget elementor-widget-image\" data-id=\"3ff5308\" data-element_type=\"widget\" data-e-type=\"widget\" data-widget_type=\"image.default\">\n\t\t\t\t\t\t\t\t\t\t\t\t\t\t\t<img decoding=\"async\" width=\"800\" height=\"683\" src=\"https:\/\/ejuniper.com\/wp-content\/uploads\/2025\/10\/Dome-1.svg\" class=\"attachment-large size-large wp-image-75202\" alt=\"\" \/>\t\t\t\t\t\t\t\t\t\t\t\t\t\t\t<\/div>\n\t\t\t\t<div class=\"elementor-element elementor-element-9bd8e5b elementor-widget elementor-widget-image\" data-id=\"9bd8e5b\" data-element_type=\"widget\" data-e-type=\"widget\" data-widget_type=\"image.default\">\n\t\t\t\t\t\t\t\t\t\t\t\t\t\t\t<img decoding=\"async\" width=\"800\" height=\"683\" src=\"https:\/\/ejuniper.com\/wp-content\/uploads\/2025\/11\/Ist_CSI-1.svg\" class=\"attachment-large size-large wp-image-77231\" alt=\"\" \/>\t\t\t\t\t\t\t\t\t\t\t\t\t\t\t<\/div>\n\t\t\t\t<div class=\"elementor-element elementor-element-bd792a3 elementor-widget elementor-widget-image\" data-id=\"bd792a3\" data-element_type=\"widget\" data-e-type=\"widget\" data-widget_type=\"image.default\">\n\t\t\t\t\t\t\t\t\t\t\t\t\t\t\t<img loading=\"lazy\" decoding=\"async\" width=\"800\" height=\"683\" src=\"https:\/\/ejuniper.com\/wp-content\/uploads\/2025\/10\/Lleego-1-1.svg\" class=\"attachment-large size-large wp-image-75204\" alt=\"\" \/>\t\t\t\t\t\t\t\t\t\t\t\t\t\t\t<\/div>\n\t\t\t\t<div class=\"elementor-element elementor-element-5810b6f elementor-widget elementor-widget-image\" data-id=\"5810b6f\" data-element_type=\"widget\" data-e-type=\"widget\" data-widget_type=\"image.default\">\n\t\t\t\t\t\t\t\t\t\t\t\t\t\t\t<img loading=\"lazy\" decoding=\"async\" width=\"800\" height=\"683\" src=\"https:\/\/ejuniper.com\/wp-content\/uploads\/2025\/11\/RezMagic.svg\" class=\"attachment-large size-large wp-image-77233\" alt=\"\" \/>\t\t\t\t\t\t\t\t\t\t\t\t\t\t\t<\/div>\n\t\t\t\t<div class=\"elementor-element elementor-element-829da4c elementor-widget elementor-widget-image\" data-id=\"829da4c\" data-element_type=\"widget\" data-e-type=\"widget\" data-widget_type=\"image.default\">\n\t\t\t\t\t\t\t\t\t\t\t\t\t\t\t<img loading=\"lazy\" decoding=\"async\" width=\"800\" height=\"683\" src=\"https:\/\/ejuniper.com\/wp-content\/uploads\/2025\/10\/Vervotech-1.svg\" class=\"attachment-large size-large wp-image-75206\" alt=\"\" \/>\t\t\t\t\t\t\t\t\t\t\t\t\t\t\t<\/div>\n\t\t\t\t<\/div>\n\t\t\t\t<div class=\"elementor-element elementor-element-fc54be4 elementor-widget-divider--view-line elementor-widget elementor-widget-divider\" data-id=\"fc54be4\" data-element_type=\"widget\" data-e-type=\"widget\" data-widget_type=\"divider.default\">\n\t\t\t\t\t\t\t<div class=\"elementor-divider\">\n\t\t\t<span class=\"elementor-divider-separator\">\n\t\t\t\t\t\t<\/span>\n\t\t<\/div>\n\t\t\t\t\t\t<\/div>\n\t\t\t\t<div class=\"elementor-element elementor-element-909e4fd elementor-widget elementor-widget-heading\" data-id=\"909e4fd\" data-element_type=\"widget\" data-e-type=\"widget\" data-widget_type=\"heading.default\">\n\t\t\t\t\t<h2 class=\"elementor-heading-title elementor-size-default\">NUESTRAS DIVISIONES<\/h2>\t\t\t\t<\/div>\n\t\t<div class=\"elementor-element elementor-element-f3605d6 e-con-full e-flex e-con e-child\" data-id=\"f3605d6\" data-element_type=\"container\" data-e-type=\"container\">\n\t\t\t\t<div class=\"elementor-element elementor-element-c0fc9d7 elementor-widget elementor-widget-image\" data-id=\"c0fc9d7\" data-element_type=\"widget\" data-e-type=\"widget\" data-widget_type=\"image.default\">\n\t\t\t\t\t\t\t\t\t\t\t\t\t\t\t<img loading=\"lazy\" decoding=\"async\" width=\"362\" height=\"107\" src=\"https:\/\/ejuniper.com\/wp-content\/uploads\/2025\/10\/juniper-airline-vacations-1.png\" class=\"attachment-full size-full wp-image-75208\" alt=\"\" srcset=\"https:\/\/ejuniper.com\/wp-content\/uploads\/2025\/10\/juniper-airline-vacations-1.png 362w, https:\/\/ejuniper.com\/wp-content\/uploads\/2025\/10\/juniper-airline-vacations-1-300x89.png 300w\" sizes=\"(max-width: 362px) 100vw, 362px\" \/>\t\t\t\t\t\t\t\t\t\t\t\t\t\t\t<\/div>\n\t\t\t\t<div class=\"elementor-element elementor-element-7762e68 elementor-widget elementor-widget-image\" data-id=\"7762e68\" data-element_type=\"widget\" data-e-type=\"widget\" data-widget_type=\"image.default\">\n\t\t\t\t\t\t\t\t\t\t\t\t\t\t\t<img loading=\"lazy\" decoding=\"async\" width=\"321\" height=\"115\" src=\"https:\/\/ejuniper.com\/wp-content\/uploads\/2025\/10\/juniper-cruises-by-ist-1.png\" class=\"attachment-large size-large wp-image-75210\" alt=\"\" srcset=\"https:\/\/ejuniper.com\/wp-content\/uploads\/2025\/10\/juniper-cruises-by-ist-1.png 321w, https:\/\/ejuniper.com\/wp-content\/uploads\/2025\/10\/juniper-cruises-by-ist-1-300x107.png 300w\" sizes=\"(max-width: 321px) 100vw, 321px\" \/>\t\t\t\t\t\t\t\t\t\t\t\t\t\t\t<\/div>\n\t\t\t\t<div class=\"elementor-element elementor-element-a398882 elementor-widget elementor-widget-image\" data-id=\"a398882\" data-element_type=\"widget\" data-e-type=\"widget\" data-widget_type=\"image.default\">\n\t\t\t\t\t\t\t\t\t\t\t\t\t\t\t<img loading=\"lazy\" decoding=\"async\" width=\"800\" height=\"683\" src=\"https:\/\/ejuniper.com\/wp-content\/uploads\/2025\/11\/DMCs-Juniper_Experiences_by_Nexus_logo_introduction-1.svg\" class=\"attachment-large size-large wp-image-77235\" alt=\"\" \/>\t\t\t\t\t\t\t\t\t\t\t\t\t\t\t<\/div>\n\t\t\t\t<div class=\"elementor-element elementor-element-1904ff9 elementor-widget elementor-widget-image\" data-id=\"1904ff9\" data-element_type=\"widget\" data-e-type=\"widget\" data-widget_type=\"image.default\">\n\t\t\t\t\t\t\t\t\t\t\t\t\t\t\t<img loading=\"lazy\" decoding=\"async\" width=\"292\" height=\"120\" src=\"https:\/\/ejuniper.com\/wp-content\/uploads\/2025\/10\/Juniper-Flights-by-Lleego-1.png\" class=\"attachment-large size-large wp-image-75214\" alt=\"\" \/>\t\t\t\t\t\t\t\t\t\t\t\t\t\t\t<\/div>\n\t\t\t\t<div class=\"elementor-element elementor-element-fb7c188 elementor-widget elementor-widget-image\" data-id=\"fb7c188\" data-element_type=\"widget\" data-e-type=\"widget\" data-widget_type=\"image.default\">\n\t\t\t\t\t\t\t\t\t\t\t\t\t\t\t<img loading=\"lazy\" decoding=\"async\" width=\"345\" height=\"59\" src=\"https:\/\/ejuniper.com\/wp-content\/uploads\/2025\/10\/Juniper-Vervotech-1.png\" class=\"attachment-large size-large wp-image-75216\" alt=\"\" srcset=\"https:\/\/ejuniper.com\/wp-content\/uploads\/2025\/10\/Juniper-Vervotech-1.png 345w, https:\/\/ejuniper.com\/wp-content\/uploads\/2025\/10\/Juniper-Vervotech-1-300x51.png 300w\" sizes=\"(max-width: 345px) 100vw, 345px\" \/>\t\t\t\t\t\t\t\t\t\t\t\t\t\t\t<\/div>\n\t\t\t\t<\/div>\n\t\t\t\t<\/div>\n\t\t\t\t<\/div>\n\t\t<div class=\"elementor-element elementor-element-480227e e-con-full e-flex e-con e-child\" data-id=\"480227e\" data-element_type=\"container\" data-e-type=\"container\" data-settings=\"{&quot;background_background&quot;:&quot;classic&quot;}\">\n\t\t\t\t<div class=\"elementor-element elementor-element-114e52b elementor-widget elementor-widget-shortcode\" data-id=\"114e52b\" data-element_type=\"widget\" data-e-type=\"widget\" data-widget_type=\"shortcode.default\">\n\t\t\t\t\t\t\t<div class=\"elementor-shortcode\">[formulario_pardot_advanced_shopping_basket_ES]<\/div>\n\t\t\t\t\t\t<\/div>\n\t\t\t\t<\/div>\n\t\t\t\t\t<\/div>\n\t\t\t\t<\/div>\n\t\t\t\t<\/div>\n\t\t","protected":false},"excerpt":{"rendered":"<p>Contacto Da el siguiente paso hacia una gesti\u00f3n de ventas m\u00e1s \u00e1gil, visual y efectiva. Rellena el formulario y nuestro equipo te mostrar\u00e1 todo lo que\u00a0Advanced Shopping Basket\u00a0puede hacer por tu negocio. NUESTRAS BUSINESS UNITS NUESTRAS DIVISIONES [formulario_pardot_advanced_shopping_basket_ES]<\/p>\n","protected":false},"author":46,"featured_media":0,"parent":74740,"menu_order":0,"comment_status":"closed","ping_status":"closed","template":"elementor_header_footer","meta":{"_acf_changed":false,"inline_featured_image":false,"footnotes":""},"class_list":["post-77050","page","type-page","status-publish","hentry"],"yoast_head":"<!-- This site is optimized with the Yoast SEO plugin v27.4 - https:\/\/yoast.com\/product\/yoast-seo-wordpress\/ -->\n<title>Contacto Juniper<\/title>\n<meta name=\"robots\" content=\"index, follow, max-snippet:-1, max-image-preview:large, max-video-preview:-1\" \/>\n<link rel=\"canonical\" href=\"https:\/\/ejuniper.com\/es\/products\/juniper-booking-engine\/modules\/advanced-shopping-basket\/contact\/\" \/>\n<meta property=\"og:locale\" content=\"es_ES\" \/>\n<meta property=\"og:type\" content=\"article\" \/>\n<meta property=\"og:title\" content=\"Contacto Juniper\" \/>\n<meta property=\"og:description\" content=\"Contacto Da el siguiente paso hacia una gesti\u00f3n de ventas m\u00e1s \u00e1gil, visual y efectiva. Rellena el formulario y nuestro equipo te mostrar\u00e1 todo lo que\u00a0Advanced Shopping Basket\u00a0puede hacer por tu negocio. NUESTRAS BUSINESS UNITS NUESTRAS DIVISIONES [formulario_pardot_advanced_shopping_basket_ES]\" \/>\n<meta property=\"og:url\" content=\"https:\/\/ejuniper.com\/es\/products\/juniper-booking-engine\/modules\/advanced-shopping-basket\/contact\/\" \/>\n<meta property=\"og:site_name\" content=\"Juniper\" \/>\n<meta property=\"article:modified_time\" content=\"2025-12-24T13:50:46+00:00\" \/>\n<meta property=\"og:image\" content=\"https:\/\/ejuniper.com\/wp-content\/uploads\/2025\/11\/AdvancedShoppingBasket_MailForm-1.png\" \/>\n\t<meta property=\"og:image:width\" content=\"601\" \/>\n\t<meta property=\"og:image:height\" content=\"330\" \/>\n\t<meta property=\"og:image:type\" content=\"image\/png\" \/>\n<meta name=\"twitter:card\" content=\"summary_large_image\" \/>\n<meta name=\"twitter:label1\" content=\"Tiempo de lectura\" \/>\n\t<meta name=\"twitter:data1\" content=\"1 minuto\" \/>\n<script type=\"application\/ld+json\" class=\"yoast-schema-graph\">{\"@context\":\"https:\\\/\\\/schema.org\",\"@graph\":[{\"@type\":\"WebPage\",\"@id\":\"https:\\\/\\\/ejuniper.com\\\/es\\\/products\\\/juniper-booking-engine\\\/modules\\\/advanced-shopping-basket\\\/contact\\\/\",\"url\":\"https:\\\/\\\/ejuniper.com\\\/es\\\/products\\\/juniper-booking-engine\\\/modules\\\/advanced-shopping-basket\\\/contact\\\/\",\"name\":\"Contacto Juniper\",\"isPartOf\":{\"@id\":\"https:\\\/\\\/ejuniper.com\\\/es\\\/#website\"},\"primaryImageOfPage\":{\"@id\":\"https:\\\/\\\/ejuniper.com\\\/es\\\/products\\\/juniper-booking-engine\\\/modules\\\/advanced-shopping-basket\\\/contact\\\/#primaryimage\"},\"image\":{\"@id\":\"https:\\\/\\\/ejuniper.com\\\/es\\\/products\\\/juniper-booking-engine\\\/modules\\\/advanced-shopping-basket\\\/contact\\\/#primaryimage\"},\"thumbnailUrl\":\"https:\\\/\\\/ejuniper.com\\\/wp-content\\\/uploads\\\/2025\\\/11\\\/AdvancedShoppingBasket_MailForm-1.png\",\"datePublished\":\"2025-11-14T08:10:13+00:00\",\"dateModified\":\"2025-12-24T13:50:46+00:00\",\"breadcrumb\":{\"@id\":\"https:\\\/\\\/ejuniper.com\\\/es\\\/products\\\/juniper-booking-engine\\\/modules\\\/advanced-shopping-basket\\\/contact\\\/#breadcrumb\"},\"inLanguage\":\"es\",\"potentialAction\":[{\"@type\":\"ReadAction\",\"target\":[\"https:\\\/\\\/ejuniper.com\\\/es\\\/products\\\/juniper-booking-engine\\\/modules\\\/advanced-shopping-basket\\\/contact\\\/\"]}]},{\"@type\":\"ImageObject\",\"inLanguage\":\"es\",\"@id\":\"https:\\\/\\\/ejuniper.com\\\/es\\\/products\\\/juniper-booking-engine\\\/modules\\\/advanced-shopping-basket\\\/contact\\\/#primaryimage\",\"url\":\"https:\\\/\\\/ejuniper.com\\\/wp-content\\\/uploads\\\/2025\\\/11\\\/AdvancedShoppingBasket_MailForm-1.png\",\"contentUrl\":\"https:\\\/\\\/ejuniper.com\\\/wp-content\\\/uploads\\\/2025\\\/11\\\/AdvancedShoppingBasket_MailForm-1.png\"},{\"@type\":\"BreadcrumbList\",\"@id\":\"https:\\\/\\\/ejuniper.com\\\/es\\\/products\\\/juniper-booking-engine\\\/modules\\\/advanced-shopping-basket\\\/contact\\\/#breadcrumb\",\"itemListElement\":[{\"@type\":\"ListItem\",\"position\":1,\"name\":\"Inicio\",\"item\":\"https:\\\/\\\/ejuniper.com\\\/es\\\/\"},{\"@type\":\"ListItem\",\"position\":2,\"name\":\"Productos\",\"item\":\"https:\\\/\\\/ejuniper.com\\\/es\\\/products\\\/\"},{\"@type\":\"ListItem\",\"position\":3,\"name\":\"Juniper Booking Engine\",\"item\":\"https:\\\/\\\/ejuniper.com\\\/es\\\/products\\\/juniper-booking-engine\\\/\"},{\"@type\":\"ListItem\",\"position\":4,\"name\":\"M\u00f3dulos\",\"item\":\"https:\\\/\\\/ejuniper.com\\\/es\\\/products\\\/juniper-booking-engine\\\/modules\\\/\"},{\"@type\":\"ListItem\",\"position\":5,\"name\":\"Advanced Shopping Basket\",\"item\":\"https:\\\/\\\/ejuniper.com\\\/es\\\/products\\\/juniper-booking-engine\\\/modules\\\/advanced-shopping-basket\\\/\"},{\"@type\":\"ListItem\",\"position\":6,\"name\":\"Contacto\"}]},{\"@type\":\"WebSite\",\"@id\":\"https:\\\/\\\/ejuniper.com\\\/es\\\/#website\",\"url\":\"https:\\\/\\\/ejuniper.com\\\/es\\\/\",\"name\":\"https:\\\/\\\/ejuniper.com\\\/\",\"description\":\"Redefining Travel with Innovative Technology\",\"publisher\":{\"@id\":\"https:\\\/\\\/ejuniper.com\\\/es\\\/#organization\"},\"potentialAction\":[{\"@type\":\"SearchAction\",\"target\":{\"@type\":\"EntryPoint\",\"urlTemplate\":\"https:\\\/\\\/ejuniper.com\\\/es\\\/?s={search_term_string}\"},\"query-input\":{\"@type\":\"PropertyValueSpecification\",\"valueRequired\":true,\"valueName\":\"search_term_string\"}}],\"inLanguage\":\"es\"},{\"@type\":\"Organization\",\"@id\":\"https:\\\/\\\/ejuniper.com\\\/es\\\/#organization\",\"name\":\"Juniper Travel Technology\",\"url\":\"https:\\\/\\\/ejuniper.com\\\/es\\\/\",\"logo\":{\"@type\":\"ImageObject\",\"inLanguage\":\"es\",\"@id\":\"https:\\\/\\\/ejuniper.com\\\/es\\\/#\\\/schema\\\/logo\\\/image\\\/\",\"url\":\"https:\\\/\\\/ejuniper.com\\\/wp-content\\\/uploads\\\/2024\\\/11\\\/juniper-2-1.svg\",\"contentUrl\":\"https:\\\/\\\/ejuniper.com\\\/wp-content\\\/uploads\\\/2024\\\/11\\\/juniper-2-1.svg\",\"width\":48,\"height\":48,\"caption\":\"Juniper Travel Technology\"},\"image\":{\"@id\":\"https:\\\/\\\/ejuniper.com\\\/es\\\/#\\\/schema\\\/logo\\\/image\\\/\"},\"sameAs\":[\"https:\\\/\\\/www.linkedin.com\\\/company\\\/juniper\\\/\"]}]}<\/script>\n<!-- \/ Yoast SEO plugin. -->","yoast_head_json":{"title":"Contacto Juniper","robots":{"index":"index","follow":"follow","max-snippet":"max-snippet:-1","max-image-preview":"max-image-preview:large","max-video-preview":"max-video-preview:-1"},"canonical":"https:\/\/ejuniper.com\/es\/products\/juniper-booking-engine\/modules\/advanced-shopping-basket\/contact\/","og_locale":"es_ES","og_type":"article","og_title":"Contacto Juniper","og_description":"Contacto Da el siguiente paso hacia una gesti\u00f3n de ventas m\u00e1s \u00e1gil, visual y efectiva. Rellena el formulario y nuestro equipo te mostrar\u00e1 todo lo que\u00a0Advanced Shopping Basket\u00a0puede hacer por tu negocio. NUESTRAS BUSINESS UNITS NUESTRAS DIVISIONES [formulario_pardot_advanced_shopping_basket_ES]","og_url":"https:\/\/ejuniper.com\/es\/products\/juniper-booking-engine\/modules\/advanced-shopping-basket\/contact\/","og_site_name":"Juniper","article_modified_time":"2025-12-24T13:50:46+00:00","og_image":[{"width":601,"height":330,"url":"https:\/\/ejuniper.com\/wp-content\/uploads\/2025\/11\/AdvancedShoppingBasket_MailForm-1.png","type":"image\/png"}],"twitter_card":"summary_large_image","twitter_misc":{"Tiempo de lectura":"1 minuto"},"schema":{"@context":"https:\/\/schema.org","@graph":[{"@type":"WebPage","@id":"https:\/\/ejuniper.com\/es\/products\/juniper-booking-engine\/modules\/advanced-shopping-basket\/contact\/","url":"https:\/\/ejuniper.com\/es\/products\/juniper-booking-engine\/modules\/advanced-shopping-basket\/contact\/","name":"Contacto Juniper","isPartOf":{"@id":"https:\/\/ejuniper.com\/es\/#website"},"primaryImageOfPage":{"@id":"https:\/\/ejuniper.com\/es\/products\/juniper-booking-engine\/modules\/advanced-shopping-basket\/contact\/#primaryimage"},"image":{"@id":"https:\/\/ejuniper.com\/es\/products\/juniper-booking-engine\/modules\/advanced-shopping-basket\/contact\/#primaryimage"},"thumbnailUrl":"https:\/\/ejuniper.com\/wp-content\/uploads\/2025\/11\/AdvancedShoppingBasket_MailForm-1.png","datePublished":"2025-11-14T08:10:13+00:00","dateModified":"2025-12-24T13:50:46+00:00","breadcrumb":{"@id":"https:\/\/ejuniper.com\/es\/products\/juniper-booking-engine\/modules\/advanced-shopping-basket\/contact\/#breadcrumb"},"inLanguage":"es","potentialAction":[{"@type":"ReadAction","target":["https:\/\/ejuniper.com\/es\/products\/juniper-booking-engine\/modules\/advanced-shopping-basket\/contact\/"]}]},{"@type":"ImageObject","inLanguage":"es","@id":"https:\/\/ejuniper.com\/es\/products\/juniper-booking-engine\/modules\/advanced-shopping-basket\/contact\/#primaryimage","url":"https:\/\/ejuniper.com\/wp-content\/uploads\/2025\/11\/AdvancedShoppingBasket_MailForm-1.png","contentUrl":"https:\/\/ejuniper.com\/wp-content\/uploads\/2025\/11\/AdvancedShoppingBasket_MailForm-1.png"},{"@type":"BreadcrumbList","@id":"https:\/\/ejuniper.com\/es\/products\/juniper-booking-engine\/modules\/advanced-shopping-basket\/contact\/#breadcrumb","itemListElement":[{"@type":"ListItem","position":1,"name":"Inicio","item":"https:\/\/ejuniper.com\/es\/"},{"@type":"ListItem","position":2,"name":"Productos","item":"https:\/\/ejuniper.com\/es\/products\/"},{"@type":"ListItem","position":3,"name":"Juniper Booking Engine","item":"https:\/\/ejuniper.com\/es\/products\/juniper-booking-engine\/"},{"@type":"ListItem","position":4,"name":"M\u00f3dulos","item":"https:\/\/ejuniper.com\/es\/products\/juniper-booking-engine\/modules\/"},{"@type":"ListItem","position":5,"name":"Advanced Shopping Basket","item":"https:\/\/ejuniper.com\/es\/products\/juniper-booking-engine\/modules\/advanced-shopping-basket\/"},{"@type":"ListItem","position":6,"name":"Contacto"}]},{"@type":"WebSite","@id":"https:\/\/ejuniper.com\/es\/#website","url":"https:\/\/ejuniper.com\/es\/","name":"https:\/\/ejuniper.com\/","description":"Redefining Travel with Innovative Technology","publisher":{"@id":"https:\/\/ejuniper.com\/es\/#organization"},"potentialAction":[{"@type":"SearchAction","target":{"@type":"EntryPoint","urlTemplate":"https:\/\/ejuniper.com\/es\/?s={search_term_string}"},"query-input":{"@type":"PropertyValueSpecification","valueRequired":true,"valueName":"search_term_string"}}],"inLanguage":"es"},{"@type":"Organization","@id":"https:\/\/ejuniper.com\/es\/#organization","name":"Juniper Travel Technology","url":"https:\/\/ejuniper.com\/es\/","logo":{"@type":"ImageObject","inLanguage":"es","@id":"https:\/\/ejuniper.com\/es\/#\/schema\/logo\/image\/","url":"https:\/\/ejuniper.com\/wp-content\/uploads\/2024\/11\/juniper-2-1.svg","contentUrl":"https:\/\/ejuniper.com\/wp-content\/uploads\/2024\/11\/juniper-2-1.svg","width":48,"height":48,"caption":"Juniper Travel Technology"},"image":{"@id":"https:\/\/ejuniper.com\/es\/#\/schema\/logo\/image\/"},"sameAs":["https:\/\/www.linkedin.com\/company\/juniper\/"]}]}},"acf":[],"_links":{"self":[{"href":"https:\/\/ejuniper.com\/es\/wp-json\/wp\/v2\/pages\/77050","targetHints":{"allow":["GET"]}}],"collection":[{"href":"https:\/\/ejuniper.com\/es\/wp-json\/wp\/v2\/pages"}],"about":[{"href":"https:\/\/ejuniper.com\/es\/wp-json\/wp\/v2\/types\/page"}],"author":[{"embeddable":true,"href":"https:\/\/ejuniper.com\/es\/wp-json\/wp\/v2\/users\/46"}],"replies":[{"embeddable":true,"href":"https:\/\/ejuniper.com\/es\/wp-json\/wp\/v2\/comments?post=77050"}],"version-history":[{"count":33,"href":"https:\/\/ejuniper.com\/es\/wp-json\/wp\/v2\/pages\/77050\/revisions"}],"predecessor-version":[{"id":81750,"href":"https:\/\/ejuniper.com\/es\/wp-json\/wp\/v2\/pages\/77050\/revisions\/81750"}],"up":[{"embeddable":true,"href":"https:\/\/ejuniper.com\/es\/wp-json\/wp\/v2\/pages\/74740"}],"wp:attachment":[{"href":"https:\/\/ejuniper.com\/es\/wp-json\/wp\/v2\/media?parent=77050"}],"curies":[{"name":"wp","href":"https:\/\/api.w.org\/{rel}","templated":true}]}}