{"id":75549,"date":"2025-11-06T15:12:52","date_gmt":"2025-11-06T13:12:52","guid":{"rendered":"https:\/\/ejuniper.com\/products\/juniper-booking-engine\/modules\/unique-hotel\/contact\/"},"modified":"2025-12-24T15:54:04","modified_gmt":"2025-12-24T13:54:04","slug":"contact","status":"publish","type":"page","link":"https:\/\/ejuniper.com\/es\/products\/juniper-booking-engine\/modules\/unique-hotel\/contact\/","title":{"rendered":"Contacto"},"content":{"rendered":"\t\t<div data-elementor-type=\"wp-page\" data-elementor-id=\"75549\" class=\"elementor elementor-75549 elementor-75541\" data-elementor-post-type=\"page\">\n\t\t\t\t<div class=\"elementor-element elementor-element-7fe8483 e-flex e-con-boxed e-con e-parent\" data-id=\"7fe8483\" data-element_type=\"container\" data-e-type=\"container\" data-settings=\"{&quot;background_background&quot;:&quot;classic&quot;}\">\n\t\t\t\t\t<div class=\"e-con-inner\">\n\t\t<div class=\"elementor-element elementor-element-6d38230 e-con-full e-flex e-con e-child\" data-id=\"6d38230\" data-element_type=\"container\" data-e-type=\"container\">\n\t\t<div class=\"elementor-element elementor-element-8791575 e-con-full e-flex e-con e-child\" data-id=\"8791575\" data-element_type=\"container\" data-e-type=\"container\">\n\t\t\t\t<div class=\"elementor-element elementor-element-1b2d55e elementor-widget elementor-widget-heading\" data-id=\"1b2d55e\" data-element_type=\"widget\" data-e-type=\"widget\" data-widget_type=\"heading.default\">\n\t\t\t\t\t<h2 class=\"elementor-heading-title elementor-size-default\">Contacto<\/h2>\t\t\t\t<\/div>\n\t\t\t\t<div class=\"elementor-element elementor-element-f8d280d elementor-widget elementor-widget-text-editor\" data-id=\"f8d280d\" data-element_type=\"widget\" data-e-type=\"widget\" data-widget_type=\"text-editor.default\">\n\t\t\t\t\t\t\t\t\t<p>Lleva la precisi\u00f3n de tu mapeo hotelero al siguiente nivel.<\/p><p>Unifica y optimiza tu contenido hotelero con Unique Hotel para ofrecer una experiencia fluida y de alta calidad a tus compradores.<\/p>\t\t\t\t\t\t\t\t<\/div>\n\t\t\t\t<div class=\"elementor-element elementor-element-84fa4f6 elementor-icon-list--layout-traditional elementor-list-item-link-full_width elementor-widget elementor-widget-icon-list\" data-id=\"84fa4f6\" data-element_type=\"widget\" data-e-type=\"widget\" data-widget_type=\"icon-list.default\">\n\t\t\t\t\t\t\t<ul class=\"elementor-icon-list-items\">\n\t\t\t\t\t\t\t<li class=\"elementor-icon-list-item\">\n\t\t\t\t\t\t\t\t\t\t\t<span class=\"elementor-icon-list-icon\">\n\t\t\t\t\t\t\t<svg aria-hidden=\"true\" class=\"e-font-icon-svg e-fas-check\" viewBox=\"0 0 512 512\" xmlns=\"http:\/\/www.w3.org\/2000\/svg\"><path d=\"M173.898 439.404l-166.4-166.4c-9.997-9.997-9.997-26.206 0-36.204l36.203-36.204c9.997-9.998 26.207-9.998 36.204 0L192 312.69 432.095 72.596c9.997-9.997 26.207-9.997 36.204 0l36.203 36.204c9.997 9.997 9.997 26.206 0 36.204l-294.4 294.401c-9.998 9.997-26.207 9.997-36.204-.001z\"><\/path><\/svg>\t\t\t\t\t\t<\/span>\n\t\t\t\t\t\t\t\t\t\t<span class=\"elementor-icon-list-text\">Ll\u00e9valo a\u00fan m\u00e1s lejos con el Unique Hotel Add-on impulsado por Vervotech:<\/span>\n\t\t\t\t\t\t\t\t\t<\/li>\n\t\t\t\t\t\t<\/ul>\n\t\t\t\t\t\t<\/div>\n\t\t\t\t<div class=\"elementor-element elementor-element-d0e5ff3 elementor-widget elementor-widget-text-editor\" data-id=\"d0e5ff3\" data-element_type=\"widget\" data-e-type=\"widget\" data-widget_type=\"text-editor.default\">\n\t\t\t\t\t\t\t\t\t<p>Mejora tu configuraci\u00f3n con mapeo de contenidos impulsado por IA, desduplicaci\u00f3n y una identificaci\u00f3n de propiedades altamente precisa que garantiza un inventario siempre limpio, fiable y listo para la venta.<\/p>\t\t\t\t\t\t\t\t<\/div>\n\t\t<div class=\"elementor-element elementor-element-3967f75 e-con-full e-flex e-con e-child\" data-id=\"3967f75\" data-element_type=\"container\" data-e-type=\"container\">\n\t\t\t\t<div class=\"elementor-element elementor-element-53e52cd elementor-widget elementor-widget-image\" data-id=\"53e52cd\" data-element_type=\"widget\" data-e-type=\"widget\" data-widget_type=\"image.default\">\n\t\t\t\t\t\t\t\t\t\t\t\t\t\t\t<img fetchpriority=\"high\" decoding=\"async\" width=\"600\" height=\"330\" src=\"https:\/\/ejuniper.com\/wp-content\/uploads\/2025\/11\/JuniperUniqueHotel_Form.png\" class=\"attachment-full size-full wp-image-77099\" alt=\"What is Unique Hotel by Juniper Vervotech\" srcset=\"https:\/\/ejuniper.com\/wp-content\/uploads\/2025\/11\/JuniperUniqueHotel_Form.png 600w, https:\/\/ejuniper.com\/wp-content\/uploads\/2025\/11\/JuniperUniqueHotel_Form-300x165.png 300w\" sizes=\"(max-width: 600px) 100vw, 600px\" \/>\t\t\t\t\t\t\t\t\t\t\t\t\t\t\t<\/div>\n\t\t\t\t<\/div>\n\t\t\t\t<\/div>\n\t\t<div class=\"elementor-element elementor-element-11f7212 e-con-full blur e-flex e-con e-child\" data-id=\"11f7212\" data-element_type=\"container\" data-e-type=\"container\" data-settings=\"{&quot;background_background&quot;:&quot;classic&quot;}\">\n\t\t\t\t<div class=\"elementor-element elementor-element-8660c05 elementor-widget elementor-widget-heading\" data-id=\"8660c05\" data-element_type=\"widget\" data-e-type=\"widget\" data-widget_type=\"heading.default\">\n\t\t\t\t\t<h2 class=\"elementor-heading-title elementor-size-default\">NUESTRAS BUSINESS UNITS\n<\/h2>\t\t\t\t<\/div>\n\t\t<div class=\"elementor-element elementor-element-e21af4e e-con-full e-flex e-con e-child\" data-id=\"e21af4e\" data-element_type=\"container\" data-e-type=\"container\">\n\t\t\t\t<div class=\"elementor-element elementor-element-b75c75a elementor-widget elementor-widget-image\" data-id=\"b75c75a\" data-element_type=\"widget\" data-e-type=\"widget\" data-widget_type=\"image.default\">\n\t\t\t\t\t\t\t\t\t\t\t\t\t\t\t<img decoding=\"async\" width=\"800\" height=\"683\" src=\"https:\/\/ejuniper.com\/wp-content\/uploads\/2025\/10\/Dome-1.svg\" class=\"attachment-large size-large wp-image-75202\" alt=\"\" \/>\t\t\t\t\t\t\t\t\t\t\t\t\t\t\t<\/div>\n\t\t\t\t<div class=\"elementor-element elementor-element-2382f8e elementor-widget elementor-widget-image\" data-id=\"2382f8e\" data-element_type=\"widget\" data-e-type=\"widget\" data-widget_type=\"image.default\">\n\t\t\t\t\t\t\t\t\t\t\t\t\t\t\t<img decoding=\"async\" width=\"800\" height=\"683\" src=\"https:\/\/ejuniper.com\/wp-content\/uploads\/2025\/11\/Ist_CSI-1.svg\" class=\"attachment-large size-large wp-image-77231\" alt=\"\" \/>\t\t\t\t\t\t\t\t\t\t\t\t\t\t\t<\/div>\n\t\t\t\t<div class=\"elementor-element elementor-element-72dea59 elementor-widget elementor-widget-image\" data-id=\"72dea59\" data-element_type=\"widget\" data-e-type=\"widget\" data-widget_type=\"image.default\">\n\t\t\t\t\t\t\t\t\t\t\t\t\t\t\t<img loading=\"lazy\" decoding=\"async\" width=\"800\" height=\"683\" src=\"https:\/\/ejuniper.com\/wp-content\/uploads\/2025\/10\/Lleego-1-1.svg\" class=\"attachment-large size-large wp-image-75204\" alt=\"\" \/>\t\t\t\t\t\t\t\t\t\t\t\t\t\t\t<\/div>\n\t\t\t\t<div class=\"elementor-element elementor-element-f616404 elementor-widget elementor-widget-image\" data-id=\"f616404\" data-element_type=\"widget\" data-e-type=\"widget\" data-widget_type=\"image.default\">\n\t\t\t\t\t\t\t\t\t\t\t\t\t\t\t<img loading=\"lazy\" decoding=\"async\" width=\"800\" height=\"683\" src=\"https:\/\/ejuniper.com\/wp-content\/uploads\/2025\/11\/RezMagic.svg\" class=\"attachment-large size-large wp-image-77233\" alt=\"\" \/>\t\t\t\t\t\t\t\t\t\t\t\t\t\t\t<\/div>\n\t\t\t\t<div class=\"elementor-element elementor-element-c4c14c8 elementor-widget elementor-widget-image\" data-id=\"c4c14c8\" data-element_type=\"widget\" data-e-type=\"widget\" data-widget_type=\"image.default\">\n\t\t\t\t\t\t\t\t\t\t\t\t\t\t\t<img loading=\"lazy\" decoding=\"async\" width=\"800\" height=\"683\" src=\"https:\/\/ejuniper.com\/wp-content\/uploads\/2025\/10\/Vervotech-1.svg\" class=\"attachment-large size-large wp-image-75206\" alt=\"\" \/>\t\t\t\t\t\t\t\t\t\t\t\t\t\t\t<\/div>\n\t\t\t\t<\/div>\n\t\t\t\t<div class=\"elementor-element elementor-element-d01289c elementor-widget-divider--view-line elementor-widget elementor-widget-divider\" data-id=\"d01289c\" data-element_type=\"widget\" data-e-type=\"widget\" data-widget_type=\"divider.default\">\n\t\t\t\t\t\t\t<div class=\"elementor-divider\">\n\t\t\t<span class=\"elementor-divider-separator\">\n\t\t\t\t\t\t<\/span>\n\t\t<\/div>\n\t\t\t\t\t\t<\/div>\n\t\t\t\t<div class=\"elementor-element elementor-element-a4cc6f6 elementor-widget elementor-widget-heading\" data-id=\"a4cc6f6\" data-element_type=\"widget\" data-e-type=\"widget\" data-widget_type=\"heading.default\">\n\t\t\t\t\t<h2 class=\"elementor-heading-title elementor-size-default\">NUESTRAS DIVISIONES<\/h2>\t\t\t\t<\/div>\n\t\t<div class=\"elementor-element elementor-element-9e8ad5d e-con-full e-flex e-con e-child\" data-id=\"9e8ad5d\" data-element_type=\"container\" data-e-type=\"container\">\n\t\t\t\t<div class=\"elementor-element elementor-element-147a385 elementor-widget elementor-widget-image\" data-id=\"147a385\" data-element_type=\"widget\" data-e-type=\"widget\" data-widget_type=\"image.default\">\n\t\t\t\t\t\t\t\t\t\t\t\t\t\t\t<img loading=\"lazy\" decoding=\"async\" width=\"362\" height=\"107\" src=\"https:\/\/ejuniper.com\/wp-content\/uploads\/2025\/10\/juniper-airline-vacations-1.png\" class=\"attachment-full size-full wp-image-75208\" alt=\"\" srcset=\"https:\/\/ejuniper.com\/wp-content\/uploads\/2025\/10\/juniper-airline-vacations-1.png 362w, https:\/\/ejuniper.com\/wp-content\/uploads\/2025\/10\/juniper-airline-vacations-1-300x89.png 300w\" sizes=\"(max-width: 362px) 100vw, 362px\" \/>\t\t\t\t\t\t\t\t\t\t\t\t\t\t\t<\/div>\n\t\t\t\t<div class=\"elementor-element elementor-element-ab2ec44 elementor-widget elementor-widget-image\" data-id=\"ab2ec44\" data-element_type=\"widget\" data-e-type=\"widget\" data-widget_type=\"image.default\">\n\t\t\t\t\t\t\t\t\t\t\t\t\t\t\t<img loading=\"lazy\" decoding=\"async\" width=\"321\" height=\"115\" src=\"https:\/\/ejuniper.com\/wp-content\/uploads\/2025\/10\/juniper-cruises-by-ist-1.png\" class=\"attachment-large size-large wp-image-75210\" alt=\"\" srcset=\"https:\/\/ejuniper.com\/wp-content\/uploads\/2025\/10\/juniper-cruises-by-ist-1.png 321w, https:\/\/ejuniper.com\/wp-content\/uploads\/2025\/10\/juniper-cruises-by-ist-1-300x107.png 300w\" sizes=\"(max-width: 321px) 100vw, 321px\" \/>\t\t\t\t\t\t\t\t\t\t\t\t\t\t\t<\/div>\n\t\t\t\t<div class=\"elementor-element elementor-element-722faf9 elementor-widget elementor-widget-image\" data-id=\"722faf9\" data-element_type=\"widget\" data-e-type=\"widget\" data-widget_type=\"image.default\">\n\t\t\t\t\t\t\t\t\t\t\t\t\t\t\t<img loading=\"lazy\" decoding=\"async\" width=\"800\" height=\"683\" src=\"https:\/\/ejuniper.com\/wp-content\/uploads\/2025\/11\/DMCs-Juniper_Experiences_by_Nexus_logo_introduction-1.svg\" class=\"attachment-large size-large wp-image-77235\" alt=\"\" \/>\t\t\t\t\t\t\t\t\t\t\t\t\t\t\t<\/div>\n\t\t\t\t<div class=\"elementor-element elementor-element-7399435 elementor-widget elementor-widget-image\" data-id=\"7399435\" data-element_type=\"widget\" data-e-type=\"widget\" data-widget_type=\"image.default\">\n\t\t\t\t\t\t\t\t\t\t\t\t\t\t\t<img loading=\"lazy\" decoding=\"async\" width=\"292\" height=\"120\" src=\"https:\/\/ejuniper.com\/wp-content\/uploads\/2025\/10\/Juniper-Flights-by-Lleego-1.png\" class=\"attachment-large size-large wp-image-75214\" alt=\"\" \/>\t\t\t\t\t\t\t\t\t\t\t\t\t\t\t<\/div>\n\t\t\t\t<div class=\"elementor-element elementor-element-30fbce6 elementor-widget elementor-widget-image\" data-id=\"30fbce6\" data-element_type=\"widget\" data-e-type=\"widget\" data-widget_type=\"image.default\">\n\t\t\t\t\t\t\t\t\t\t\t\t\t\t\t<img loading=\"lazy\" decoding=\"async\" width=\"345\" height=\"59\" src=\"https:\/\/ejuniper.com\/wp-content\/uploads\/2025\/10\/Juniper-Vervotech-1.png\" class=\"attachment-large size-large wp-image-75216\" alt=\"\" srcset=\"https:\/\/ejuniper.com\/wp-content\/uploads\/2025\/10\/Juniper-Vervotech-1.png 345w, https:\/\/ejuniper.com\/wp-content\/uploads\/2025\/10\/Juniper-Vervotech-1-300x51.png 300w\" sizes=\"(max-width: 345px) 100vw, 345px\" \/>\t\t\t\t\t\t\t\t\t\t\t\t\t\t\t<\/div>\n\t\t\t\t<\/div>\n\t\t\t\t<\/div>\n\t\t\t\t<\/div>\n\t\t<div class=\"elementor-element elementor-element-480227e e-flex e-con-boxed e-con e-child\" data-id=\"480227e\" data-element_type=\"container\" data-e-type=\"container\" data-settings=\"{&quot;background_background&quot;:&quot;classic&quot;}\">\n\t\t\t\t\t<div class=\"e-con-inner\">\n\t\t\t\t<div class=\"elementor-element elementor-element-114e52b elementor-widget elementor-widget-shortcode\" data-id=\"114e52b\" data-element_type=\"widget\" data-e-type=\"widget\" data-widget_type=\"shortcode.default\">\n\t\t\t\t\t\t\t<div class=\"elementor-shortcode\">[formulario_pardot_unique_hotel_ES]<\/div>\n\t\t\t\t\t\t<\/div>\n\t\t\t\t\t<\/div>\n\t\t\t\t<\/div>\n\t\t\t\t\t<\/div>\n\t\t\t\t<\/div>\n\t\t\t\t<\/div>\n\t\t","protected":false},"excerpt":{"rendered":"<p>Contacto Lleva la precisi\u00f3n de tu mapeo hotelero al siguiente nivel. Unifica y optimiza tu contenido hotelero con Unique Hotel para ofrecer una experiencia fluida y de alta calidad a tus compradores. Ll\u00e9valo a\u00fan m\u00e1s lejos con el Unique Hotel Add-on impulsado por Vervotech: Mejora tu configuraci\u00f3n con mapeo de contenidos impulsado por IA, desduplicaci\u00f3n [&hellip;]<\/p>\n","protected":false},"author":49,"featured_media":0,"parent":67505,"menu_order":0,"comment_status":"closed","ping_status":"closed","template":"elementor_header_footer","meta":{"_acf_changed":false,"inline_featured_image":false,"footnotes":""},"class_list":["post-75549","page","type-page","status-publish","hentry"],"yoast_head":"<!-- This site is optimized with the Yoast SEO plugin v27.4 - https:\/\/yoast.com\/product\/yoast-seo-wordpress\/ -->\n<title>Contacto Juniper<\/title>\n<meta name=\"robots\" content=\"index, follow, max-snippet:-1, max-image-preview:large, max-video-preview:-1\" \/>\n<link rel=\"canonical\" href=\"https:\/\/ejuniper.com\/es\/products\/juniper-booking-engine\/modules\/unique-hotel\/contact\/\" \/>\n<meta property=\"og:locale\" content=\"es_ES\" \/>\n<meta property=\"og:type\" content=\"article\" \/>\n<meta property=\"og:title\" content=\"Contacto Juniper\" \/>\n<meta property=\"og:description\" content=\"Contacto Lleva la precisi\u00f3n de tu mapeo hotelero al siguiente nivel. Unifica y optimiza tu contenido hotelero con Unique Hotel para ofrecer una experiencia fluida y de alta calidad a tus compradores. Ll\u00e9valo a\u00fan m\u00e1s lejos con el Unique Hotel Add-on impulsado por Vervotech: Mejora tu configuraci\u00f3n con mapeo de contenidos impulsado por IA, desduplicaci\u00f3n [&hellip;]\" \/>\n<meta property=\"og:url\" content=\"https:\/\/ejuniper.com\/es\/products\/juniper-booking-engine\/modules\/unique-hotel\/contact\/\" \/>\n<meta property=\"og:site_name\" content=\"Juniper\" \/>\n<meta property=\"article:modified_time\" content=\"2025-12-24T13:54:04+00:00\" \/>\n<meta property=\"og:image\" content=\"https:\/\/ejuniper.com\/wp-content\/uploads\/2025\/11\/JuniperUniqueHotel_Form.png\" \/>\n\t<meta property=\"og:image:width\" content=\"600\" \/>\n\t<meta property=\"og:image:height\" content=\"330\" \/>\n\t<meta property=\"og:image:type\" content=\"image\/png\" \/>\n<meta name=\"twitter:card\" content=\"summary_large_image\" \/>\n<meta name=\"twitter:label1\" content=\"Tiempo de lectura\" \/>\n\t<meta name=\"twitter:data1\" content=\"1 minuto\" \/>\n<script type=\"application\/ld+json\" class=\"yoast-schema-graph\">{\"@context\":\"https:\\\/\\\/schema.org\",\"@graph\":[{\"@type\":\"WebPage\",\"@id\":\"https:\\\/\\\/ejuniper.com\\\/es\\\/products\\\/juniper-booking-engine\\\/modules\\\/unique-hotel\\\/contact\\\/\",\"url\":\"https:\\\/\\\/ejuniper.com\\\/es\\\/products\\\/juniper-booking-engine\\\/modules\\\/unique-hotel\\\/contact\\\/\",\"name\":\"Contacto Juniper\",\"isPartOf\":{\"@id\":\"https:\\\/\\\/ejuniper.com\\\/es\\\/#website\"},\"primaryImageOfPage\":{\"@id\":\"https:\\\/\\\/ejuniper.com\\\/es\\\/products\\\/juniper-booking-engine\\\/modules\\\/unique-hotel\\\/contact\\\/#primaryimage\"},\"image\":{\"@id\":\"https:\\\/\\\/ejuniper.com\\\/es\\\/products\\\/juniper-booking-engine\\\/modules\\\/unique-hotel\\\/contact\\\/#primaryimage\"},\"thumbnailUrl\":\"https:\\\/\\\/ejuniper.com\\\/wp-content\\\/uploads\\\/2025\\\/11\\\/JuniperUniqueHotel_Form.png\",\"datePublished\":\"2025-11-06T13:12:52+00:00\",\"dateModified\":\"2025-12-24T13:54:04+00:00\",\"breadcrumb\":{\"@id\":\"https:\\\/\\\/ejuniper.com\\\/es\\\/products\\\/juniper-booking-engine\\\/modules\\\/unique-hotel\\\/contact\\\/#breadcrumb\"},\"inLanguage\":\"es\",\"potentialAction\":[{\"@type\":\"ReadAction\",\"target\":[\"https:\\\/\\\/ejuniper.com\\\/es\\\/products\\\/juniper-booking-engine\\\/modules\\\/unique-hotel\\\/contact\\\/\"]}]},{\"@type\":\"ImageObject\",\"inLanguage\":\"es\",\"@id\":\"https:\\\/\\\/ejuniper.com\\\/es\\\/products\\\/juniper-booking-engine\\\/modules\\\/unique-hotel\\\/contact\\\/#primaryimage\",\"url\":\"https:\\\/\\\/ejuniper.com\\\/wp-content\\\/uploads\\\/2025\\\/11\\\/JuniperUniqueHotel_Form.png\",\"contentUrl\":\"https:\\\/\\\/ejuniper.com\\\/wp-content\\\/uploads\\\/2025\\\/11\\\/JuniperUniqueHotel_Form.png\"},{\"@type\":\"BreadcrumbList\",\"@id\":\"https:\\\/\\\/ejuniper.com\\\/es\\\/products\\\/juniper-booking-engine\\\/modules\\\/unique-hotel\\\/contact\\\/#breadcrumb\",\"itemListElement\":[{\"@type\":\"ListItem\",\"position\":1,\"name\":\"Inicio\",\"item\":\"https:\\\/\\\/ejuniper.com\\\/es\\\/\"},{\"@type\":\"ListItem\",\"position\":2,\"name\":\"Productos\",\"item\":\"https:\\\/\\\/ejuniper.com\\\/es\\\/products\\\/\"},{\"@type\":\"ListItem\",\"position\":3,\"name\":\"Juniper Booking Engine\",\"item\":\"https:\\\/\\\/ejuniper.com\\\/es\\\/products\\\/juniper-booking-engine\\\/\"},{\"@type\":\"ListItem\",\"position\":4,\"name\":\"M\u00f3dulos\",\"item\":\"https:\\\/\\\/ejuniper.com\\\/es\\\/products\\\/juniper-booking-engine\\\/modules\\\/\"},{\"@type\":\"ListItem\",\"position\":5,\"name\":\"Unique Hotel\",\"item\":\"https:\\\/\\\/ejuniper.com\\\/es\\\/products\\\/juniper-booking-engine\\\/modules\\\/unique-hotel\\\/\"},{\"@type\":\"ListItem\",\"position\":6,\"name\":\"Contacto\"}]},{\"@type\":\"WebSite\",\"@id\":\"https:\\\/\\\/ejuniper.com\\\/es\\\/#website\",\"url\":\"https:\\\/\\\/ejuniper.com\\\/es\\\/\",\"name\":\"https:\\\/\\\/ejuniper.com\\\/\",\"description\":\"Redefining Travel with Innovative Technology\",\"publisher\":{\"@id\":\"https:\\\/\\\/ejuniper.com\\\/es\\\/#organization\"},\"potentialAction\":[{\"@type\":\"SearchAction\",\"target\":{\"@type\":\"EntryPoint\",\"urlTemplate\":\"https:\\\/\\\/ejuniper.com\\\/es\\\/?s={search_term_string}\"},\"query-input\":{\"@type\":\"PropertyValueSpecification\",\"valueRequired\":true,\"valueName\":\"search_term_string\"}}],\"inLanguage\":\"es\"},{\"@type\":\"Organization\",\"@id\":\"https:\\\/\\\/ejuniper.com\\\/es\\\/#organization\",\"name\":\"Juniper Travel Technology\",\"url\":\"https:\\\/\\\/ejuniper.com\\\/es\\\/\",\"logo\":{\"@type\":\"ImageObject\",\"inLanguage\":\"es\",\"@id\":\"https:\\\/\\\/ejuniper.com\\\/es\\\/#\\\/schema\\\/logo\\\/image\\\/\",\"url\":\"https:\\\/\\\/ejuniper.com\\\/wp-content\\\/uploads\\\/2024\\\/11\\\/juniper-2-1.svg\",\"contentUrl\":\"https:\\\/\\\/ejuniper.com\\\/wp-content\\\/uploads\\\/2024\\\/11\\\/juniper-2-1.svg\",\"width\":48,\"height\":48,\"caption\":\"Juniper Travel Technology\"},\"image\":{\"@id\":\"https:\\\/\\\/ejuniper.com\\\/es\\\/#\\\/schema\\\/logo\\\/image\\\/\"},\"sameAs\":[\"https:\\\/\\\/www.linkedin.com\\\/company\\\/juniper\\\/\"]}]}<\/script>\n<!-- \/ Yoast SEO plugin. -->","yoast_head_json":{"title":"Contacto Juniper","robots":{"index":"index","follow":"follow","max-snippet":"max-snippet:-1","max-image-preview":"max-image-preview:large","max-video-preview":"max-video-preview:-1"},"canonical":"https:\/\/ejuniper.com\/es\/products\/juniper-booking-engine\/modules\/unique-hotel\/contact\/","og_locale":"es_ES","og_type":"article","og_title":"Contacto Juniper","og_description":"Contacto Lleva la precisi\u00f3n de tu mapeo hotelero al siguiente nivel. Unifica y optimiza tu contenido hotelero con Unique Hotel para ofrecer una experiencia fluida y de alta calidad a tus compradores. Ll\u00e9valo a\u00fan m\u00e1s lejos con el Unique Hotel Add-on impulsado por Vervotech: Mejora tu configuraci\u00f3n con mapeo de contenidos impulsado por IA, desduplicaci\u00f3n [&hellip;]","og_url":"https:\/\/ejuniper.com\/es\/products\/juniper-booking-engine\/modules\/unique-hotel\/contact\/","og_site_name":"Juniper","article_modified_time":"2025-12-24T13:54:04+00:00","og_image":[{"width":600,"height":330,"url":"https:\/\/ejuniper.com\/wp-content\/uploads\/2025\/11\/JuniperUniqueHotel_Form.png","type":"image\/png"}],"twitter_card":"summary_large_image","twitter_misc":{"Tiempo de lectura":"1 minuto"},"schema":{"@context":"https:\/\/schema.org","@graph":[{"@type":"WebPage","@id":"https:\/\/ejuniper.com\/es\/products\/juniper-booking-engine\/modules\/unique-hotel\/contact\/","url":"https:\/\/ejuniper.com\/es\/products\/juniper-booking-engine\/modules\/unique-hotel\/contact\/","name":"Contacto Juniper","isPartOf":{"@id":"https:\/\/ejuniper.com\/es\/#website"},"primaryImageOfPage":{"@id":"https:\/\/ejuniper.com\/es\/products\/juniper-booking-engine\/modules\/unique-hotel\/contact\/#primaryimage"},"image":{"@id":"https:\/\/ejuniper.com\/es\/products\/juniper-booking-engine\/modules\/unique-hotel\/contact\/#primaryimage"},"thumbnailUrl":"https:\/\/ejuniper.com\/wp-content\/uploads\/2025\/11\/JuniperUniqueHotel_Form.png","datePublished":"2025-11-06T13:12:52+00:00","dateModified":"2025-12-24T13:54:04+00:00","breadcrumb":{"@id":"https:\/\/ejuniper.com\/es\/products\/juniper-booking-engine\/modules\/unique-hotel\/contact\/#breadcrumb"},"inLanguage":"es","potentialAction":[{"@type":"ReadAction","target":["https:\/\/ejuniper.com\/es\/products\/juniper-booking-engine\/modules\/unique-hotel\/contact\/"]}]},{"@type":"ImageObject","inLanguage":"es","@id":"https:\/\/ejuniper.com\/es\/products\/juniper-booking-engine\/modules\/unique-hotel\/contact\/#primaryimage","url":"https:\/\/ejuniper.com\/wp-content\/uploads\/2025\/11\/JuniperUniqueHotel_Form.png","contentUrl":"https:\/\/ejuniper.com\/wp-content\/uploads\/2025\/11\/JuniperUniqueHotel_Form.png"},{"@type":"BreadcrumbList","@id":"https:\/\/ejuniper.com\/es\/products\/juniper-booking-engine\/modules\/unique-hotel\/contact\/#breadcrumb","itemListElement":[{"@type":"ListItem","position":1,"name":"Inicio","item":"https:\/\/ejuniper.com\/es\/"},{"@type":"ListItem","position":2,"name":"Productos","item":"https:\/\/ejuniper.com\/es\/products\/"},{"@type":"ListItem","position":3,"name":"Juniper Booking Engine","item":"https:\/\/ejuniper.com\/es\/products\/juniper-booking-engine\/"},{"@type":"ListItem","position":4,"name":"M\u00f3dulos","item":"https:\/\/ejuniper.com\/es\/products\/juniper-booking-engine\/modules\/"},{"@type":"ListItem","position":5,"name":"Unique Hotel","item":"https:\/\/ejuniper.com\/es\/products\/juniper-booking-engine\/modules\/unique-hotel\/"},{"@type":"ListItem","position":6,"name":"Contacto"}]},{"@type":"WebSite","@id":"https:\/\/ejuniper.com\/es\/#website","url":"https:\/\/ejuniper.com\/es\/","name":"https:\/\/ejuniper.com\/","description":"Redefining Travel with Innovative Technology","publisher":{"@id":"https:\/\/ejuniper.com\/es\/#organization"},"potentialAction":[{"@type":"SearchAction","target":{"@type":"EntryPoint","urlTemplate":"https:\/\/ejuniper.com\/es\/?s={search_term_string}"},"query-input":{"@type":"PropertyValueSpecification","valueRequired":true,"valueName":"search_term_string"}}],"inLanguage":"es"},{"@type":"Organization","@id":"https:\/\/ejuniper.com\/es\/#organization","name":"Juniper Travel Technology","url":"https:\/\/ejuniper.com\/es\/","logo":{"@type":"ImageObject","inLanguage":"es","@id":"https:\/\/ejuniper.com\/es\/#\/schema\/logo\/image\/","url":"https:\/\/ejuniper.com\/wp-content\/uploads\/2024\/11\/juniper-2-1.svg","contentUrl":"https:\/\/ejuniper.com\/wp-content\/uploads\/2024\/11\/juniper-2-1.svg","width":48,"height":48,"caption":"Juniper Travel Technology"},"image":{"@id":"https:\/\/ejuniper.com\/es\/#\/schema\/logo\/image\/"},"sameAs":["https:\/\/www.linkedin.com\/company\/juniper\/"]}]}},"acf":[],"_links":{"self":[{"href":"https:\/\/ejuniper.com\/es\/wp-json\/wp\/v2\/pages\/75549","targetHints":{"allow":["GET"]}}],"collection":[{"href":"https:\/\/ejuniper.com\/es\/wp-json\/wp\/v2\/pages"}],"about":[{"href":"https:\/\/ejuniper.com\/es\/wp-json\/wp\/v2\/types\/page"}],"author":[{"embeddable":true,"href":"https:\/\/ejuniper.com\/es\/wp-json\/wp\/v2\/users\/49"}],"replies":[{"embeddable":true,"href":"https:\/\/ejuniper.com\/es\/wp-json\/wp\/v2\/comments?post=75549"}],"version-history":[{"count":29,"href":"https:\/\/ejuniper.com\/es\/wp-json\/wp\/v2\/pages\/75549\/revisions"}],"predecessor-version":[{"id":81759,"href":"https:\/\/ejuniper.com\/es\/wp-json\/wp\/v2\/pages\/75549\/revisions\/81759"}],"up":[{"embeddable":true,"href":"https:\/\/ejuniper.com\/es\/wp-json\/wp\/v2\/pages\/67505"}],"wp:attachment":[{"href":"https:\/\/ejuniper.com\/es\/wp-json\/wp\/v2\/media?parent=75549"}],"curies":[{"name":"wp","href":"https:\/\/api.w.org\/{rel}","templated":true}]}}