{"id":65795,"date":"2025-08-14T11:35:55","date_gmt":"2025-08-14T09:35:55","guid":{"rendered":"https:\/\/ejuniper.com\/products\/juniper-booking-engine\/car-hire\/"},"modified":"2026-02-27T13:04:50","modified_gmt":"2026-02-27T12:04:50","slug":"car-hire","status":"publish","type":"page","link":"https:\/\/ejuniper.com\/es\/products\/juniper-booking-engine\/modules\/car-hire\/","title":{"rendered":"Car Hire"},"content":{"rendered":"\t\t<div data-elementor-type=\"wp-page\" data-elementor-id=\"65795\" class=\"elementor elementor-65795 elementor-65783\" data-elementor-post-type=\"page\">\n\t\t\t\t<div class=\"elementor-element elementor-element-2a74c47 e-con-full e-flex e-con e-parent\" data-id=\"2a74c47\" data-element_type=\"container\" data-e-type=\"container\" data-settings=\"{&quot;background_background&quot;:&quot;classic&quot;}\">\n\t\t<div class=\"elementor-element elementor-element-62ad6b8 e-flex e-con-boxed e-con e-child\" data-id=\"62ad6b8\" data-element_type=\"container\" data-e-type=\"container\">\n\t\t\t\t\t<div class=\"e-con-inner\">\n\t\t<div class=\"elementor-element elementor-element-b0a57df e-con-full e-flex e-con e-child\" data-id=\"b0a57df\" data-element_type=\"container\" data-e-type=\"container\">\n\t\t\t\t<div class=\"elementor-element elementor-element-6a79d37 elementor-widget__width-initial elementor-widget elementor-widget-image\" data-id=\"6a79d37\" data-element_type=\"widget\" data-e-type=\"widget\" data-widget_type=\"image.default\">\n\t\t\t\t\t\t\t\t\t\t\t\t\t\t\t<img fetchpriority=\"high\" decoding=\"async\" width=\"800\" height=\"683\" src=\"https:\/\/ejuniper.com\/wp-content\/uploads\/2025\/10\/Juniper_BookingEngine_White_red-1.svg\" class=\"attachment-large size-large wp-image-73950\" alt=\"\" \/>\t\t\t\t\t\t\t\t\t\t\t\t\t\t\t<\/div>\n\t\t\t\t<\/div>\n\t\t<div class=\"elementor-element elementor-element-a67b5ef e-con-full e-flex e-con e-child\" data-id=\"a67b5ef\" data-element_type=\"container\" data-e-type=\"container\">\n\t\t<div class=\"elementor-element elementor-element-4ef9990 e-con-full e-flex e-con e-child\" data-id=\"4ef9990\" data-element_type=\"container\" data-e-type=\"container\" data-settings=\"{&quot;background_background&quot;:&quot;classic&quot;}\">\n\t\t\t\t<div class=\"elementor-element elementor-element-b0b2c4b label-icon elementor-widget elementor-widget-html\" data-id=\"b0b2c4b\" data-element_type=\"widget\" data-e-type=\"widget\" data-widget_type=\"html.default\">\n\t\t\t\t\t<span class=\"material-symbols-outlined\" style=\"font-size: 40px; color: #EE0700;\">directions_car<\/span>\t\t\t\t<\/div>\n\t\t\t\t<\/div>\n\t\t\t\t<div class=\"elementor-element elementor-element-b363d09 elementor-widget elementor-widget-heading\" data-id=\"b363d09\" data-element_type=\"widget\" data-e-type=\"widget\" data-widget_type=\"heading.default\">\n\t\t\t\t\t<h1 class=\"elementor-heading-title elementor-size-default\">Car Hire<\/h1>\t\t\t\t<\/div>\n\t\t\t\t<\/div>\n\t\t\t\t<div class=\"elementor-element elementor-element-ad06d15 elementor-widget__width-initial elementor-widget elementor-widget-heading\" data-id=\"ad06d15\" data-element_type=\"widget\" data-e-type=\"widget\" data-widget_type=\"heading.default\">\n\t\t\t\t\t<h2 class=\"elementor-heading-title elementor-size-default\">Aumenta el alquiler de coches propios o de terceros<\/h2>\t\t\t\t<\/div>\n\t\t\t\t<div class=\"elementor-element elementor-element-e96e15e elementor-widget__width-initial elementor-widget elementor-widget-heading\" data-id=\"e96e15e\" data-element_type=\"widget\" data-e-type=\"widget\" data-widget_type=\"heading.default\">\n\t\t\t\t\t<p class=\"elementor-heading-title elementor-size-default\">Comercializa este producto integrando arrendadoras mediante conexiones XML o cargando los contratos previamente acordados con tus proveedores.<\/p>\t\t\t\t<\/div>\n\t\t<div class=\"elementor-element elementor-element-379c94e e-con-full e-flex e-con e-child\" data-id=\"379c94e\" data-element_type=\"container\" data-e-type=\"container\">\n\t\t\t\t<div class=\"elementor-element elementor-element-b6c98ad elementor-widget elementor-widget-button\" data-id=\"b6c98ad\" data-element_type=\"widget\" data-e-type=\"widget\" data-widget_type=\"button.default\">\n\t\t\t\t\t\t\t\t\t\t<a class=\"elementor-button elementor-button-link elementor-size-sm\" href=\"https:\/\/ejuniper.com\/es\/contact\/\">\n\t\t\t\t\t\t<span class=\"elementor-button-content-wrapper\">\n\t\t\t\t\t\t\t\t\t<span class=\"elementor-button-text\">Cont\u00e1ctanos<\/span>\n\t\t\t\t\t<\/span>\n\t\t\t\t\t<\/a>\n\t\t\t\t\t\t\t\t<\/div>\n\t\t\t\t<\/div>\n\t\t\t\t\t<\/div>\n\t\t\t\t<\/div>\n\t\t\t\t<\/div>\n\t\t<div class=\"elementor-element elementor-element-7cb436e e-flex e-con-boxed e-con e-parent\" data-id=\"7cb436e\" data-element_type=\"container\" data-e-type=\"container\">\n\t\t\t\t\t<div class=\"e-con-inner\">\n\t\t\t\t<div class=\"elementor-element elementor-element-97d95e5 elementor-widget__width-initial elementor-widget elementor-widget-heading\" data-id=\"97d95e5\" data-element_type=\"widget\" data-e-type=\"widget\" data-widget_type=\"heading.default\">\n\t\t\t\t\t<h2 class=\"elementor-heading-title elementor-size-default\">\u00bfQu\u00e9 es el <b>m\u00f3dulo Car Hire?<\/b><\/h2>\t\t\t\t<\/div>\n\t\t\t\t<div class=\"elementor-element elementor-element-9fecd0e elementor-widget__width-initial elementor-widget elementor-widget-text-editor\" data-id=\"9fecd0e\" data-element_type=\"widget\" data-e-type=\"widget\" data-widget_type=\"text-editor.default\">\n\t\t\t\t\t\t\t\t\t<p>Con este m\u00f3dulo podr\u00e1s ofrecer alquiler de coches como parte de un paquete din\u00e1mico, en un itinerario o por s\u00ed solo.<\/p>\t\t\t\t\t\t\t\t<\/div>\n\t\t\t\t\t<\/div>\n\t\t\t\t<\/div>\n\t\t<div class=\"elementor-element elementor-element-8012e70 ancla-100 e-flex e-con-boxed e-con e-parent\" data-id=\"8012e70\" data-element_type=\"container\" data-e-type=\"container\">\n\t\t\t\t\t<div class=\"e-con-inner\">\n\t\t<div class=\"elementor-element elementor-element-1564e83 e-con-full e-flex e-con e-child\" data-id=\"1564e83\" data-element_type=\"container\" data-e-type=\"container\" data-settings=\"{&quot;background_background&quot;:&quot;classic&quot;}\">\n\t\t<div class=\"elementor-element elementor-element-7b7d99d e-con-full e-flex e-con e-child\" data-id=\"7b7d99d\" data-element_type=\"container\" data-e-type=\"container\">\n\t\t\t\t<div class=\"elementor-element elementor-element-e91b410 elementor-widget elementor-widget-heading\" data-id=\"e91b410\" data-element_type=\"widget\" data-e-type=\"widget\" data-widget_type=\"heading.default\">\n\t\t\t\t\t<h2 class=\"elementor-heading-title elementor-size-default\">\u00bfQu\u00e9 ventajas ofrece este m\u00f3dulo<b> a tu negocio?<\/b><\/h2>\t\t\t\t<\/div>\n\t\t\t\t<div class=\"elementor-element elementor-element-d8f2949 elementor-widget elementor-widget-text-editor\" data-id=\"d8f2949\" data-element_type=\"widget\" data-e-type=\"widget\" data-widget_type=\"text-editor.default\">\n\t\t\t\t\t\t\t\t\t<p><strong>Este m\u00f3dulo te permitir\u00e1:\u00a0<\/strong><\/p>\t\t\t\t\t\t\t\t<\/div>\n\t\t\t\t<div class=\"elementor-element elementor-element-b0b44b0 elementor-align-start elementor-icon-list--layout-traditional elementor-list-item-link-full_width elementor-widget elementor-widget-icon-list\" data-id=\"b0b44b0\" data-element_type=\"widget\" data-e-type=\"widget\" data-widget_type=\"icon-list.default\">\n\t\t\t\t\t\t\t<ul class=\"elementor-icon-list-items\">\n\t\t\t\t\t\t\t<li class=\"elementor-icon-list-item\">\n\t\t\t\t\t\t\t\t\t\t\t<span class=\"elementor-icon-list-icon\">\n\t\t\t\t\t\t\t<svg aria-hidden=\"true\" class=\"e-font-icon-svg e-fas-circle\" viewBox=\"0 0 512 512\" xmlns=\"http:\/\/www.w3.org\/2000\/svg\"><path d=\"M256 8C119 8 8 119 8 256s111 248 248 248 248-111 248-248S393 8 256 8z\"><\/path><\/svg>\t\t\t\t\t\t<\/span>\n\t\t\t\t\t\t\t\t\t\t<span class=\"elementor-icon-list-text\">Mantenimiento de tarifas<\/span>\n\t\t\t\t\t\t\t\t\t<\/li>\n\t\t\t\t\t\t\t\t<li class=\"elementor-icon-list-item\">\n\t\t\t\t\t\t\t\t\t\t\t<span class=\"elementor-icon-list-icon\">\n\t\t\t\t\t\t\t<svg aria-hidden=\"true\" class=\"e-font-icon-svg e-fas-circle\" viewBox=\"0 0 512 512\" xmlns=\"http:\/\/www.w3.org\/2000\/svg\"><path d=\"M256 8C119 8 8 119 8 256s111 248 248 248 248-111 248-248S393 8 256 8z\"><\/path><\/svg>\t\t\t\t\t\t<\/span>\n\t\t\t\t\t\t\t\t\t\t<span class=\"elementor-icon-list-text\">Venta libre o venta bajo petici\u00f3n<\/span>\n\t\t\t\t\t\t\t\t\t<\/li>\n\t\t\t\t\t\t\t\t<li class=\"elementor-icon-list-item\">\n\t\t\t\t\t\t\t\t\t\t\t<span class=\"elementor-icon-list-icon\">\n\t\t\t\t\t\t\t<svg aria-hidden=\"true\" class=\"e-font-icon-svg e-fas-circle\" viewBox=\"0 0 512 512\" xmlns=\"http:\/\/www.w3.org\/2000\/svg\"><path d=\"M256 8C119 8 8 119 8 256s111 248 248 248 248-111 248-248S393 8 256 8z\"><\/path><\/svg>\t\t\t\t\t\t<\/span>\n\t\t\t\t\t\t\t\t\t\t<span class=\"elementor-icon-list-text\">Insertar informaci\u00f3n de los coches, modelos, precios, ofertas, pol\u00edticas de cancelaci\u00f3n, etc<\/span>\n\t\t\t\t\t\t\t\t\t<\/li>\n\t\t\t\t\t\t\t\t<li class=\"elementor-icon-list-item\">\n\t\t\t\t\t\t\t\t\t\t\t<span class=\"elementor-icon-list-icon\">\n\t\t\t\t\t\t\t<svg aria-hidden=\"true\" class=\"e-font-icon-svg e-fas-circle\" viewBox=\"0 0 512 512\" xmlns=\"http:\/\/www.w3.org\/2000\/svg\"><path d=\"M256 8C119 8 8 119 8 256s111 248 248 248 248-111 248-248S393 8 256 8z\"><\/path><\/svg>\t\t\t\t\t\t<\/span>\n\t\t\t\t\t\t\t\t\t\t<span class=\"elementor-icon-list-text\">Servicios incluidos dentro del precio y suplementos que puede a\u00f1adir el usuario a su elecci\u00f3n<\/span>\n\t\t\t\t\t\t\t\t\t<\/li>\n\t\t\t\t\t\t\t\t<li class=\"elementor-icon-list-item\">\n\t\t\t\t\t\t\t\t\t\t\t<span class=\"elementor-icon-list-icon\">\n\t\t\t\t\t\t\t<svg aria-hidden=\"true\" class=\"e-font-icon-svg e-fas-circle\" viewBox=\"0 0 512 512\" xmlns=\"http:\/\/www.w3.org\/2000\/svg\"><path d=\"M256 8C119 8 8 119 8 256s111 248 248 248 248-111 248-248S393 8 256 8z\"><\/path><\/svg>\t\t\t\t\t\t<\/span>\n\t\t\t\t\t\t\t\t\t\t<span class=\"elementor-icon-list-text\">Integraci\u00f3n xml con proveedores externos respetando tarifas negociadas<\/span>\n\t\t\t\t\t\t\t\t\t<\/li>\n\t\t\t\t\t\t<\/ul>\n\t\t\t\t\t\t<\/div>\n\t\t<div class=\"elementor-element elementor-element-87cfc7d e-con-full e-flex e-con e-child\" data-id=\"87cfc7d\" data-element_type=\"container\" data-e-type=\"container\">\n\t\t\t\t<div class=\"elementor-element elementor-element-d628d5c elementor-widget elementor-widget-button\" data-id=\"d628d5c\" data-element_type=\"widget\" data-e-type=\"widget\" data-widget_type=\"button.default\">\n\t\t\t\t\t\t\t\t\t\t<a class=\"elementor-button elementor-button-link elementor-size-sm\" href=\"https:\/\/ejuniper.com\/es\/contact\/\">\n\t\t\t\t\t\t<span class=\"elementor-button-content-wrapper\">\n\t\t\t\t\t\t\t\t\t<span class=\"elementor-button-text\">Activar ahora<\/span>\n\t\t\t\t\t<\/span>\n\t\t\t\t\t<\/a>\n\t\t\t\t\t\t\t\t<\/div>\n\t\t\t\t<\/div>\n\t\t\t\t<\/div>\n\t\t\t\t<\/div>\n\t\t\t\t\t<\/div>\n\t\t\t\t<\/div>\n\t\t\t\t<\/div>\n\t\t","protected":false},"excerpt":{"rendered":"<p>directions_car Car Hire Aumenta el alquiler de coches propios o de terceros Comercializa este producto integrando arrendadoras mediante conexiones XML o cargando los contratos previamente acordados con tus proveedores. Cont\u00e1ctanos \u00bfQu\u00e9 es el m\u00f3dulo Car Hire? Con este m\u00f3dulo podr\u00e1s ofrecer alquiler de coches como parte de un paquete din\u00e1mico, en un itinerario o por [&hellip;]<\/p>\n","protected":false},"author":46,"featured_media":48209,"parent":66439,"menu_order":0,"comment_status":"closed","ping_status":"closed","template":"elementor_header_footer","meta":{"_acf_changed":false,"inline_featured_image":false,"footnotes":""},"class_list":["post-65795","page","type-page","status-publish","has-post-thumbnail","hentry"],"yoast_head":"<!-- This site is optimized with the Yoast SEO plugin v27.3 - https:\/\/yoast.com\/product\/yoast-seo-wordpress\/ -->\n<title>Car Hire<\/title>\n<meta name=\"robots\" content=\"index, follow, max-snippet:-1, max-image-preview:large, max-video-preview:-1\" \/>\n<link rel=\"canonical\" href=\"https:\/\/ejuniper.com\/es\/products\/juniper-booking-engine\/modules\/car-hire\/\" \/>\n<meta property=\"og:locale\" content=\"es_ES\" \/>\n<meta property=\"og:type\" content=\"article\" \/>\n<meta property=\"og:title\" content=\"Car Hire\" \/>\n<meta property=\"og:description\" content=\"directions_car Car Hire Aumenta el alquiler de coches propios o de terceros Comercializa este producto integrando arrendadoras mediante conexiones XML o cargando los contratos previamente acordados con tus proveedores. Cont\u00e1ctanos \u00bfQu\u00e9 es el m\u00f3dulo Car Hire? Con este m\u00f3dulo podr\u00e1s ofrecer alquiler de coches como parte de un paquete din\u00e1mico, en un itinerario o por [&hellip;]\" \/>\n<meta property=\"og:url\" content=\"https:\/\/ejuniper.com\/es\/products\/juniper-booking-engine\/modules\/car-hire\/\" \/>\n<meta property=\"og:site_name\" content=\"Juniper\" \/>\n<meta property=\"article:modified_time\" content=\"2026-02-27T12:04:50+00:00\" \/>\n<meta name=\"twitter:card\" content=\"summary_large_image\" \/>\n<meta name=\"twitter:label1\" content=\"Tiempo de lectura\" \/>\n\t<meta name=\"twitter:data1\" content=\"1 minuto\" \/>\n<script type=\"application\/ld+json\" class=\"yoast-schema-graph\">{\"@context\":\"https:\\\/\\\/schema.org\",\"@graph\":[{\"@type\":\"WebPage\",\"@id\":\"https:\\\/\\\/ejuniper.com\\\/es\\\/products\\\/juniper-booking-engine\\\/modules\\\/car-hire\\\/\",\"url\":\"https:\\\/\\\/ejuniper.com\\\/es\\\/products\\\/juniper-booking-engine\\\/modules\\\/car-hire\\\/\",\"name\":\"Car Hire\",\"isPartOf\":{\"@id\":\"https:\\\/\\\/ejuniper.com\\\/es\\\/#website\"},\"primaryImageOfPage\":{\"@id\":\"https:\\\/\\\/ejuniper.com\\\/es\\\/products\\\/juniper-booking-engine\\\/modules\\\/car-hire\\\/#primaryimage\"},\"image\":{\"@id\":\"https:\\\/\\\/ejuniper.com\\\/es\\\/products\\\/juniper-booking-engine\\\/modules\\\/car-hire\\\/#primaryimage\"},\"thumbnailUrl\":\"https:\\\/\\\/ejuniper.com\\\/wp-content\\\/uploads\\\/2024\\\/08\\\/juniper_traveltech_tecla-1.svg\",\"datePublished\":\"2025-08-14T09:35:55+00:00\",\"dateModified\":\"2026-02-27T12:04:50+00:00\",\"breadcrumb\":{\"@id\":\"https:\\\/\\\/ejuniper.com\\\/es\\\/products\\\/juniper-booking-engine\\\/modules\\\/car-hire\\\/#breadcrumb\"},\"inLanguage\":\"es\",\"potentialAction\":[{\"@type\":\"ReadAction\",\"target\":[\"https:\\\/\\\/ejuniper.com\\\/es\\\/products\\\/juniper-booking-engine\\\/modules\\\/car-hire\\\/\"]}]},{\"@type\":\"ImageObject\",\"inLanguage\":\"es\",\"@id\":\"https:\\\/\\\/ejuniper.com\\\/es\\\/products\\\/juniper-booking-engine\\\/modules\\\/car-hire\\\/#primaryimage\",\"url\":\"https:\\\/\\\/ejuniper.com\\\/wp-content\\\/uploads\\\/2024\\\/08\\\/juniper_traveltech_tecla-1.svg\",\"contentUrl\":\"https:\\\/\\\/ejuniper.com\\\/wp-content\\\/uploads\\\/2024\\\/08\\\/juniper_traveltech_tecla-1.svg\",\"width\":561,\"height\":504,\"caption\":\"Juniper_Supplier_Programs\"},{\"@type\":\"BreadcrumbList\",\"@id\":\"https:\\\/\\\/ejuniper.com\\\/es\\\/products\\\/juniper-booking-engine\\\/modules\\\/car-hire\\\/#breadcrumb\",\"itemListElement\":[{\"@type\":\"ListItem\",\"position\":1,\"name\":\"Inicio\",\"item\":\"https:\\\/\\\/ejuniper.com\\\/es\\\/\"},{\"@type\":\"ListItem\",\"position\":2,\"name\":\"Productos\",\"item\":\"https:\\\/\\\/ejuniper.com\\\/es\\\/products\\\/\"},{\"@type\":\"ListItem\",\"position\":3,\"name\":\"Juniper Booking Engine\",\"item\":\"https:\\\/\\\/ejuniper.com\\\/es\\\/products\\\/juniper-booking-engine\\\/\"},{\"@type\":\"ListItem\",\"position\":4,\"name\":\"M\u00f3dulos\",\"item\":\"https:\\\/\\\/ejuniper.com\\\/es\\\/products\\\/juniper-booking-engine\\\/modules\\\/\"},{\"@type\":\"ListItem\",\"position\":5,\"name\":\"Car Hire\"}]},{\"@type\":\"WebSite\",\"@id\":\"https:\\\/\\\/ejuniper.com\\\/es\\\/#website\",\"url\":\"https:\\\/\\\/ejuniper.com\\\/es\\\/\",\"name\":\"https:\\\/\\\/ejuniper.com\\\/\",\"description\":\"Redefining Travel with Innovative Technology\",\"publisher\":{\"@id\":\"https:\\\/\\\/ejuniper.com\\\/es\\\/#organization\"},\"potentialAction\":[{\"@type\":\"SearchAction\",\"target\":{\"@type\":\"EntryPoint\",\"urlTemplate\":\"https:\\\/\\\/ejuniper.com\\\/es\\\/?s={search_term_string}\"},\"query-input\":{\"@type\":\"PropertyValueSpecification\",\"valueRequired\":true,\"valueName\":\"search_term_string\"}}],\"inLanguage\":\"es\"},{\"@type\":\"Organization\",\"@id\":\"https:\\\/\\\/ejuniper.com\\\/es\\\/#organization\",\"name\":\"Juniper Travel Technology\",\"url\":\"https:\\\/\\\/ejuniper.com\\\/es\\\/\",\"logo\":{\"@type\":\"ImageObject\",\"inLanguage\":\"es\",\"@id\":\"https:\\\/\\\/ejuniper.com\\\/es\\\/#\\\/schema\\\/logo\\\/image\\\/\",\"url\":\"https:\\\/\\\/ejuniper.com\\\/wp-content\\\/uploads\\\/2024\\\/11\\\/juniper-2-1.svg\",\"contentUrl\":\"https:\\\/\\\/ejuniper.com\\\/wp-content\\\/uploads\\\/2024\\\/11\\\/juniper-2-1.svg\",\"width\":48,\"height\":48,\"caption\":\"Juniper Travel Technology\"},\"image\":{\"@id\":\"https:\\\/\\\/ejuniper.com\\\/es\\\/#\\\/schema\\\/logo\\\/image\\\/\"},\"sameAs\":[\"https:\\\/\\\/www.linkedin.com\\\/company\\\/juniper\\\/\"]}]}<\/script>\n<!-- \/ Yoast SEO plugin. -->","yoast_head_json":{"title":"Car Hire","robots":{"index":"index","follow":"follow","max-snippet":"max-snippet:-1","max-image-preview":"max-image-preview:large","max-video-preview":"max-video-preview:-1"},"canonical":"https:\/\/ejuniper.com\/es\/products\/juniper-booking-engine\/modules\/car-hire\/","og_locale":"es_ES","og_type":"article","og_title":"Car Hire","og_description":"directions_car Car Hire Aumenta el alquiler de coches propios o de terceros Comercializa este producto integrando arrendadoras mediante conexiones XML o cargando los contratos previamente acordados con tus proveedores. Cont\u00e1ctanos \u00bfQu\u00e9 es el m\u00f3dulo Car Hire? Con este m\u00f3dulo podr\u00e1s ofrecer alquiler de coches como parte de un paquete din\u00e1mico, en un itinerario o por [&hellip;]","og_url":"https:\/\/ejuniper.com\/es\/products\/juniper-booking-engine\/modules\/car-hire\/","og_site_name":"Juniper","article_modified_time":"2026-02-27T12:04:50+00:00","twitter_card":"summary_large_image","twitter_misc":{"Tiempo de lectura":"1 minuto"},"schema":{"@context":"https:\/\/schema.org","@graph":[{"@type":"WebPage","@id":"https:\/\/ejuniper.com\/es\/products\/juniper-booking-engine\/modules\/car-hire\/","url":"https:\/\/ejuniper.com\/es\/products\/juniper-booking-engine\/modules\/car-hire\/","name":"Car Hire","isPartOf":{"@id":"https:\/\/ejuniper.com\/es\/#website"},"primaryImageOfPage":{"@id":"https:\/\/ejuniper.com\/es\/products\/juniper-booking-engine\/modules\/car-hire\/#primaryimage"},"image":{"@id":"https:\/\/ejuniper.com\/es\/products\/juniper-booking-engine\/modules\/car-hire\/#primaryimage"},"thumbnailUrl":"https:\/\/ejuniper.com\/wp-content\/uploads\/2024\/08\/juniper_traveltech_tecla-1.svg","datePublished":"2025-08-14T09:35:55+00:00","dateModified":"2026-02-27T12:04:50+00:00","breadcrumb":{"@id":"https:\/\/ejuniper.com\/es\/products\/juniper-booking-engine\/modules\/car-hire\/#breadcrumb"},"inLanguage":"es","potentialAction":[{"@type":"ReadAction","target":["https:\/\/ejuniper.com\/es\/products\/juniper-booking-engine\/modules\/car-hire\/"]}]},{"@type":"ImageObject","inLanguage":"es","@id":"https:\/\/ejuniper.com\/es\/products\/juniper-booking-engine\/modules\/car-hire\/#primaryimage","url":"https:\/\/ejuniper.com\/wp-content\/uploads\/2024\/08\/juniper_traveltech_tecla-1.svg","contentUrl":"https:\/\/ejuniper.com\/wp-content\/uploads\/2024\/08\/juniper_traveltech_tecla-1.svg","width":561,"height":504,"caption":"Juniper_Supplier_Programs"},{"@type":"BreadcrumbList","@id":"https:\/\/ejuniper.com\/es\/products\/juniper-booking-engine\/modules\/car-hire\/#breadcrumb","itemListElement":[{"@type":"ListItem","position":1,"name":"Inicio","item":"https:\/\/ejuniper.com\/es\/"},{"@type":"ListItem","position":2,"name":"Productos","item":"https:\/\/ejuniper.com\/es\/products\/"},{"@type":"ListItem","position":3,"name":"Juniper Booking Engine","item":"https:\/\/ejuniper.com\/es\/products\/juniper-booking-engine\/"},{"@type":"ListItem","position":4,"name":"M\u00f3dulos","item":"https:\/\/ejuniper.com\/es\/products\/juniper-booking-engine\/modules\/"},{"@type":"ListItem","position":5,"name":"Car Hire"}]},{"@type":"WebSite","@id":"https:\/\/ejuniper.com\/es\/#website","url":"https:\/\/ejuniper.com\/es\/","name":"https:\/\/ejuniper.com\/","description":"Redefining Travel with Innovative Technology","publisher":{"@id":"https:\/\/ejuniper.com\/es\/#organization"},"potentialAction":[{"@type":"SearchAction","target":{"@type":"EntryPoint","urlTemplate":"https:\/\/ejuniper.com\/es\/?s={search_term_string}"},"query-input":{"@type":"PropertyValueSpecification","valueRequired":true,"valueName":"search_term_string"}}],"inLanguage":"es"},{"@type":"Organization","@id":"https:\/\/ejuniper.com\/es\/#organization","name":"Juniper Travel Technology","url":"https:\/\/ejuniper.com\/es\/","logo":{"@type":"ImageObject","inLanguage":"es","@id":"https:\/\/ejuniper.com\/es\/#\/schema\/logo\/image\/","url":"https:\/\/ejuniper.com\/wp-content\/uploads\/2024\/11\/juniper-2-1.svg","contentUrl":"https:\/\/ejuniper.com\/wp-content\/uploads\/2024\/11\/juniper-2-1.svg","width":48,"height":48,"caption":"Juniper Travel Technology"},"image":{"@id":"https:\/\/ejuniper.com\/es\/#\/schema\/logo\/image\/"},"sameAs":["https:\/\/www.linkedin.com\/company\/juniper\/"]}]}},"acf":[],"_links":{"self":[{"href":"https:\/\/ejuniper.com\/es\/wp-json\/wp\/v2\/pages\/65795","targetHints":{"allow":["GET"]}}],"collection":[{"href":"https:\/\/ejuniper.com\/es\/wp-json\/wp\/v2\/pages"}],"about":[{"href":"https:\/\/ejuniper.com\/es\/wp-json\/wp\/v2\/types\/page"}],"author":[{"embeddable":true,"href":"https:\/\/ejuniper.com\/es\/wp-json\/wp\/v2\/users\/46"}],"replies":[{"embeddable":true,"href":"https:\/\/ejuniper.com\/es\/wp-json\/wp\/v2\/comments?post=65795"}],"version-history":[{"count":31,"href":"https:\/\/ejuniper.com\/es\/wp-json\/wp\/v2\/pages\/65795\/revisions"}],"predecessor-version":[{"id":84990,"href":"https:\/\/ejuniper.com\/es\/wp-json\/wp\/v2\/pages\/65795\/revisions\/84990"}],"up":[{"embeddable":true,"href":"https:\/\/ejuniper.com\/es\/wp-json\/wp\/v2\/pages\/66439"}],"wp:featuredmedia":[{"embeddable":true,"href":"https:\/\/ejuniper.com\/es\/wp-json\/wp\/v2\/media\/48209"}],"wp:attachment":[{"href":"https:\/\/ejuniper.com\/es\/wp-json\/wp\/v2\/media?parent=65795"}],"curies":[{"name":"wp","href":"https:\/\/api.w.org\/{rel}","templated":true}]}}