{"id":65387,"date":"2025-08-11T14:28:22","date_gmt":"2025-08-11T12:28:22","guid":{"rendered":"https:\/\/ejuniper.com\/affiliates\/"},"modified":"2026-02-27T12:38:43","modified_gmt":"2026-02-27T11:38:43","slug":"affiliates","status":"publish","type":"page","link":"https:\/\/ejuniper.com\/es\/products\/juniper-booking-engine\/modules\/affiliates\/","title":{"rendered":"Affiliates"},"content":{"rendered":"\t\t<div data-elementor-type=\"wp-page\" data-elementor-id=\"65387\" class=\"elementor elementor-65387 elementor-65374\" data-elementor-post-type=\"page\">\n\t\t\t\t<div class=\"elementor-element elementor-element-5ad8704 e-con-full e-flex e-con e-parent\" data-id=\"5ad8704\" data-element_type=\"container\" data-e-type=\"container\" data-settings=\"{&quot;background_background&quot;:&quot;classic&quot;}\">\n\t\t<div class=\"elementor-element elementor-element-93ba351 e-flex e-con-boxed e-con e-child\" data-id=\"93ba351\" data-element_type=\"container\" data-e-type=\"container\">\n\t\t\t\t\t<div class=\"e-con-inner\">\n\t\t<div class=\"elementor-element elementor-element-34ae01f e-con-full e-flex e-con e-child\" data-id=\"34ae01f\" data-element_type=\"container\" data-e-type=\"container\">\n\t\t\t\t<div class=\"elementor-element elementor-element-c5be18c elementor-widget__width-initial elementor-widget elementor-widget-image\" data-id=\"c5be18c\" data-element_type=\"widget\" data-e-type=\"widget\" data-widget_type=\"image.default\">\n\t\t\t\t\t\t\t\t\t\t\t\t\t\t\t<img fetchpriority=\"high\" decoding=\"async\" width=\"800\" height=\"683\" src=\"https:\/\/ejuniper.com\/wp-content\/uploads\/2025\/10\/Juniper_BookingEngine_White_red-1.svg\" class=\"attachment-large size-large wp-image-73950\" alt=\"\" \/>\t\t\t\t\t\t\t\t\t\t\t\t\t\t\t<\/div>\n\t\t\t\t<\/div>\n\t\t<div class=\"elementor-element elementor-element-82c09ce e-con-full e-flex e-con e-child\" data-id=\"82c09ce\" data-element_type=\"container\" data-e-type=\"container\">\n\t\t<div class=\"elementor-element elementor-element-908619a e-con-full e-flex e-con e-child\" data-id=\"908619a\" data-element_type=\"container\" data-e-type=\"container\" data-settings=\"{&quot;background_background&quot;:&quot;classic&quot;}\">\n\t\t\t\t<div class=\"elementor-element elementor-element-200a586 label-icon elementor-widget elementor-widget-html\" data-id=\"200a586\" data-element_type=\"widget\" data-e-type=\"widget\" data-widget_type=\"html.default\">\n\t\t\t\t\t<span class=\"material-symbols-outlined\" style=\"font-size: 40px; color: #EE0700;\">swap_horiz<\/span>\t\t\t\t<\/div>\n\t\t\t\t<\/div>\n\t\t\t\t<div class=\"elementor-element elementor-element-7fb959d elementor-widget elementor-widget-heading\" data-id=\"7fb959d\" data-element_type=\"widget\" data-e-type=\"widget\" data-widget_type=\"heading.default\">\n\t\t\t\t\t<h1 class=\"elementor-heading-title elementor-size-default\">Affiliates<\/h1>\t\t\t\t<\/div>\n\t\t\t\t<\/div>\n\t\t\t\t<div class=\"elementor-element elementor-element-1a54008 elementor-widget__width-initial elementor-widget-laptop__width-initial elementor-widget elementor-widget-heading\" data-id=\"1a54008\" data-element_type=\"widget\" data-e-type=\"widget\" data-widget_type=\"heading.default\">\n\t\t\t\t\t<h2 class=\"elementor-heading-title elementor-size-default\">Impulsa las ventas online mediante referencias en otros sitios web<\/h2>\t\t\t\t<\/div>\n\t\t\t\t<div class=\"elementor-element elementor-element-9bcc83f elementor-widget__width-initial elementor-widget elementor-widget-heading\" data-id=\"9bcc83f\" data-element_type=\"widget\" data-e-type=\"widget\" data-widget_type=\"heading.default\">\n\t\t\t\t\t<p class=\"elementor-heading-title elementor-size-default\">El m\u00f3dulo permite que webs externas dirijan visitantes a tu sitio mediante enlaces o banners a cambio de comisiones por visitas o reservas <\/p>\t\t\t\t<\/div>\n\t\t<div class=\"elementor-element elementor-element-8433f20 e-con-full e-flex e-con e-child\" data-id=\"8433f20\" data-element_type=\"container\" data-e-type=\"container\">\n\t\t\t\t<div class=\"elementor-element elementor-element-fee493c elementor-widget elementor-widget-button\" data-id=\"fee493c\" data-element_type=\"widget\" data-e-type=\"widget\" data-widget_type=\"button.default\">\n\t\t\t\t\t\t\t\t\t\t<a class=\"elementor-button elementor-button-link elementor-size-sm\" href=\"https:\/\/ejuniper.com\/es\/contact\/\">\n\t\t\t\t\t\t<span class=\"elementor-button-content-wrapper\">\n\t\t\t\t\t\t\t\t\t<span class=\"elementor-button-text\">Cont\u00e1ctanos<\/span>\n\t\t\t\t\t<\/span>\n\t\t\t\t\t<\/a>\n\t\t\t\t\t\t\t\t<\/div>\n\t\t\t\t<\/div>\n\t\t\t\t\t<\/div>\n\t\t\t\t<\/div>\n\t\t\t\t<\/div>\n\t\t<div class=\"elementor-element elementor-element-94c33cb e-flex e-con-boxed e-con e-parent\" data-id=\"94c33cb\" data-element_type=\"container\" data-e-type=\"container\">\n\t\t\t\t\t<div class=\"e-con-inner\">\n\t\t\t\t<div class=\"elementor-element elementor-element-e2409d2 elementor-widget__width-initial elementor-widget elementor-widget-heading\" data-id=\"e2409d2\" data-element_type=\"widget\" data-e-type=\"widget\" data-widget_type=\"heading.default\">\n\t\t\t\t\t<h2 class=\"elementor-heading-title elementor-size-default\">\u00bfQu\u00e9 es el <b>m\u00f3dulo Affiliates?<\/b><\/h2>\t\t\t\t<\/div>\n\t\t\t\t<div class=\"elementor-element elementor-element-841743e elementor-widget__width-initial elementor-widget elementor-widget-text-editor\" data-id=\"841743e\" data-element_type=\"widget\" data-e-type=\"widget\" data-widget_type=\"text-editor.default\">\n\t\t\t\t\t\t\t\t\t<p>Te proporcionamos las instrucciones para que <strong>tus afiliados inserten f\u00e1cilmente<\/strong> en sus websites <strong>un banner o link que lleve a sus usuarios a tu website.<\/strong><\/p>\t\t\t\t\t\t\t\t<\/div>\n\t\t\t\t\t<\/div>\n\t\t\t\t<\/div>\n\t\t<div class=\"elementor-element elementor-element-6aaefbb ancla-100 e-flex e-con-boxed e-con e-parent\" data-id=\"6aaefbb\" data-element_type=\"container\" data-e-type=\"container\">\n\t\t\t\t\t<div class=\"e-con-inner\">\n\t\t<div class=\"elementor-element elementor-element-5c5ea65 e-con-full e-flex e-con e-child\" data-id=\"5c5ea65\" data-element_type=\"container\" data-e-type=\"container\" data-settings=\"{&quot;background_background&quot;:&quot;classic&quot;}\">\n\t\t<div class=\"elementor-element elementor-element-80b7df6 e-con-full e-flex e-con e-child\" data-id=\"80b7df6\" data-element_type=\"container\" data-e-type=\"container\">\n\t\t\t\t<div class=\"elementor-element elementor-element-437be93 elementor-widget elementor-widget-heading\" data-id=\"437be93\" data-element_type=\"widget\" data-e-type=\"widget\" data-widget_type=\"heading.default\">\n\t\t\t\t\t<h2 class=\"elementor-heading-title elementor-size-default\">\u00bfQu\u00e9 ventajas ofrece <b>a tu negocio?<\/b><\/h2>\t\t\t\t<\/div>\n\t\t\t\t<div class=\"elementor-element elementor-element-f555646 elementor-widget elementor-widget-text-editor\" data-id=\"f555646\" data-element_type=\"widget\" data-e-type=\"widget\" data-widget_type=\"text-editor.default\">\n\t\t\t\t\t\t\t\t\t<p>Una vez en tu website podr\u00e1n rellenar los datos de b\u00fasqueda y hacer reservas. Tanto la visita como <strong>la reserva quedar\u00e1n marcadas con el c\u00f3digo del afiliado.<\/strong><\/p><p><strong>Podr\u00e1s ofrecer comisi\u00f3n a los afiliados para cada reserva<\/strong> que los visitantes realicen en tu website aunque sea en el futuro (hasta 365 d\u00edas) ya que el sistema deja una cookie en el ordenador del visitante que identifica por quien fue referido.<\/p><p>El sistema generar\u00e1\u00a0<strong>informes<\/strong>\u00a0con la siguiente informaci\u00f3n:<\/p>\t\t\t\t\t\t\t\t<\/div>\n\t\t\t\t<div class=\"elementor-element elementor-element-0034e96 elementor-align-start elementor-icon-list--layout-traditional elementor-list-item-link-full_width elementor-widget elementor-widget-icon-list\" data-id=\"0034e96\" data-element_type=\"widget\" data-e-type=\"widget\" data-widget_type=\"icon-list.default\">\n\t\t\t\t\t\t\t<ul class=\"elementor-icon-list-items\">\n\t\t\t\t\t\t\t<li class=\"elementor-icon-list-item\">\n\t\t\t\t\t\t\t\t\t\t\t<span class=\"elementor-icon-list-icon\">\n\t\t\t\t\t\t\t<svg aria-hidden=\"true\" class=\"e-font-icon-svg e-fas-circle\" viewBox=\"0 0 512 512\" xmlns=\"http:\/\/www.w3.org\/2000\/svg\"><path d=\"M256 8C119 8 8 119 8 256s111 248 248 248 248-111 248-248S393 8 256 8z\"><\/path><\/svg>\t\t\t\t\t\t<\/span>\n\t\t\t\t\t\t\t\t\t\t<span class=\"elementor-icon-list-text\">N\u00famero de visitas<\/span>\n\t\t\t\t\t\t\t\t\t<\/li>\n\t\t\t\t\t\t\t\t<li class=\"elementor-icon-list-item\">\n\t\t\t\t\t\t\t\t\t\t\t<span class=\"elementor-icon-list-icon\">\n\t\t\t\t\t\t\t<svg aria-hidden=\"true\" class=\"e-font-icon-svg e-fas-circle\" viewBox=\"0 0 512 512\" xmlns=\"http:\/\/www.w3.org\/2000\/svg\"><path d=\"M256 8C119 8 8 119 8 256s111 248 248 248 248-111 248-248S393 8 256 8z\"><\/path><\/svg>\t\t\t\t\t\t<\/span>\n\t\t\t\t\t\t\t\t\t\t<span class=\"elementor-icon-list-text\">N\u00famero de reservas<\/span>\n\t\t\t\t\t\t\t\t\t<\/li>\n\t\t\t\t\t\t\t\t<li class=\"elementor-icon-list-item\">\n\t\t\t\t\t\t\t\t\t\t\t<span class=\"elementor-icon-list-icon\">\n\t\t\t\t\t\t\t<svg aria-hidden=\"true\" class=\"e-font-icon-svg e-fas-circle\" viewBox=\"0 0 512 512\" xmlns=\"http:\/\/www.w3.org\/2000\/svg\"><path d=\"M256 8C119 8 8 119 8 256s111 248 248 248 248-111 248-248S393 8 256 8z\"><\/path><\/svg>\t\t\t\t\t\t<\/span>\n\t\t\t\t\t\t\t\t\t\t<span class=\"elementor-icon-list-text\">Total de ventas por las reservas realizadas<\/span>\n\t\t\t\t\t\t\t\t\t<\/li>\n\t\t\t\t\t\t\t\t<li class=\"elementor-icon-list-item\">\n\t\t\t\t\t\t\t\t\t\t\t<span class=\"elementor-icon-list-icon\">\n\t\t\t\t\t\t\t<svg aria-hidden=\"true\" class=\"e-font-icon-svg e-fas-circle\" viewBox=\"0 0 512 512\" xmlns=\"http:\/\/www.w3.org\/2000\/svg\"><path d=\"M256 8C119 8 8 119 8 256s111 248 248 248 248-111 248-248S393 8 256 8z\"><\/path><\/svg>\t\t\t\t\t\t<\/span>\n\t\t\t\t\t\t\t\t\t\t<span class=\"elementor-icon-list-text\">Comisi\u00f3n que le corresponde al afiliado<\/span>\n\t\t\t\t\t\t\t\t\t<\/li>\n\t\t\t\t\t\t<\/ul>\n\t\t\t\t\t\t<\/div>\n\t\t<div class=\"elementor-element elementor-element-eb7d8a3 e-con-full e-flex e-con e-child\" data-id=\"eb7d8a3\" data-element_type=\"container\" data-e-type=\"container\">\n\t\t\t\t<div class=\"elementor-element elementor-element-a85c168 elementor-widget elementor-widget-button\" data-id=\"a85c168\" data-element_type=\"widget\" data-e-type=\"widget\" data-widget_type=\"button.default\">\n\t\t\t\t\t\t\t\t\t\t<a class=\"elementor-button elementor-button-link elementor-size-sm\" href=\"https:\/\/ejuniper.com\/es\/contact\/\">\n\t\t\t\t\t\t<span class=\"elementor-button-content-wrapper\">\n\t\t\t\t\t\t\t\t\t<span class=\"elementor-button-text\">Activar ahora<\/span>\n\t\t\t\t\t<\/span>\n\t\t\t\t\t<\/a>\n\t\t\t\t\t\t\t\t<\/div>\n\t\t\t\t<\/div>\n\t\t\t\t<\/div>\n\t\t\t\t<\/div>\n\t\t\t\t\t<\/div>\n\t\t\t\t<\/div>\n\t\t\t\t<\/div>\n\t\t","protected":false},"excerpt":{"rendered":"<p>swap_horiz Affiliates Impulsa las ventas online mediante referencias en otros sitios web El m\u00f3dulo permite que webs externas dirijan visitantes a tu sitio mediante enlaces o banners a cambio de comisiones por visitas o reservas Cont\u00e1ctanos \u00bfQu\u00e9 es el m\u00f3dulo Affiliates? Te proporcionamos las instrucciones para que tus afiliados inserten f\u00e1cilmente en sus websites un [&hellip;]<\/p>\n","protected":false},"author":46,"featured_media":48209,"parent":66439,"menu_order":0,"comment_status":"closed","ping_status":"closed","template":"elementor_header_footer","meta":{"_acf_changed":false,"inline_featured_image":false,"footnotes":""},"class_list":["post-65387","page","type-page","status-publish","has-post-thumbnail","hentry"],"yoast_head":"<!-- This site is optimized with the Yoast SEO plugin v27.3 - https:\/\/yoast.com\/product\/yoast-seo-wordpress\/ -->\n<title>Affiliates<\/title>\n<meta name=\"robots\" content=\"index, follow, max-snippet:-1, max-image-preview:large, max-video-preview:-1\" \/>\n<link rel=\"canonical\" href=\"https:\/\/ejuniper.com\/es\/products\/juniper-booking-engine\/modules\/affiliates\/\" \/>\n<meta property=\"og:locale\" content=\"es_ES\" \/>\n<meta property=\"og:type\" content=\"article\" \/>\n<meta property=\"og:title\" content=\"Affiliates\" \/>\n<meta property=\"og:description\" content=\"swap_horiz Affiliates Impulsa las ventas online mediante referencias en otros sitios web El m\u00f3dulo permite que webs externas dirijan visitantes a tu sitio mediante enlaces o banners a cambio de comisiones por visitas o reservas Cont\u00e1ctanos \u00bfQu\u00e9 es el m\u00f3dulo Affiliates? Te proporcionamos las instrucciones para que tus afiliados inserten f\u00e1cilmente en sus websites un [&hellip;]\" \/>\n<meta property=\"og:url\" content=\"https:\/\/ejuniper.com\/es\/products\/juniper-booking-engine\/modules\/affiliates\/\" \/>\n<meta property=\"og:site_name\" content=\"Juniper\" \/>\n<meta property=\"article:modified_time\" content=\"2026-02-27T11:38:43+00:00\" \/>\n<meta name=\"twitter:card\" content=\"summary_large_image\" \/>\n<meta name=\"twitter:label1\" content=\"Tiempo de lectura\" \/>\n\t<meta name=\"twitter:data1\" content=\"1 minuto\" \/>\n<script type=\"application\/ld+json\" class=\"yoast-schema-graph\">{\"@context\":\"https:\\\/\\\/schema.org\",\"@graph\":[{\"@type\":\"WebPage\",\"@id\":\"https:\\\/\\\/ejuniper.com\\\/es\\\/products\\\/juniper-booking-engine\\\/modules\\\/affiliates\\\/\",\"url\":\"https:\\\/\\\/ejuniper.com\\\/es\\\/products\\\/juniper-booking-engine\\\/modules\\\/affiliates\\\/\",\"name\":\"Affiliates\",\"isPartOf\":{\"@id\":\"https:\\\/\\\/ejuniper.com\\\/es\\\/#website\"},\"primaryImageOfPage\":{\"@id\":\"https:\\\/\\\/ejuniper.com\\\/es\\\/products\\\/juniper-booking-engine\\\/modules\\\/affiliates\\\/#primaryimage\"},\"image\":{\"@id\":\"https:\\\/\\\/ejuniper.com\\\/es\\\/products\\\/juniper-booking-engine\\\/modules\\\/affiliates\\\/#primaryimage\"},\"thumbnailUrl\":\"https:\\\/\\\/ejuniper.com\\\/wp-content\\\/uploads\\\/2024\\\/08\\\/juniper_traveltech_tecla-1.svg\",\"datePublished\":\"2025-08-11T12:28:22+00:00\",\"dateModified\":\"2026-02-27T11:38:43+00:00\",\"breadcrumb\":{\"@id\":\"https:\\\/\\\/ejuniper.com\\\/es\\\/products\\\/juniper-booking-engine\\\/modules\\\/affiliates\\\/#breadcrumb\"},\"inLanguage\":\"es\",\"potentialAction\":[{\"@type\":\"ReadAction\",\"target\":[\"https:\\\/\\\/ejuniper.com\\\/es\\\/products\\\/juniper-booking-engine\\\/modules\\\/affiliates\\\/\"]}]},{\"@type\":\"ImageObject\",\"inLanguage\":\"es\",\"@id\":\"https:\\\/\\\/ejuniper.com\\\/es\\\/products\\\/juniper-booking-engine\\\/modules\\\/affiliates\\\/#primaryimage\",\"url\":\"https:\\\/\\\/ejuniper.com\\\/wp-content\\\/uploads\\\/2024\\\/08\\\/juniper_traveltech_tecla-1.svg\",\"contentUrl\":\"https:\\\/\\\/ejuniper.com\\\/wp-content\\\/uploads\\\/2024\\\/08\\\/juniper_traveltech_tecla-1.svg\",\"width\":561,\"height\":504,\"caption\":\"Juniper_Supplier_Programs\"},{\"@type\":\"BreadcrumbList\",\"@id\":\"https:\\\/\\\/ejuniper.com\\\/es\\\/products\\\/juniper-booking-engine\\\/modules\\\/affiliates\\\/#breadcrumb\",\"itemListElement\":[{\"@type\":\"ListItem\",\"position\":1,\"name\":\"Inicio\",\"item\":\"https:\\\/\\\/ejuniper.com\\\/es\\\/\"},{\"@type\":\"ListItem\",\"position\":2,\"name\":\"Productos\",\"item\":\"https:\\\/\\\/ejuniper.com\\\/es\\\/products\\\/\"},{\"@type\":\"ListItem\",\"position\":3,\"name\":\"Juniper Booking Engine\",\"item\":\"https:\\\/\\\/ejuniper.com\\\/es\\\/products\\\/juniper-booking-engine\\\/\"},{\"@type\":\"ListItem\",\"position\":4,\"name\":\"M\u00f3dulos\",\"item\":\"https:\\\/\\\/ejuniper.com\\\/es\\\/products\\\/juniper-booking-engine\\\/modules\\\/\"},{\"@type\":\"ListItem\",\"position\":5,\"name\":\"Affiliates\"}]},{\"@type\":\"WebSite\",\"@id\":\"https:\\\/\\\/ejuniper.com\\\/es\\\/#website\",\"url\":\"https:\\\/\\\/ejuniper.com\\\/es\\\/\",\"name\":\"https:\\\/\\\/ejuniper.com\\\/\",\"description\":\"Redefining Travel with Innovative Technology\",\"publisher\":{\"@id\":\"https:\\\/\\\/ejuniper.com\\\/es\\\/#organization\"},\"potentialAction\":[{\"@type\":\"SearchAction\",\"target\":{\"@type\":\"EntryPoint\",\"urlTemplate\":\"https:\\\/\\\/ejuniper.com\\\/es\\\/?s={search_term_string}\"},\"query-input\":{\"@type\":\"PropertyValueSpecification\",\"valueRequired\":true,\"valueName\":\"search_term_string\"}}],\"inLanguage\":\"es\"},{\"@type\":\"Organization\",\"@id\":\"https:\\\/\\\/ejuniper.com\\\/es\\\/#organization\",\"name\":\"Juniper Travel Technology\",\"url\":\"https:\\\/\\\/ejuniper.com\\\/es\\\/\",\"logo\":{\"@type\":\"ImageObject\",\"inLanguage\":\"es\",\"@id\":\"https:\\\/\\\/ejuniper.com\\\/es\\\/#\\\/schema\\\/logo\\\/image\\\/\",\"url\":\"https:\\\/\\\/ejuniper.com\\\/wp-content\\\/uploads\\\/2024\\\/11\\\/juniper-2-1.svg\",\"contentUrl\":\"https:\\\/\\\/ejuniper.com\\\/wp-content\\\/uploads\\\/2024\\\/11\\\/juniper-2-1.svg\",\"width\":48,\"height\":48,\"caption\":\"Juniper Travel Technology\"},\"image\":{\"@id\":\"https:\\\/\\\/ejuniper.com\\\/es\\\/#\\\/schema\\\/logo\\\/image\\\/\"},\"sameAs\":[\"https:\\\/\\\/www.linkedin.com\\\/company\\\/juniper\\\/\"]}]}<\/script>\n<!-- \/ Yoast SEO plugin. -->","yoast_head_json":{"title":"Affiliates","robots":{"index":"index","follow":"follow","max-snippet":"max-snippet:-1","max-image-preview":"max-image-preview:large","max-video-preview":"max-video-preview:-1"},"canonical":"https:\/\/ejuniper.com\/es\/products\/juniper-booking-engine\/modules\/affiliates\/","og_locale":"es_ES","og_type":"article","og_title":"Affiliates","og_description":"swap_horiz Affiliates Impulsa las ventas online mediante referencias en otros sitios web El m\u00f3dulo permite que webs externas dirijan visitantes a tu sitio mediante enlaces o banners a cambio de comisiones por visitas o reservas Cont\u00e1ctanos \u00bfQu\u00e9 es el m\u00f3dulo Affiliates? Te proporcionamos las instrucciones para que tus afiliados inserten f\u00e1cilmente en sus websites un [&hellip;]","og_url":"https:\/\/ejuniper.com\/es\/products\/juniper-booking-engine\/modules\/affiliates\/","og_site_name":"Juniper","article_modified_time":"2026-02-27T11:38:43+00:00","twitter_card":"summary_large_image","twitter_misc":{"Tiempo de lectura":"1 minuto"},"schema":{"@context":"https:\/\/schema.org","@graph":[{"@type":"WebPage","@id":"https:\/\/ejuniper.com\/es\/products\/juniper-booking-engine\/modules\/affiliates\/","url":"https:\/\/ejuniper.com\/es\/products\/juniper-booking-engine\/modules\/affiliates\/","name":"Affiliates","isPartOf":{"@id":"https:\/\/ejuniper.com\/es\/#website"},"primaryImageOfPage":{"@id":"https:\/\/ejuniper.com\/es\/products\/juniper-booking-engine\/modules\/affiliates\/#primaryimage"},"image":{"@id":"https:\/\/ejuniper.com\/es\/products\/juniper-booking-engine\/modules\/affiliates\/#primaryimage"},"thumbnailUrl":"https:\/\/ejuniper.com\/wp-content\/uploads\/2024\/08\/juniper_traveltech_tecla-1.svg","datePublished":"2025-08-11T12:28:22+00:00","dateModified":"2026-02-27T11:38:43+00:00","breadcrumb":{"@id":"https:\/\/ejuniper.com\/es\/products\/juniper-booking-engine\/modules\/affiliates\/#breadcrumb"},"inLanguage":"es","potentialAction":[{"@type":"ReadAction","target":["https:\/\/ejuniper.com\/es\/products\/juniper-booking-engine\/modules\/affiliates\/"]}]},{"@type":"ImageObject","inLanguage":"es","@id":"https:\/\/ejuniper.com\/es\/products\/juniper-booking-engine\/modules\/affiliates\/#primaryimage","url":"https:\/\/ejuniper.com\/wp-content\/uploads\/2024\/08\/juniper_traveltech_tecla-1.svg","contentUrl":"https:\/\/ejuniper.com\/wp-content\/uploads\/2024\/08\/juniper_traveltech_tecla-1.svg","width":561,"height":504,"caption":"Juniper_Supplier_Programs"},{"@type":"BreadcrumbList","@id":"https:\/\/ejuniper.com\/es\/products\/juniper-booking-engine\/modules\/affiliates\/#breadcrumb","itemListElement":[{"@type":"ListItem","position":1,"name":"Inicio","item":"https:\/\/ejuniper.com\/es\/"},{"@type":"ListItem","position":2,"name":"Productos","item":"https:\/\/ejuniper.com\/es\/products\/"},{"@type":"ListItem","position":3,"name":"Juniper Booking Engine","item":"https:\/\/ejuniper.com\/es\/products\/juniper-booking-engine\/"},{"@type":"ListItem","position":4,"name":"M\u00f3dulos","item":"https:\/\/ejuniper.com\/es\/products\/juniper-booking-engine\/modules\/"},{"@type":"ListItem","position":5,"name":"Affiliates"}]},{"@type":"WebSite","@id":"https:\/\/ejuniper.com\/es\/#website","url":"https:\/\/ejuniper.com\/es\/","name":"https:\/\/ejuniper.com\/","description":"Redefining Travel with Innovative Technology","publisher":{"@id":"https:\/\/ejuniper.com\/es\/#organization"},"potentialAction":[{"@type":"SearchAction","target":{"@type":"EntryPoint","urlTemplate":"https:\/\/ejuniper.com\/es\/?s={search_term_string}"},"query-input":{"@type":"PropertyValueSpecification","valueRequired":true,"valueName":"search_term_string"}}],"inLanguage":"es"},{"@type":"Organization","@id":"https:\/\/ejuniper.com\/es\/#organization","name":"Juniper Travel Technology","url":"https:\/\/ejuniper.com\/es\/","logo":{"@type":"ImageObject","inLanguage":"es","@id":"https:\/\/ejuniper.com\/es\/#\/schema\/logo\/image\/","url":"https:\/\/ejuniper.com\/wp-content\/uploads\/2024\/11\/juniper-2-1.svg","contentUrl":"https:\/\/ejuniper.com\/wp-content\/uploads\/2024\/11\/juniper-2-1.svg","width":48,"height":48,"caption":"Juniper Travel Technology"},"image":{"@id":"https:\/\/ejuniper.com\/es\/#\/schema\/logo\/image\/"},"sameAs":["https:\/\/www.linkedin.com\/company\/juniper\/"]}]}},"acf":[],"_links":{"self":[{"href":"https:\/\/ejuniper.com\/es\/wp-json\/wp\/v2\/pages\/65387","targetHints":{"allow":["GET"]}}],"collection":[{"href":"https:\/\/ejuniper.com\/es\/wp-json\/wp\/v2\/pages"}],"about":[{"href":"https:\/\/ejuniper.com\/es\/wp-json\/wp\/v2\/types\/page"}],"author":[{"embeddable":true,"href":"https:\/\/ejuniper.com\/es\/wp-json\/wp\/v2\/users\/46"}],"replies":[{"embeddable":true,"href":"https:\/\/ejuniper.com\/es\/wp-json\/wp\/v2\/comments?post=65387"}],"version-history":[{"count":34,"href":"https:\/\/ejuniper.com\/es\/wp-json\/wp\/v2\/pages\/65387\/revisions"}],"predecessor-version":[{"id":84961,"href":"https:\/\/ejuniper.com\/es\/wp-json\/wp\/v2\/pages\/65387\/revisions\/84961"}],"up":[{"embeddable":true,"href":"https:\/\/ejuniper.com\/es\/wp-json\/wp\/v2\/pages\/66439"}],"wp:featuredmedia":[{"embeddable":true,"href":"https:\/\/ejuniper.com\/es\/wp-json\/wp\/v2\/media\/48209"}],"wp:attachment":[{"href":"https:\/\/ejuniper.com\/es\/wp-json\/wp\/v2\/media?parent=65387"}],"curies":[{"name":"wp","href":"https:\/\/api.w.org\/{rel}","templated":true}]}}