{"id":65054,"date":"2018-10-03T10:33:25","date_gmt":"2018-10-03T10:33:25","guid":{"rendered":"https:\/\/ejuniper.com\/products\/"},"modified":"2026-03-13T13:26:20","modified_gmt":"2026-03-13T12:26:20","slug":"products","status":"publish","type":"page","link":"https:\/\/ejuniper.com\/es\/products\/","title":{"rendered":"Productos"},"content":{"rendered":"\t\t<div data-elementor-type=\"wp-page\" data-elementor-id=\"65054\" class=\"elementor elementor-65054 elementor-4477\" data-elementor-post-type=\"page\">\n\t\t\t\t<div class=\"elementor-element elementor-element-50f7201 e-flex e-con-boxed e-con e-parent\" data-id=\"50f7201\" data-element_type=\"container\" data-e-type=\"container\">\n\t\t\t\t\t<div class=\"e-con-inner\">\n\t\t\t\t<div class=\"elementor-element elementor-element-bd14fe7 elementor-widget__width-initial elementor-widget elementor-widget-heading\" data-id=\"bd14fe7\" data-element_type=\"widget\" data-e-type=\"widget\" data-widget_type=\"heading.default\">\n\t\t\t\t\t<h2 class=\"elementor-heading-title elementor-size-default\"><b>Juniper Travel Technology,<\/b><br> las soluciones tecnol\u00f3gicas punteras de la Industria Tur\u00edstica<\/h2>\t\t\t\t<\/div>\n\t\t\t\t\t<\/div>\n\t\t\t\t<\/div>\n\t\t<div class=\"elementor-element elementor-element-adafd17 ancla-100 e-flex e-con-boxed e-con e-parent\" data-id=\"adafd17\" data-element_type=\"container\" data-e-type=\"container\">\n\t\t\t\t\t<div class=\"e-con-inner\">\n\t\t<div class=\"elementor-element elementor-element-8e954a7 e-con-full e-flex e-con e-child\" data-id=\"8e954a7\" data-element_type=\"container\" data-e-type=\"container\">\n\t\t<div class=\"elementor-element elementor-element-37a64d7 e-con-full e-flex e-con e-child\" data-id=\"37a64d7\" data-element_type=\"container\" data-e-type=\"container\">\n\t\t\t\t<div class=\"elementor-element elementor-element-b8ffb12 elementor-widget elementor-widget-heading\" data-id=\"b8ffb12\" data-element_type=\"widget\" data-e-type=\"widget\" data-widget_type=\"heading.default\">\n\t\t\t\t\t<h2 class=\"elementor-heading-title elementor-size-default\">Juniper Booking Engine<\/h2>\t\t\t\t<\/div>\n\t\t\t\t<div class=\"elementor-element elementor-element-0a0b08e elementor-widget__width-initial elementor-widget elementor-widget-text-editor\" data-id=\"0a0b08e\" data-element_type=\"widget\" data-e-type=\"widget\" data-widget_type=\"text-editor.default\">\n\t\t\t\t\t\t\t\t\t<p>El motor de reservas l\u00edder en tecnolog\u00eda m\u00e1s completo y personalizable<\/p>\t\t\t\t\t\t\t\t<\/div>\n\t\t\t\t<div class=\"elementor-element elementor-element-0fbda77 elementor-widget__width-initial elementor-widget elementor-widget-text-editor\" data-id=\"0fbda77\" data-element_type=\"widget\" data-e-type=\"widget\" data-widget_type=\"text-editor.default\">\n\t\t\t\t\t\t\t\t\t<p>Se trata de una <strong>herramienta completa<\/strong>, <strong>robusta <\/strong>y <strong>flexible<\/strong>: su <strong>sistema modular<\/strong> permite la m\u00e1xima adaptaci\u00f3n a las expectativas de tu empresa y a su volumen de negocio.<\/p><p>La <strong>conectividad XML<\/strong> que ofrece Juniper es la m\u00e1s extensa del mercado, poniendo a tu disposici\u00f3n m\u00e1s de <strong>1000 integraciones<\/strong> con sellers de producto tur\u00edstico v\u00eda Webservice.<\/p>\t\t\t\t\t\t\t\t<\/div>\n\t\t\t\t<div class=\"elementor-element elementor-element-e0c78fc elementor-icon-list--layout-traditional elementor-list-item-link-full_width elementor-widget elementor-widget-icon-list\" data-id=\"e0c78fc\" data-element_type=\"widget\" data-e-type=\"widget\" data-widget_type=\"icon-list.default\">\n\t\t\t\t\t\t\t<ul class=\"elementor-icon-list-items\">\n\t\t\t\t\t\t\t<li class=\"elementor-icon-list-item\">\n\t\t\t\t\t\t\t\t\t\t\t<span class=\"elementor-icon-list-icon\">\n\t\t\t\t\t\t\t<svg aria-hidden=\"true\" class=\"e-font-icon-svg e-fas-circle\" viewBox=\"0 0 512 512\" xmlns=\"http:\/\/www.w3.org\/2000\/svg\"><path d=\"M256 8C119 8 8 119 8 256s111 248 248 248 248-111 248-248S393 8 256 8z\"><\/path><\/svg>\t\t\t\t\t\t<\/span>\n\t\t\t\t\t\t\t\t\t\t<span class=\"elementor-icon-list-text\">Optimiza los flujos de trabajo y las comunicaciones en cada canal de venta<\/span>\n\t\t\t\t\t\t\t\t\t<\/li>\n\t\t\t\t\t\t\t\t<li class=\"elementor-icon-list-item\">\n\t\t\t\t\t\t\t\t\t\t\t<span class=\"elementor-icon-list-icon\">\n\t\t\t\t\t\t\t<i aria-hidden=\"true\" class=\"material-icons-sharp md-circle\" data-md-icon=\"circle\"><\/i>\t\t\t\t\t\t<\/span>\n\t\t\t\t\t\t\t\t\t\t<span class=\"elementor-icon-list-text\">Administra tu cartera de productos de manera online<\/span>\n\t\t\t\t\t\t\t\t\t<\/li>\n\t\t\t\t\t\t\t\t<li class=\"elementor-icon-list-item\">\n\t\t\t\t\t\t\t\t\t\t\t<span class=\"elementor-icon-list-icon\">\n\t\t\t\t\t\t\t<i aria-hidden=\"true\" class=\"material-icons-sharp md-circle\" data-md-icon=\"circle\"><\/i>\t\t\t\t\t\t<\/span>\n\t\t\t\t\t\t\t\t\t\t<span class=\"elementor-icon-list-text\">Incrementa tus beneficios<\/span>\n\t\t\t\t\t\t\t\t\t<\/li>\n\t\t\t\t\t\t\t\t<li class=\"elementor-icon-list-item\">\n\t\t\t\t\t\t\t\t\t\t\t<span class=\"elementor-icon-list-icon\">\n\t\t\t\t\t\t\t<i aria-hidden=\"true\" class=\"material-icons-sharp md-circle\" data-md-icon=\"circle\"><\/i>\t\t\t\t\t\t<\/span>\n\t\t\t\t\t\t\t\t\t\t<span class=\"elementor-icon-list-text\">Aumenta la disponibilidad de productos y las ventas<\/span>\n\t\t\t\t\t\t\t\t\t<\/li>\n\t\t\t\t\t\t<\/ul>\n\t\t\t\t\t\t<\/div>\n\t\t<div class=\"elementor-element elementor-element-1bfb9ce e-con-full e-flex e-con e-child\" data-id=\"1bfb9ce\" data-element_type=\"container\" data-e-type=\"container\">\n\t\t\t\t<div class=\"elementor-element elementor-element-3181921 elementor-widget elementor-widget-button\" data-id=\"3181921\" data-element_type=\"widget\" data-e-type=\"widget\" data-widget_type=\"button.default\">\n\t\t\t\t\t\t\t\t\t\t<a class=\"elementor-button elementor-button-link elementor-size-sm\" href=\"http:\/\/ejuniper.com\/es\/products\/juniper-booking-engine\/\">\n\t\t\t\t\t\t<span class=\"elementor-button-content-wrapper\">\n\t\t\t\t\t\t\t\t\t<span class=\"elementor-button-text\">Descubre m\u00e1s<\/span>\n\t\t\t\t\t<\/span>\n\t\t\t\t\t<\/a>\n\t\t\t\t\t\t\t\t<\/div>\n\t\t\t\t<\/div>\n\t\t\t\t<\/div>\n\t\t<div class=\"elementor-element elementor-element-b6eb21c e-con-full e-flex e-con e-child\" data-id=\"b6eb21c\" data-element_type=\"container\" data-e-type=\"container\" data-settings=\"{&quot;background_background&quot;:&quot;classic&quot;}\">\n\t\t\t\t<\/div>\n\t\t\t\t<\/div>\n\t\t\t\t\t<\/div>\n\t\t\t\t<\/div>\n\t\t<div class=\"elementor-element elementor-element-5044626 ancla-100 e-flex e-con-boxed e-con e-parent\" data-id=\"5044626\" data-element_type=\"container\" data-e-type=\"container\">\n\t\t\t\t\t<div class=\"e-con-inner\">\n\t\t<div class=\"elementor-element elementor-element-19e7c65 e-con-full e-flex e-con e-child\" data-id=\"19e7c65\" data-element_type=\"container\" data-e-type=\"container\">\n\t\t<div class=\"elementor-element elementor-element-045e997 e-con-full e-flex e-con e-child\" data-id=\"045e997\" data-element_type=\"container\" data-e-type=\"container\">\n\t\t\t\t<div class=\"elementor-element elementor-element-335d719 elementor-widget elementor-widget-heading\" data-id=\"335d719\" data-element_type=\"widget\" data-e-type=\"widget\" data-widget_type=\"heading.default\">\n\t\t\t\t\t<h2 class=\"elementor-heading-title elementor-size-default\">Juniper Hub<\/h2>\t\t\t\t<\/div>\n\t\t\t\t<div class=\"elementor-element elementor-element-eea2bb8 elementor-widget__width-initial elementor-widget elementor-widget-text-editor\" data-id=\"eea2bb8\" data-element_type=\"widget\" data-e-type=\"widget\" data-widget_type=\"text-editor.default\">\n\t\t\t\t\t\t\t\t\t<p>El sistema que ampl\u00eda la red de distribuci\u00f3n de alojamientos tur\u00edsticos<\/p>\t\t\t\t\t\t\t\t<\/div>\n\t\t\t\t<div class=\"elementor-element elementor-element-9967f23 elementor-widget__width-initial elementor-widget elementor-widget-text-editor\" data-id=\"9967f23\" data-element_type=\"widget\" data-e-type=\"widget\" data-widget_type=\"text-editor.default\">\n\t\t\t\t\t\t\t\t\t<p>Si eres un <strong>Seller de alojamiento<\/strong> o <strong>Cadena Hotelera<\/strong>, aprovecha todo el potencial y las posibilidades de conexi\u00f3n de <strong>Juniper HUB<\/strong>.<\/p>\t\t\t\t\t\t\t\t<\/div>\n\t\t\t\t<div class=\"elementor-element elementor-element-c5b35a6 elementor-icon-list--layout-traditional elementor-list-item-link-full_width elementor-widget elementor-widget-icon-list\" data-id=\"c5b35a6\" data-element_type=\"widget\" data-e-type=\"widget\" data-widget_type=\"icon-list.default\">\n\t\t\t\t\t\t\t<ul class=\"elementor-icon-list-items\">\n\t\t\t\t\t\t\t<li class=\"elementor-icon-list-item\">\n\t\t\t\t\t\t\t\t\t\t\t<span class=\"elementor-icon-list-icon\">\n\t\t\t\t\t\t\t<i aria-hidden=\"true\" class=\"material-icons-sharp md-circle\" data-md-icon=\"circle\"><\/i>\t\t\t\t\t\t<\/span>\n\t\t\t\t\t\t\t\t\t\t<span class=\"elementor-icon-list-text\">Acceso a m\u00e1s de 1 600 compa\u00f1\u00edas de viaje<\/span>\n\t\t\t\t\t\t\t\t\t<\/li>\n\t\t\t\t\t\t\t\t<li class=\"elementor-icon-list-item\">\n\t\t\t\t\t\t\t\t\t\t\t<span class=\"elementor-icon-list-icon\">\n\t\t\t\t\t\t\t<i aria-hidden=\"true\" class=\"material-icons-sharp md-circle\" data-md-icon=\"circle\"><\/i>\t\t\t\t\t\t<\/span>\n\t\t\t\t\t\t\t\t\t\t<span class=\"elementor-icon-list-text\">Conexi\u00f3n en menos de 48 horas<\/span>\n\t\t\t\t\t\t\t\t\t<\/li>\n\t\t\t\t\t\t\t\t<li class=\"elementor-icon-list-item\">\n\t\t\t\t\t\t\t\t\t\t\t<span class=\"elementor-icon-list-icon\">\n\t\t\t\t\t\t\t<i aria-hidden=\"true\" class=\"material-icons-sharp md-circle\" data-md-icon=\"circle\"><\/i>\t\t\t\t\t\t<\/span>\n\t\t\t\t\t\t\t\t\t\t<span class=\"elementor-icon-list-text\">Latencia agregada de un tiempo inferior a 400 ms<\/span>\n\t\t\t\t\t\t\t\t\t<\/li>\n\t\t\t\t\t\t\t\t<li class=\"elementor-icon-list-item\">\n\t\t\t\t\t\t\t\t\t\t\t<span class=\"elementor-icon-list-icon\">\n\t\t\t\t\t\t\t<i aria-hidden=\"true\" class=\"material-icons-sharp md-circle\" data-md-icon=\"circle\"><\/i>\t\t\t\t\t\t<\/span>\n\t\t\t\t\t\t\t\t\t\t<span class=\"elementor-icon-list-text\">Sistema escalable<\/span>\n\t\t\t\t\t\t\t\t\t<\/li>\n\t\t\t\t\t\t<\/ul>\n\t\t\t\t\t\t<\/div>\n\t\t<div class=\"elementor-element elementor-element-d3942ba e-con-full e-flex e-con e-child\" data-id=\"d3942ba\" data-element_type=\"container\" data-e-type=\"container\">\n\t\t\t\t<div class=\"elementor-element elementor-element-fc44a1d elementor-widget elementor-widget-button\" data-id=\"fc44a1d\" data-element_type=\"widget\" data-e-type=\"widget\" data-widget_type=\"button.default\">\n\t\t\t\t\t\t\t\t\t\t<a class=\"elementor-button elementor-button-link elementor-size-sm\" href=\"http:\/\/ejuniper.com\/es\/products\/juniper-hub\">\n\t\t\t\t\t\t<span class=\"elementor-button-content-wrapper\">\n\t\t\t\t\t\t\t\t\t<span class=\"elementor-button-text\">Descubre m\u00e1s<\/span>\n\t\t\t\t\t<\/span>\n\t\t\t\t\t<\/a>\n\t\t\t\t\t\t\t\t<\/div>\n\t\t\t\t<\/div>\n\t\t\t\t<\/div>\n\t\t<div class=\"elementor-element elementor-element-2dfde40 e-con-full e-flex e-con e-child\" data-id=\"2dfde40\" data-element_type=\"container\" data-e-type=\"container\" data-settings=\"{&quot;background_background&quot;:&quot;classic&quot;}\">\n\t\t\t\t<\/div>\n\t\t\t\t<\/div>\n\t\t\t\t\t<\/div>\n\t\t\t\t<\/div>\n\t\t\t\t<\/div>\n\t\t","protected":false},"excerpt":{"rendered":"<p>Juniper Travel Technology, las soluciones tecnol\u00f3gicas punteras de la Industria Tur\u00edstica Juniper Booking Engine El motor de reservas l\u00edder en tecnolog\u00eda m\u00e1s completo y personalizable Se trata de una herramienta completa, robusta y flexible: su sistema modular permite la m\u00e1xima adaptaci\u00f3n a las expectativas de tu empresa y a su volumen de negocio. La conectividad [&hellip;]<\/p>\n","protected":false},"author":1,"featured_media":32598,"parent":0,"menu_order":0,"comment_status":"closed","ping_status":"closed","template":"elementor_header_footer","meta":{"_acf_changed":false,"inline_featured_image":false,"footnotes":""},"class_list":["post-65054","page","type-page","status-publish","has-post-thumbnail","hentry"],"yoast_head":"<!-- This site is optimized with the Yoast SEO plugin v27.4 - https:\/\/yoast.com\/product\/yoast-seo-wordpress\/ -->\n<title>Productos<\/title>\n<meta name=\"description\" content=\"Impulsa el \u00e9xito de tu negocio con Juniper Booking Engine y Juniper Hub, dos soluciones tecnol\u00f3gicas revolucionarias\" \/>\n<meta name=\"robots\" content=\"index, follow, max-snippet:-1, max-image-preview:large, max-video-preview:-1\" \/>\n<link rel=\"canonical\" href=\"https:\/\/ejuniper.com\/es\/products\/\" \/>\n<meta property=\"og:locale\" content=\"es_ES\" \/>\n<meta property=\"og:type\" content=\"article\" \/>\n<meta property=\"og:title\" content=\"Productos\" \/>\n<meta property=\"og:description\" content=\"Impulsa el \u00e9xito de tu negocio con Juniper Booking Engine y Juniper Hub, dos soluciones tecnol\u00f3gicas revolucionarias\" \/>\n<meta property=\"og:url\" content=\"https:\/\/ejuniper.com\/es\/products\/\" \/>\n<meta property=\"og:site_name\" content=\"Juniper\" \/>\n<meta property=\"article:modified_time\" content=\"2026-03-13T12:26:20+00:00\" \/>\n<meta property=\"og:image\" content=\"https:\/\/ejuniper.com\/wp-content\/uploads\/2023\/07\/Juniper-TravelTechnology.png\" \/>\n\t<meta property=\"og:image:width\" content=\"201\" \/>\n\t<meta property=\"og:image:height\" content=\"200\" \/>\n\t<meta property=\"og:image:type\" content=\"image\/png\" \/>\n<meta name=\"twitter:card\" content=\"summary_large_image\" \/>\n<meta name=\"twitter:label1\" content=\"Tiempo de lectura\" \/>\n\t<meta name=\"twitter:data1\" content=\"1 minuto\" \/>\n<script type=\"application\/ld+json\" class=\"yoast-schema-graph\">{\"@context\":\"https:\\\/\\\/schema.org\",\"@graph\":[{\"@type\":\"WebPage\",\"@id\":\"https:\\\/\\\/ejuniper.com\\\/es\\\/products\\\/\",\"url\":\"https:\\\/\\\/ejuniper.com\\\/es\\\/products\\\/\",\"name\":\"Productos\",\"isPartOf\":{\"@id\":\"https:\\\/\\\/ejuniper.com\\\/es\\\/#website\"},\"primaryImageOfPage\":{\"@id\":\"https:\\\/\\\/ejuniper.com\\\/es\\\/products\\\/#primaryimage\"},\"image\":{\"@id\":\"https:\\\/\\\/ejuniper.com\\\/es\\\/products\\\/#primaryimage\"},\"thumbnailUrl\":\"https:\\\/\\\/ejuniper.com\\\/wp-content\\\/uploads\\\/2023\\\/07\\\/Juniper-TravelTechnology.png\",\"datePublished\":\"2018-10-03T10:33:25+00:00\",\"dateModified\":\"2026-03-13T12:26:20+00:00\",\"description\":\"Impulsa el \u00e9xito de tu negocio con Juniper Booking Engine y Juniper Hub, dos soluciones tecnol\u00f3gicas revolucionarias\",\"breadcrumb\":{\"@id\":\"https:\\\/\\\/ejuniper.com\\\/es\\\/products\\\/#breadcrumb\"},\"inLanguage\":\"es\",\"potentialAction\":[{\"@type\":\"ReadAction\",\"target\":[\"https:\\\/\\\/ejuniper.com\\\/es\\\/products\\\/\"]}]},{\"@type\":\"ImageObject\",\"inLanguage\":\"es\",\"@id\":\"https:\\\/\\\/ejuniper.com\\\/es\\\/products\\\/#primaryimage\",\"url\":\"https:\\\/\\\/ejuniper.com\\\/wp-content\\\/uploads\\\/2023\\\/07\\\/Juniper-TravelTechnology.png\",\"contentUrl\":\"https:\\\/\\\/ejuniper.com\\\/wp-content\\\/uploads\\\/2023\\\/07\\\/Juniper-TravelTechnology.png\",\"width\":201,\"height\":200,\"caption\":\"Juniper Travel Technology\"},{\"@type\":\"BreadcrumbList\",\"@id\":\"https:\\\/\\\/ejuniper.com\\\/es\\\/products\\\/#breadcrumb\",\"itemListElement\":[{\"@type\":\"ListItem\",\"position\":1,\"name\":\"Inicio\",\"item\":\"https:\\\/\\\/ejuniper.com\\\/es\\\/\"},{\"@type\":\"ListItem\",\"position\":2,\"name\":\"Productos\"}]},{\"@type\":\"WebSite\",\"@id\":\"https:\\\/\\\/ejuniper.com\\\/es\\\/#website\",\"url\":\"https:\\\/\\\/ejuniper.com\\\/es\\\/\",\"name\":\"https:\\\/\\\/ejuniper.com\\\/\",\"description\":\"Redefining Travel with Innovative Technology\",\"publisher\":{\"@id\":\"https:\\\/\\\/ejuniper.com\\\/es\\\/#organization\"},\"potentialAction\":[{\"@type\":\"SearchAction\",\"target\":{\"@type\":\"EntryPoint\",\"urlTemplate\":\"https:\\\/\\\/ejuniper.com\\\/es\\\/?s={search_term_string}\"},\"query-input\":{\"@type\":\"PropertyValueSpecification\",\"valueRequired\":true,\"valueName\":\"search_term_string\"}}],\"inLanguage\":\"es\"},{\"@type\":\"Organization\",\"@id\":\"https:\\\/\\\/ejuniper.com\\\/es\\\/#organization\",\"name\":\"Juniper Travel Technology\",\"url\":\"https:\\\/\\\/ejuniper.com\\\/es\\\/\",\"logo\":{\"@type\":\"ImageObject\",\"inLanguage\":\"es\",\"@id\":\"https:\\\/\\\/ejuniper.com\\\/es\\\/#\\\/schema\\\/logo\\\/image\\\/\",\"url\":\"https:\\\/\\\/ejuniper.com\\\/wp-content\\\/uploads\\\/2024\\\/11\\\/juniper-2-1.svg\",\"contentUrl\":\"https:\\\/\\\/ejuniper.com\\\/wp-content\\\/uploads\\\/2024\\\/11\\\/juniper-2-1.svg\",\"width\":48,\"height\":48,\"caption\":\"Juniper Travel Technology\"},\"image\":{\"@id\":\"https:\\\/\\\/ejuniper.com\\\/es\\\/#\\\/schema\\\/logo\\\/image\\\/\"},\"sameAs\":[\"https:\\\/\\\/www.linkedin.com\\\/company\\\/juniper\\\/\"]}]}<\/script>\n<!-- \/ Yoast SEO plugin. -->","yoast_head_json":{"title":"Productos","description":"Impulsa el \u00e9xito de tu negocio con Juniper Booking Engine y Juniper Hub, dos soluciones tecnol\u00f3gicas revolucionarias","robots":{"index":"index","follow":"follow","max-snippet":"max-snippet:-1","max-image-preview":"max-image-preview:large","max-video-preview":"max-video-preview:-1"},"canonical":"https:\/\/ejuniper.com\/es\/products\/","og_locale":"es_ES","og_type":"article","og_title":"Productos","og_description":"Impulsa el \u00e9xito de tu negocio con Juniper Booking Engine y Juniper Hub, dos soluciones tecnol\u00f3gicas revolucionarias","og_url":"https:\/\/ejuniper.com\/es\/products\/","og_site_name":"Juniper","article_modified_time":"2026-03-13T12:26:20+00:00","og_image":[{"width":201,"height":200,"url":"https:\/\/ejuniper.com\/wp-content\/uploads\/2023\/07\/Juniper-TravelTechnology.png","type":"image\/png"}],"twitter_card":"summary_large_image","twitter_misc":{"Tiempo de lectura":"1 minuto"},"schema":{"@context":"https:\/\/schema.org","@graph":[{"@type":"WebPage","@id":"https:\/\/ejuniper.com\/es\/products\/","url":"https:\/\/ejuniper.com\/es\/products\/","name":"Productos","isPartOf":{"@id":"https:\/\/ejuniper.com\/es\/#website"},"primaryImageOfPage":{"@id":"https:\/\/ejuniper.com\/es\/products\/#primaryimage"},"image":{"@id":"https:\/\/ejuniper.com\/es\/products\/#primaryimage"},"thumbnailUrl":"https:\/\/ejuniper.com\/wp-content\/uploads\/2023\/07\/Juniper-TravelTechnology.png","datePublished":"2018-10-03T10:33:25+00:00","dateModified":"2026-03-13T12:26:20+00:00","description":"Impulsa el \u00e9xito de tu negocio con Juniper Booking Engine y Juniper Hub, dos soluciones tecnol\u00f3gicas revolucionarias","breadcrumb":{"@id":"https:\/\/ejuniper.com\/es\/products\/#breadcrumb"},"inLanguage":"es","potentialAction":[{"@type":"ReadAction","target":["https:\/\/ejuniper.com\/es\/products\/"]}]},{"@type":"ImageObject","inLanguage":"es","@id":"https:\/\/ejuniper.com\/es\/products\/#primaryimage","url":"https:\/\/ejuniper.com\/wp-content\/uploads\/2023\/07\/Juniper-TravelTechnology.png","contentUrl":"https:\/\/ejuniper.com\/wp-content\/uploads\/2023\/07\/Juniper-TravelTechnology.png","width":201,"height":200,"caption":"Juniper Travel Technology"},{"@type":"BreadcrumbList","@id":"https:\/\/ejuniper.com\/es\/products\/#breadcrumb","itemListElement":[{"@type":"ListItem","position":1,"name":"Inicio","item":"https:\/\/ejuniper.com\/es\/"},{"@type":"ListItem","position":2,"name":"Productos"}]},{"@type":"WebSite","@id":"https:\/\/ejuniper.com\/es\/#website","url":"https:\/\/ejuniper.com\/es\/","name":"https:\/\/ejuniper.com\/","description":"Redefining Travel with Innovative Technology","publisher":{"@id":"https:\/\/ejuniper.com\/es\/#organization"},"potentialAction":[{"@type":"SearchAction","target":{"@type":"EntryPoint","urlTemplate":"https:\/\/ejuniper.com\/es\/?s={search_term_string}"},"query-input":{"@type":"PropertyValueSpecification","valueRequired":true,"valueName":"search_term_string"}}],"inLanguage":"es"},{"@type":"Organization","@id":"https:\/\/ejuniper.com\/es\/#organization","name":"Juniper Travel Technology","url":"https:\/\/ejuniper.com\/es\/","logo":{"@type":"ImageObject","inLanguage":"es","@id":"https:\/\/ejuniper.com\/es\/#\/schema\/logo\/image\/","url":"https:\/\/ejuniper.com\/wp-content\/uploads\/2024\/11\/juniper-2-1.svg","contentUrl":"https:\/\/ejuniper.com\/wp-content\/uploads\/2024\/11\/juniper-2-1.svg","width":48,"height":48,"caption":"Juniper Travel Technology"},"image":{"@id":"https:\/\/ejuniper.com\/es\/#\/schema\/logo\/image\/"},"sameAs":["https:\/\/www.linkedin.com\/company\/juniper\/"]}]}},"acf":[],"_links":{"self":[{"href":"https:\/\/ejuniper.com\/es\/wp-json\/wp\/v2\/pages\/65054","targetHints":{"allow":["GET"]}}],"collection":[{"href":"https:\/\/ejuniper.com\/es\/wp-json\/wp\/v2\/pages"}],"about":[{"href":"https:\/\/ejuniper.com\/es\/wp-json\/wp\/v2\/types\/page"}],"author":[{"embeddable":true,"href":"https:\/\/ejuniper.com\/es\/wp-json\/wp\/v2\/users\/1"}],"replies":[{"embeddable":true,"href":"https:\/\/ejuniper.com\/es\/wp-json\/wp\/v2\/comments?post=65054"}],"version-history":[{"count":41,"href":"https:\/\/ejuniper.com\/es\/wp-json\/wp\/v2\/pages\/65054\/revisions"}],"predecessor-version":[{"id":86315,"href":"https:\/\/ejuniper.com\/es\/wp-json\/wp\/v2\/pages\/65054\/revisions\/86315"}],"wp:featuredmedia":[{"embeddable":true,"href":"https:\/\/ejuniper.com\/es\/wp-json\/wp\/v2\/media\/32598"}],"wp:attachment":[{"href":"https:\/\/ejuniper.com\/es\/wp-json\/wp\/v2\/media?parent=65054"}],"curies":[{"name":"wp","href":"https:\/\/api.w.org\/{rel}","templated":true}]}}