{"id":64033,"date":"2025-07-29T09:17:41","date_gmt":"2025-07-29T07:17:41","guid":{"rendered":"https:\/\/ejuniper.com\/contact-new-pardot\/"},"modified":"2026-03-05T14:37:25","modified_gmt":"2026-03-05T13:37:25","slug":"contact","status":"publish","type":"page","link":"https:\/\/ejuniper.com\/es\/contact\/","title":{"rendered":"Contacto"},"content":{"rendered":"\t\t<div data-elementor-type=\"wp-page\" data-elementor-id=\"64033\" class=\"elementor elementor-64033 elementor-64008\" data-elementor-post-type=\"page\">\n\t\t\t\t<div class=\"elementor-element elementor-element-0c995bc e-flex e-con-boxed e-con e-parent\" data-id=\"0c995bc\" data-element_type=\"container\" data-e-type=\"container\" data-settings=\"{&quot;background_background&quot;:&quot;classic&quot;}\">\n\t\t\t\t\t<div class=\"e-con-inner\">\n\t\t<div class=\"elementor-element elementor-element-3e6ed6f e-con-full e-flex e-con e-child\" data-id=\"3e6ed6f\" data-element_type=\"container\" data-e-type=\"container\">\n\t\t<div class=\"elementor-element elementor-element-f8ac89a e-con-full e-flex e-con e-child\" data-id=\"f8ac89a\" data-element_type=\"container\" data-e-type=\"container\">\n\t\t\t\t<div class=\"elementor-element elementor-element-4be08f1 elementor-widget elementor-widget-heading\" data-id=\"4be08f1\" data-element_type=\"widget\" data-e-type=\"widget\" data-widget_type=\"heading.default\">\n\t\t\t\t\t<h2 class=\"elementor-heading-title elementor-size-default\"><b>Empieza a redefinir tu negocio <\/b> con Juniper Travel Technology<\/h2>\t\t\t\t<\/div>\n\t\t\t\t<div class=\"elementor-element elementor-element-72b6b35 elementor-widget elementor-widget-text-editor\" data-id=\"72b6b35\" data-element_type=\"widget\" data-e-type=\"widget\" data-widget_type=\"text-editor.default\">\n\t\t\t\t\t\t\t\t\t<p>Descubre las soluciones de Juniper para DMC, agencias de viajes, Bed Banks, aerol\u00edneas, turoperadores y cruceros.<\/p>\t\t\t\t\t\t\t\t<\/div>\n\t\t\t\t<div class=\"elementor-element elementor-element-562187d elementor-icon-list--layout-traditional elementor-list-item-link-full_width elementor-widget elementor-widget-icon-list\" data-id=\"562187d\" data-element_type=\"widget\" data-e-type=\"widget\" data-widget_type=\"icon-list.default\">\n\t\t\t\t\t\t\t<ul class=\"elementor-icon-list-items\">\n\t\t\t\t\t\t\t<li class=\"elementor-icon-list-item\">\n\t\t\t\t\t\t\t\t\t\t\t<span class=\"elementor-icon-list-icon\">\n\t\t\t\t\t\t\t<svg aria-hidden=\"true\" class=\"e-font-icon-svg e-fas-check\" viewBox=\"0 0 512 512\" xmlns=\"http:\/\/www.w3.org\/2000\/svg\"><path d=\"M173.898 439.404l-166.4-166.4c-9.997-9.997-9.997-26.206 0-36.204l36.203-36.204c9.997-9.998 26.207-9.998 36.204 0L192 312.69 432.095 72.596c9.997-9.997 26.207-9.997 36.204 0l36.203 36.204c9.997 9.997 9.997 26.206 0 36.204l-294.4 294.401c-9.998 9.997-26.207 9.997-36.204-.001z\"><\/path><\/svg>\t\t\t\t\t\t<\/span>\n\t\t\t\t\t\t\t\t\t\t<span class=\"elementor-icon-list-text\">Conoce al proveedor n\u00famero uno de Soluciones Tecnol\u00f3gicas Innovadoras para empresas tur\u00edsticas.<\/span>\n\t\t\t\t\t\t\t\t\t<\/li>\n\t\t\t\t\t\t\t\t<li class=\"elementor-icon-list-item\">\n\t\t\t\t\t\t\t\t\t\t\t<span class=\"elementor-icon-list-icon\">\n\t\t\t\t\t\t\t<svg aria-hidden=\"true\" class=\"e-font-icon-svg e-fas-check\" viewBox=\"0 0 512 512\" xmlns=\"http:\/\/www.w3.org\/2000\/svg\"><path d=\"M173.898 439.404l-166.4-166.4c-9.997-9.997-9.997-26.206 0-36.204l36.203-36.204c9.997-9.998 26.207-9.998 36.204 0L192 312.69 432.095 72.596c9.997-9.997 26.207-9.997 36.204 0l36.203 36.204c9.997 9.997 9.997 26.206 0 36.204l-294.4 294.401c-9.998 9.997-26.207 9.997-36.204-.001z\"><\/path><\/svg>\t\t\t\t\t\t<\/span>\n\t\t\t\t\t\t\t\t\t\t<span class=\"elementor-icon-list-text\">Inf\u00f3rmate sobre c\u00f3mo las soluciones de Juniper pueden ayudarte a encontrar los m\u00f3dulos que necesitas para hacer crecer tu negocio.<\/span>\n\t\t\t\t\t\t\t\t\t<\/li>\n\t\t\t\t\t\t<\/ul>\n\t\t\t\t\t\t<\/div>\n\t\t<div class=\"elementor-element elementor-element-8b65194 e-con-full e-flex e-con e-child\" data-id=\"8b65194\" data-element_type=\"container\" data-e-type=\"container\">\n\t\t\t\t<div class=\"elementor-element elementor-element-a3d8b8f elementor-widget elementor-widget-image\" data-id=\"a3d8b8f\" data-element_type=\"widget\" data-e-type=\"widget\" data-widget_type=\"image.default\">\n\t\t\t\t\t\t\t\t\t\t\t\t\t\t\t<img fetchpriority=\"high\" decoding=\"async\" width=\"800\" height=\"547\" src=\"https:\/\/ejuniper.com\/wp-content\/uploads\/2025\/07\/IMG_JBE.png\" class=\"attachment-large size-large wp-image-64014\" alt=\"\" srcset=\"https:\/\/ejuniper.com\/wp-content\/uploads\/2025\/07\/IMG_JBE.png 800w, https:\/\/ejuniper.com\/wp-content\/uploads\/2025\/07\/IMG_JBE-300x205.png 300w, https:\/\/ejuniper.com\/wp-content\/uploads\/2025\/07\/IMG_JBE-768x525.png 768w\" sizes=\"(max-width: 800px) 100vw, 800px\" \/>\t\t\t\t\t\t\t\t\t\t\t\t\t\t\t<\/div>\n\t\t\t\t<\/div>\n\t\t\t\t<\/div>\n\t\t<div class=\"elementor-element elementor-element-5a99fe9 e-con-full blur e-flex e-con e-child\" data-id=\"5a99fe9\" data-element_type=\"container\" data-e-type=\"container\" data-settings=\"{&quot;background_background&quot;:&quot;classic&quot;}\">\n\t\t\t\t<div class=\"elementor-element elementor-element-a80528d elementor-widget elementor-widget-heading\" data-id=\"a80528d\" data-element_type=\"widget\" data-e-type=\"widget\" data-widget_type=\"heading.default\">\n\t\t\t\t\t<h2 class=\"elementor-heading-title elementor-size-default\">NUESTRAS BUSINESS UNITS\n<\/h2>\t\t\t\t<\/div>\n\t\t<div class=\"elementor-element elementor-element-13591bc e-con-full e-flex e-con e-child\" data-id=\"13591bc\" data-element_type=\"container\" data-e-type=\"container\">\n\t\t\t\t<div class=\"elementor-element elementor-element-5efe19c elementor-widget elementor-widget-image\" data-id=\"5efe19c\" data-element_type=\"widget\" data-e-type=\"widget\" data-widget_type=\"image.default\">\n\t\t\t\t\t\t\t\t\t\t\t\t\t\t\t<img decoding=\"async\" width=\"800\" height=\"683\" src=\"https:\/\/ejuniper.com\/wp-content\/uploads\/2025\/10\/Dome-1.svg\" class=\"attachment-large size-large wp-image-75202\" alt=\"\" \/>\t\t\t\t\t\t\t\t\t\t\t\t\t\t\t<\/div>\n\t\t\t\t<div class=\"elementor-element elementor-element-e23d975 elementor-widget elementor-widget-image\" data-id=\"e23d975\" data-element_type=\"widget\" data-e-type=\"widget\" data-widget_type=\"image.default\">\n\t\t\t\t\t\t\t\t\t\t\t\t\t\t\t<img decoding=\"async\" width=\"800\" height=\"683\" src=\"https:\/\/ejuniper.com\/wp-content\/uploads\/2025\/11\/Ist_CSI-1.svg\" class=\"attachment-large size-large wp-image-77231\" alt=\"\" \/>\t\t\t\t\t\t\t\t\t\t\t\t\t\t\t<\/div>\n\t\t\t\t<div class=\"elementor-element elementor-element-7d1c958 elementor-widget elementor-widget-image\" data-id=\"7d1c958\" data-element_type=\"widget\" data-e-type=\"widget\" data-widget_type=\"image.default\">\n\t\t\t\t\t\t\t\t\t\t\t\t\t\t\t<img loading=\"lazy\" decoding=\"async\" width=\"800\" height=\"683\" src=\"https:\/\/ejuniper.com\/wp-content\/uploads\/2025\/10\/Lleego-1-1.svg\" class=\"attachment-large size-large wp-image-75204\" alt=\"\" \/>\t\t\t\t\t\t\t\t\t\t\t\t\t\t\t<\/div>\n\t\t\t\t<div class=\"elementor-element elementor-element-6d5c3de elementor-widget elementor-widget-image\" data-id=\"6d5c3de\" data-element_type=\"widget\" data-e-type=\"widget\" data-widget_type=\"image.default\">\n\t\t\t\t\t\t\t\t\t\t\t\t\t\t\t<img loading=\"lazy\" decoding=\"async\" width=\"800\" height=\"683\" src=\"https:\/\/ejuniper.com\/wp-content\/uploads\/2025\/11\/RezMagic.svg\" class=\"attachment-large size-large wp-image-77233\" alt=\"\" \/>\t\t\t\t\t\t\t\t\t\t\t\t\t\t\t<\/div>\n\t\t\t\t<div class=\"elementor-element elementor-element-94db850 elementor-widget elementor-widget-image\" data-id=\"94db850\" data-element_type=\"widget\" data-e-type=\"widget\" data-widget_type=\"image.default\">\n\t\t\t\t\t\t\t\t\t\t\t\t\t\t\t<img loading=\"lazy\" decoding=\"async\" width=\"800\" height=\"683\" src=\"https:\/\/ejuniper.com\/wp-content\/uploads\/2025\/10\/Vervotech-1.svg\" class=\"attachment-large size-large wp-image-75206\" alt=\"\" \/>\t\t\t\t\t\t\t\t\t\t\t\t\t\t\t<\/div>\n\t\t\t\t<\/div>\n\t\t\t\t<div class=\"elementor-element elementor-element-3ee3a38 elementor-widget-divider--view-line elementor-widget elementor-widget-divider\" data-id=\"3ee3a38\" data-element_type=\"widget\" data-e-type=\"widget\" data-widget_type=\"divider.default\">\n\t\t\t\t\t\t\t<div class=\"elementor-divider\">\n\t\t\t<span class=\"elementor-divider-separator\">\n\t\t\t\t\t\t<\/span>\n\t\t<\/div>\n\t\t\t\t\t\t<\/div>\n\t\t\t\t<div class=\"elementor-element elementor-element-bf4d202 elementor-widget elementor-widget-heading\" data-id=\"bf4d202\" data-element_type=\"widget\" data-e-type=\"widget\" data-widget_type=\"heading.default\">\n\t\t\t\t\t<h2 class=\"elementor-heading-title elementor-size-default\">NUESTRAS DIVISIONES<\/h2>\t\t\t\t<\/div>\n\t\t<div class=\"elementor-element elementor-element-a2fb044 e-con-full e-flex e-con e-child\" data-id=\"a2fb044\" data-element_type=\"container\" data-e-type=\"container\">\n\t\t\t\t<div class=\"elementor-element elementor-element-b92a394 elementor-widget elementor-widget-image\" data-id=\"b92a394\" data-element_type=\"widget\" data-e-type=\"widget\" data-widget_type=\"image.default\">\n\t\t\t\t\t\t\t\t\t\t\t\t\t\t\t<img loading=\"lazy\" decoding=\"async\" width=\"362\" height=\"107\" src=\"https:\/\/ejuniper.com\/wp-content\/uploads\/2025\/10\/juniper-airline-vacations-1.png\" class=\"attachment-full size-full wp-image-75208\" alt=\"\" srcset=\"https:\/\/ejuniper.com\/wp-content\/uploads\/2025\/10\/juniper-airline-vacations-1.png 362w, https:\/\/ejuniper.com\/wp-content\/uploads\/2025\/10\/juniper-airline-vacations-1-300x89.png 300w\" sizes=\"(max-width: 362px) 100vw, 362px\" \/>\t\t\t\t\t\t\t\t\t\t\t\t\t\t\t<\/div>\n\t\t\t\t<div class=\"elementor-element elementor-element-a5be917 elementor-widget elementor-widget-image\" data-id=\"a5be917\" data-element_type=\"widget\" data-e-type=\"widget\" data-widget_type=\"image.default\">\n\t\t\t\t\t\t\t\t\t\t\t\t\t\t\t<img loading=\"lazy\" decoding=\"async\" width=\"321\" height=\"115\" src=\"https:\/\/ejuniper.com\/wp-content\/uploads\/2025\/10\/juniper-cruises-by-ist-1.png\" class=\"attachment-large size-large wp-image-75210\" alt=\"\" srcset=\"https:\/\/ejuniper.com\/wp-content\/uploads\/2025\/10\/juniper-cruises-by-ist-1.png 321w, https:\/\/ejuniper.com\/wp-content\/uploads\/2025\/10\/juniper-cruises-by-ist-1-300x107.png 300w\" sizes=\"(max-width: 321px) 100vw, 321px\" \/>\t\t\t\t\t\t\t\t\t\t\t\t\t\t\t<\/div>\n\t\t\t\t<div class=\"elementor-element elementor-element-caef93a elementor-widget elementor-widget-image\" data-id=\"caef93a\" data-element_type=\"widget\" data-e-type=\"widget\" data-widget_type=\"image.default\">\n\t\t\t\t\t\t\t\t\t\t\t\t\t\t\t<img loading=\"lazy\" decoding=\"async\" width=\"800\" height=\"683\" src=\"https:\/\/ejuniper.com\/wp-content\/uploads\/2025\/11\/DMCs-Juniper_Experiences_by_Nexus_logo_introduction-1.svg\" class=\"attachment-large size-large wp-image-77235\" alt=\"\" \/>\t\t\t\t\t\t\t\t\t\t\t\t\t\t\t<\/div>\n\t\t\t\t<div class=\"elementor-element elementor-element-964e81f elementor-widget elementor-widget-image\" data-id=\"964e81f\" data-element_type=\"widget\" data-e-type=\"widget\" data-widget_type=\"image.default\">\n\t\t\t\t\t\t\t\t\t\t\t\t\t\t\t<img loading=\"lazy\" decoding=\"async\" width=\"292\" height=\"120\" src=\"https:\/\/ejuniper.com\/wp-content\/uploads\/2025\/10\/Juniper-Flights-by-Lleego-1.png\" class=\"attachment-large size-large wp-image-75214\" alt=\"\" \/>\t\t\t\t\t\t\t\t\t\t\t\t\t\t\t<\/div>\n\t\t\t\t<div class=\"elementor-element elementor-element-8ffb27a elementor-widget elementor-widget-image\" data-id=\"8ffb27a\" data-element_type=\"widget\" data-e-type=\"widget\" data-widget_type=\"image.default\">\n\t\t\t\t\t\t\t\t\t\t\t\t\t\t\t<img loading=\"lazy\" decoding=\"async\" width=\"345\" height=\"59\" src=\"https:\/\/ejuniper.com\/wp-content\/uploads\/2025\/10\/Juniper-Vervotech-1.png\" class=\"attachment-large size-large wp-image-75216\" alt=\"\" srcset=\"https:\/\/ejuniper.com\/wp-content\/uploads\/2025\/10\/Juniper-Vervotech-1.png 345w, https:\/\/ejuniper.com\/wp-content\/uploads\/2025\/10\/Juniper-Vervotech-1-300x51.png 300w\" sizes=\"(max-width: 345px) 100vw, 345px\" \/>\t\t\t\t\t\t\t\t\t\t\t\t\t\t\t<\/div>\n\t\t\t\t<\/div>\n\t\t\t\t<\/div>\n\t\t\t\t<\/div>\n\t\t<div class=\"elementor-element elementor-element-90f3a09 e-con-full e-flex e-con e-child\" data-id=\"90f3a09\" data-element_type=\"container\" data-e-type=\"container\" data-settings=\"{&quot;background_background&quot;:&quot;classic&quot;}\">\n\t\t\t\t<div class=\"elementor-element elementor-element-d31d063 elementor-widget elementor-widget-shortcode\" data-id=\"d31d063\" data-element_type=\"widget\" data-e-type=\"widget\" data-widget_type=\"shortcode.default\">\n\t\t\t\t\t\t\t<div class=\"elementor-shortcode\">[formulario_pardot_contacto_ES]<\/div>\n\t\t\t\t\t\t<\/div>\n\t\t\t\t<\/div>\n\t\t\t\t\t<\/div>\n\t\t\t\t<\/div>\n\t\t\t\t<\/div>\n\t\t","protected":false},"excerpt":{"rendered":"<p>Empieza a redefinir tu negocio con Juniper Travel Technology Descubre las soluciones de Juniper para DMC, agencias de viajes, Bed Banks, aerol\u00edneas, turoperadores y cruceros. Conoce al proveedor n\u00famero uno de Soluciones Tecnol\u00f3gicas Innovadoras para empresas tur\u00edsticas. Inf\u00f3rmate sobre c\u00f3mo las soluciones de Juniper pueden ayudarte a encontrar los m\u00f3dulos que necesitas para hacer crecer [&hellip;]<\/p>\n","protected":false},"author":46,"featured_media":0,"parent":0,"menu_order":0,"comment_status":"closed","ping_status":"closed","template":"elementor_header_footer","meta":{"_acf_changed":false,"inline_featured_image":false,"footnotes":""},"class_list":["post-64033","page","type-page","status-publish","hentry"],"yoast_head":"<!-- This site is optimized with the Yoast SEO plugin v27.4 - https:\/\/yoast.com\/product\/yoast-seo-wordpress\/ -->\n<title>Contacto Juniper<\/title>\n<meta name=\"robots\" content=\"index, follow, max-snippet:-1, max-image-preview:large, max-video-preview:-1\" \/>\n<link rel=\"canonical\" href=\"https:\/\/ejuniper.com\/es\/contact\/\" \/>\n<meta property=\"og:locale\" content=\"es_ES\" \/>\n<meta property=\"og:type\" content=\"article\" \/>\n<meta property=\"og:title\" content=\"Contacto Juniper\" \/>\n<meta property=\"og:description\" content=\"Empieza a redefinir tu negocio con Juniper Travel Technology Descubre las soluciones de Juniper para DMC, agencias de viajes, Bed Banks, aerol\u00edneas, turoperadores y cruceros. Conoce al proveedor n\u00famero uno de Soluciones Tecnol\u00f3gicas Innovadoras para empresas tur\u00edsticas. Inf\u00f3rmate sobre c\u00f3mo las soluciones de Juniper pueden ayudarte a encontrar los m\u00f3dulos que necesitas para hacer crecer [&hellip;]\" \/>\n<meta property=\"og:url\" content=\"https:\/\/ejuniper.com\/es\/contact\/\" \/>\n<meta property=\"og:site_name\" content=\"Juniper\" \/>\n<meta property=\"article:modified_time\" content=\"2026-03-05T13:37:25+00:00\" \/>\n<meta property=\"og:image\" content=\"https:\/\/ejuniper.com\/wp-content\/uploads\/2025\/07\/IMG_JBE.png\" \/>\n\t<meta property=\"og:image:width\" content=\"800\" \/>\n\t<meta property=\"og:image:height\" content=\"547\" \/>\n\t<meta property=\"og:image:type\" content=\"image\/png\" \/>\n<meta name=\"twitter:card\" content=\"summary_large_image\" \/>\n<meta name=\"twitter:label1\" content=\"Tiempo de lectura\" \/>\n\t<meta name=\"twitter:data1\" content=\"1 minuto\" \/>\n<script type=\"application\/ld+json\" class=\"yoast-schema-graph\">{\"@context\":\"https:\\\/\\\/schema.org\",\"@graph\":[{\"@type\":\"WebPage\",\"@id\":\"https:\\\/\\\/ejuniper.com\\\/es\\\/contact\\\/\",\"url\":\"https:\\\/\\\/ejuniper.com\\\/es\\\/contact\\\/\",\"name\":\"Contacto Juniper\",\"isPartOf\":{\"@id\":\"https:\\\/\\\/ejuniper.com\\\/es\\\/#website\"},\"primaryImageOfPage\":{\"@id\":\"https:\\\/\\\/ejuniper.com\\\/es\\\/contact\\\/#primaryimage\"},\"image\":{\"@id\":\"https:\\\/\\\/ejuniper.com\\\/es\\\/contact\\\/#primaryimage\"},\"thumbnailUrl\":\"https:\\\/\\\/ejuniper.com\\\/wp-content\\\/uploads\\\/2025\\\/07\\\/IMG_JBE.png\",\"datePublished\":\"2025-07-29T07:17:41+00:00\",\"dateModified\":\"2026-03-05T13:37:25+00:00\",\"breadcrumb\":{\"@id\":\"https:\\\/\\\/ejuniper.com\\\/es\\\/contact\\\/#breadcrumb\"},\"inLanguage\":\"es\",\"potentialAction\":[{\"@type\":\"ReadAction\",\"target\":[\"https:\\\/\\\/ejuniper.com\\\/es\\\/contact\\\/\"]}]},{\"@type\":\"ImageObject\",\"inLanguage\":\"es\",\"@id\":\"https:\\\/\\\/ejuniper.com\\\/es\\\/contact\\\/#primaryimage\",\"url\":\"https:\\\/\\\/ejuniper.com\\\/wp-content\\\/uploads\\\/2025\\\/07\\\/IMG_JBE.png\",\"contentUrl\":\"https:\\\/\\\/ejuniper.com\\\/wp-content\\\/uploads\\\/2025\\\/07\\\/IMG_JBE.png\"},{\"@type\":\"BreadcrumbList\",\"@id\":\"https:\\\/\\\/ejuniper.com\\\/es\\\/contact\\\/#breadcrumb\",\"itemListElement\":[{\"@type\":\"ListItem\",\"position\":1,\"name\":\"Inicio\",\"item\":\"https:\\\/\\\/ejuniper.com\\\/es\\\/\"},{\"@type\":\"ListItem\",\"position\":2,\"name\":\"Contacto\"}]},{\"@type\":\"WebSite\",\"@id\":\"https:\\\/\\\/ejuniper.com\\\/es\\\/#website\",\"url\":\"https:\\\/\\\/ejuniper.com\\\/es\\\/\",\"name\":\"https:\\\/\\\/ejuniper.com\\\/\",\"description\":\"Redefining Travel with Innovative Technology\",\"publisher\":{\"@id\":\"https:\\\/\\\/ejuniper.com\\\/es\\\/#organization\"},\"potentialAction\":[{\"@type\":\"SearchAction\",\"target\":{\"@type\":\"EntryPoint\",\"urlTemplate\":\"https:\\\/\\\/ejuniper.com\\\/es\\\/?s={search_term_string}\"},\"query-input\":{\"@type\":\"PropertyValueSpecification\",\"valueRequired\":true,\"valueName\":\"search_term_string\"}}],\"inLanguage\":\"es\"},{\"@type\":\"Organization\",\"@id\":\"https:\\\/\\\/ejuniper.com\\\/es\\\/#organization\",\"name\":\"Juniper Travel Technology\",\"url\":\"https:\\\/\\\/ejuniper.com\\\/es\\\/\",\"logo\":{\"@type\":\"ImageObject\",\"inLanguage\":\"es\",\"@id\":\"https:\\\/\\\/ejuniper.com\\\/es\\\/#\\\/schema\\\/logo\\\/image\\\/\",\"url\":\"https:\\\/\\\/ejuniper.com\\\/wp-content\\\/uploads\\\/2024\\\/11\\\/juniper-2-1.svg\",\"contentUrl\":\"https:\\\/\\\/ejuniper.com\\\/wp-content\\\/uploads\\\/2024\\\/11\\\/juniper-2-1.svg\",\"width\":48,\"height\":48,\"caption\":\"Juniper Travel Technology\"},\"image\":{\"@id\":\"https:\\\/\\\/ejuniper.com\\\/es\\\/#\\\/schema\\\/logo\\\/image\\\/\"},\"sameAs\":[\"https:\\\/\\\/www.linkedin.com\\\/company\\\/juniper\\\/\"]}]}<\/script>\n<!-- \/ Yoast SEO plugin. -->","yoast_head_json":{"title":"Contacto Juniper","robots":{"index":"index","follow":"follow","max-snippet":"max-snippet:-1","max-image-preview":"max-image-preview:large","max-video-preview":"max-video-preview:-1"},"canonical":"https:\/\/ejuniper.com\/es\/contact\/","og_locale":"es_ES","og_type":"article","og_title":"Contacto Juniper","og_description":"Empieza a redefinir tu negocio con Juniper Travel Technology Descubre las soluciones de Juniper para DMC, agencias de viajes, Bed Banks, aerol\u00edneas, turoperadores y cruceros. Conoce al proveedor n\u00famero uno de Soluciones Tecnol\u00f3gicas Innovadoras para empresas tur\u00edsticas. Inf\u00f3rmate sobre c\u00f3mo las soluciones de Juniper pueden ayudarte a encontrar los m\u00f3dulos que necesitas para hacer crecer [&hellip;]","og_url":"https:\/\/ejuniper.com\/es\/contact\/","og_site_name":"Juniper","article_modified_time":"2026-03-05T13:37:25+00:00","og_image":[{"width":800,"height":547,"url":"https:\/\/ejuniper.com\/wp-content\/uploads\/2025\/07\/IMG_JBE.png","type":"image\/png"}],"twitter_card":"summary_large_image","twitter_misc":{"Tiempo de lectura":"1 minuto"},"schema":{"@context":"https:\/\/schema.org","@graph":[{"@type":"WebPage","@id":"https:\/\/ejuniper.com\/es\/contact\/","url":"https:\/\/ejuniper.com\/es\/contact\/","name":"Contacto Juniper","isPartOf":{"@id":"https:\/\/ejuniper.com\/es\/#website"},"primaryImageOfPage":{"@id":"https:\/\/ejuniper.com\/es\/contact\/#primaryimage"},"image":{"@id":"https:\/\/ejuniper.com\/es\/contact\/#primaryimage"},"thumbnailUrl":"https:\/\/ejuniper.com\/wp-content\/uploads\/2025\/07\/IMG_JBE.png","datePublished":"2025-07-29T07:17:41+00:00","dateModified":"2026-03-05T13:37:25+00:00","breadcrumb":{"@id":"https:\/\/ejuniper.com\/es\/contact\/#breadcrumb"},"inLanguage":"es","potentialAction":[{"@type":"ReadAction","target":["https:\/\/ejuniper.com\/es\/contact\/"]}]},{"@type":"ImageObject","inLanguage":"es","@id":"https:\/\/ejuniper.com\/es\/contact\/#primaryimage","url":"https:\/\/ejuniper.com\/wp-content\/uploads\/2025\/07\/IMG_JBE.png","contentUrl":"https:\/\/ejuniper.com\/wp-content\/uploads\/2025\/07\/IMG_JBE.png"},{"@type":"BreadcrumbList","@id":"https:\/\/ejuniper.com\/es\/contact\/#breadcrumb","itemListElement":[{"@type":"ListItem","position":1,"name":"Inicio","item":"https:\/\/ejuniper.com\/es\/"},{"@type":"ListItem","position":2,"name":"Contacto"}]},{"@type":"WebSite","@id":"https:\/\/ejuniper.com\/es\/#website","url":"https:\/\/ejuniper.com\/es\/","name":"https:\/\/ejuniper.com\/","description":"Redefining Travel with Innovative Technology","publisher":{"@id":"https:\/\/ejuniper.com\/es\/#organization"},"potentialAction":[{"@type":"SearchAction","target":{"@type":"EntryPoint","urlTemplate":"https:\/\/ejuniper.com\/es\/?s={search_term_string}"},"query-input":{"@type":"PropertyValueSpecification","valueRequired":true,"valueName":"search_term_string"}}],"inLanguage":"es"},{"@type":"Organization","@id":"https:\/\/ejuniper.com\/es\/#organization","name":"Juniper Travel Technology","url":"https:\/\/ejuniper.com\/es\/","logo":{"@type":"ImageObject","inLanguage":"es","@id":"https:\/\/ejuniper.com\/es\/#\/schema\/logo\/image\/","url":"https:\/\/ejuniper.com\/wp-content\/uploads\/2024\/11\/juniper-2-1.svg","contentUrl":"https:\/\/ejuniper.com\/wp-content\/uploads\/2024\/11\/juniper-2-1.svg","width":48,"height":48,"caption":"Juniper Travel Technology"},"image":{"@id":"https:\/\/ejuniper.com\/es\/#\/schema\/logo\/image\/"},"sameAs":["https:\/\/www.linkedin.com\/company\/juniper\/"]}]}},"acf":[],"_links":{"self":[{"href":"https:\/\/ejuniper.com\/es\/wp-json\/wp\/v2\/pages\/64033","targetHints":{"allow":["GET"]}}],"collection":[{"href":"https:\/\/ejuniper.com\/es\/wp-json\/wp\/v2\/pages"}],"about":[{"href":"https:\/\/ejuniper.com\/es\/wp-json\/wp\/v2\/types\/page"}],"author":[{"embeddable":true,"href":"https:\/\/ejuniper.com\/es\/wp-json\/wp\/v2\/users\/46"}],"replies":[{"embeddable":true,"href":"https:\/\/ejuniper.com\/es\/wp-json\/wp\/v2\/comments?post=64033"}],"version-history":[{"count":41,"href":"https:\/\/ejuniper.com\/es\/wp-json\/wp\/v2\/pages\/64033\/revisions"}],"predecessor-version":[{"id":85597,"href":"https:\/\/ejuniper.com\/es\/wp-json\/wp\/v2\/pages\/64033\/revisions\/85597"}],"wp:attachment":[{"href":"https:\/\/ejuniper.com\/es\/wp-json\/wp\/v2\/media?parent=64033"}],"curies":[{"name":"wp","href":"https:\/\/api.w.org\/{rel}","templated":true}]}}