{"id":10264,"date":"2019-05-17T09:28:36","date_gmt":"2019-05-17T09:28:36","guid":{"rendered":"http:\/\/corporativa.juniper.es\/?page_id=10264"},"modified":"2025-09-08T10:26:35","modified_gmt":"2025-09-08T08:26:35","slug":"privacy-policy","status":"publish","type":"page","link":"https:\/\/ejuniper.com\/es\/privacy-policy\/","title":{"rendered":"Privacy Policy"},"content":{"rendered":"\t\t<div data-elementor-type=\"wp-page\" data-elementor-id=\"10264\" class=\"elementor elementor-10264 elementor-4472\" data-elementor-post-type=\"page\">\n\t\t\t\t\t\t<section class=\"elementor-section elementor-top-section elementor-element elementor-element-6656d9a elementor-section-boxed elementor-section-height-default elementor-section-height-default\" data-id=\"6656d9a\" data-element_type=\"section\" data-e-type=\"section\">\n\t\t\t\t\t\t<div class=\"elementor-container elementor-column-gap-default\">\n\t\t\t\t\t<div class=\"elementor-column elementor-col-100 elementor-top-column elementor-element elementor-element-6cbbe3f\" data-id=\"6cbbe3f\" data-element_type=\"column\" data-e-type=\"column\">\n\t\t\t<div class=\"elementor-widget-wrap elementor-element-populated\">\n\t\t\t\t\t\t<div class=\"elementor-element elementor-element-cbd53f8 animated-slow elementor-widget-tablet__width-initial elementor-invisible elementor-widget elementor-widget-heading\" data-id=\"cbd53f8\" data-element_type=\"widget\" data-e-type=\"widget\" data-settings=\"{&quot;_animation&quot;:&quot;fadeInDown&quot;}\" data-widget_type=\"heading.default\">\n\t\t\t\t\t<h2 class=\"elementor-heading-title elementor-size-default\">Pol\u00edtica de Privacidad\n<\/h2>\t\t\t\t<\/div>\n\t\t\t\t\t<\/div>\n\t\t<\/div>\n\t\t\t\t\t<\/div>\n\t\t<\/section>\n\t\t\t\t<section class=\"elementor-section elementor-top-section elementor-element elementor-element-9b7daf4 elementor-section-boxed elementor-section-height-default elementor-section-height-default\" data-id=\"9b7daf4\" data-element_type=\"section\" data-e-type=\"section\">\n\t\t\t\t\t\t<div class=\"elementor-container elementor-column-gap-default\">\n\t\t\t\t\t<div class=\"elementor-column elementor-col-100 elementor-top-column elementor-element elementor-element-596d8dfa\" data-id=\"596d8dfa\" data-element_type=\"column\" data-e-type=\"column\">\n\t\t\t<div class=\"elementor-widget-wrap elementor-element-populated\">\n\t\t\t\t\t\t<div class=\"elementor-element elementor-element-97347fb elementor-widget elementor-widget-text-editor\" data-id=\"97347fb\" data-element_type=\"widget\" data-e-type=\"widget\" data-widget_type=\"text-editor.default\">\n\t\t\t\t\t\t\t\t\tEn este documento le facilito informaci\u00f3n importante acerca de la recogida y tratamiento que hacemos sobre sus datos de car\u00e1cter personal. Por ello, le recomendamos leer atentamente su contenido para que me pueda facilitar su consentimiento al tratamiento de dichos datos.\n<h2>\u00bfQui\u00e9n es el responsable del tratamiento de los datos?<\/h2>\n<ul class=\"blank\">\n \t<li><strong>JUNIPER CONSULTING SL<\/strong><\/li>\n \t<li>Gremi Fusters, 33 &#8211; Oficina 302<\/li>\n \t<li>07009 &#8211; Palma de Mallorca<\/li>\n \t<li>T. (+34) 971 764 415<\/li>\n<\/ul>\nSi quiere contactar conmigo para cualquier cuesti\u00f3n referente a sus datos, puede hacerlo mand\u00e1ndome un correo electr\u00f3nico a la direcci\u00f3n gdpr@ejuniper.com\n<h2>\u00bfCu\u00e1l es la finalidad de la recogida y tratamiento de sus datos?<\/h2>\nRecogemos sus datos para poder tramitar la petici\u00f3n que usted nos haga en el formulario de contacto.\n\nAsimismo, recogemos sus datos para poder gestionar el env\u00edo de newsletter con el fin de poder ofrecerle productos y servicios de acuerdo con sus intereses.\n<h2>\u00bfCu\u00e1nto tiempo conservaremos sus datos?<\/h2>\nCon la finalidad de poder mantener el contacto con usted, conservaremos sus datos durante un periodo de tres a\u00f1os, pasado el cual los destruiremos si no hay una petici\u00f3n suya de conservaci\u00f3n.\n<h2>\u00bfCu\u00e1l es la legitimaci\u00f3n para el tratamiento de sus datos?<\/h2>\nEl cumplimiento de las obligaciones legales impuestas por el derecho de la Uni\u00f3n o de los Estados Miembros, entre ellas, por el Reglamento (UE) 2016\/679 del Parlamento Europeo y del Consejo de 27 de abril de 2016 relativo a la protecci\u00f3n de las personas f\u00edsicas en lo que respecta al tratamiento de datos personales y a la libre circulaci\u00f3n de estos datos y por el que se deroga la Directiva 95\/46\/CE.\n<h2>\u00bfA qui\u00e9n comunico sus datos?<\/h2>\nNo cederemos sus datos personales a terceros, salvo que estemos obligados por una ley o que t\u00fa hayas otorgado tu consentimiento previamente con nosotros.\n\nPara poder prestarte un servicio adecuado y gestionar la relaci\u00f3n que tenemos contigo como cliente, las siguientes sociedades que participan con JUNIPER CONSULTING podr\u00edan acceder a tus datos personales:\n<ul class=\"blank\">\n \t<li><strong>CONSTELLATION SOFTWARE INC.<\/strong><\/li>\n \t<li>#1200 &#8211; 20 Adelaide Street East<\/li>\n \t<li>Toronto, ON M5C 2T6<\/li>\n \t<li>CANADA<\/li>\n \t<li>Tel: (416) 861-2279 \u2014 Fax: (416) 861-2287<\/li>\n<\/ul>\n<h2>\u00bfTransferimos sus datos a otros pa\u00edses?<\/h2>\nPara la misma finalidad que la indicada en el p\u00e1rrafo anterior, las siguientes sociedades que participan con JUNIPER CONSULTING podr\u00edan acceder a sus datos personales (Trasferencias internacionales de datos):\n<table>\n<thead>\n<tr>\n<th>Pa\u00eds<\/th>\n<th>Empresa<\/th>\n<th>Servicios<\/th>\n<th>Garant\u00edas<\/th>\n<\/tr>\n<\/thead>\n<tbody>\n<tr>\n<td>CANAD\u00c1<\/td>\n<td>CONSTELLATION SOFTWARE INC<\/td>\n<td>Para darnos soporte comercial<\/td>\n<td>Pa\u00eds con un nivel adecuado de protecci\u00f3n aplicando la Decisi\u00f3n 2002\/2\/CE de la Comisi\u00f3n respecto de las entidades sujetas al \u00e1mbito de aplicaci\u00f3n de la ley canadiense de protecci\u00f3n de datos<\/td>\n<\/tr>\n<\/tbody>\n<\/table>\n<h2>\u00bfCu\u00e1les son sus derechos al facilitarme sus datos?<\/h2>\nUsted debe saber que, por el hecho de tratar sus datos personales, dispone de unos derechos que detallamos a continuaci\u00f3n:\n<ul>\n \t<li>Cuando la base de legitimaci\u00f3n para el tratamiento de los datos se base en su consentimiento, usted tiene derecho a retirar dicho consentimiento en cualquier momento.<\/li>\n \t<li>Podr\u00e1 solicitar acceso a todos sus datos personales que tratamos (derecho de acceso).<\/li>\n \t<li>Tendr\u00e1 derecho a rectificar sus datos, bien porque son inexactos o porque han cambiado (derecho de rectificaci\u00f3n).<\/li>\n \t<li>Igualmente podr\u00e1 solicitar el borrado de sus datos cuando haya terminado la relaci\u00f3n laboral. En varias circunstancias, el borrado no podr\u00e1 ser completo debido a la existencia de legislaci\u00f3n que nos obliga a mantenerlos durante un periodo de cinco a\u00f1os (derecho de cancelaci\u00f3n).<\/li>\n \t<li>Tendr\u00e1 derecho a solicitar que no se traten sus datos personales (derecho de oposici\u00f3n).<\/li>\n \t<li>Tambi\u00e9n podr\u00e1 solicitar la limitaci\u00f3n del tratamiento de sus datos en los siguientes casos (derecho a la limitaci\u00f3n del tratamiento):\n<ul>\n \t<li>Durante el estudio de impugnaci\u00f3n por la inexactitud de sus datos.<\/li>\n \t<li>Si el tratamiento es il\u00edcito, usted se oponga a la supresi\u00f3n de los datos.<\/li>\n \t<li>Cuando no necesitemos tratar sus datos, pero usted los necesite para el ejercicio o defensa ante posibles reclamaciones.<\/li>\n \t<li>Si usted se ha opuesto al tratamiento de los datos alegando inter\u00e9s p\u00fablico o leg\u00edtimo, mientras estamos analizando si nuestros motivos para el tratamiento prevalecen sobre sus intereses.<\/li>\n<\/ul>\n<\/li>\n \t<li>Por \u00faltimo, tendr\u00e1 derecho a que le entreguemos sus datos personales en formato electr\u00f3nico, de forma que sea manejable por usted (derecho a la portabilidad).<\/li>\n<\/ul>\n<h2>\u00bfEst\u00e1n seguros sus datos?<\/h2>\nEn JUNIPER CONSULTING SL recogemos, tratamos y almacenamos sus datos aplicando pol\u00edticas y normas de seguridad de la informaci\u00f3n. Estas medidas de seguridad aplican tanto a la informaci\u00f3n en formato electr\u00f3nico como en papel, y garantizan la confidencialidad, integridad y disponibilidad de sus datos. En caso de que exista un evento o incidente que comprometa sus datos, se lo comunicaremos con la mayor brevedad posible.\n<h2>Pol\u00edtica de Cookies<\/h2>\nJuniper puede utilizar cookies cuando un Usuario navega por los sitios y p\u00e1ginas web. Las cookies que se puedan utilizar en los sitios y p\u00e1ginas web se asocian \u00fanicamente con el navegador de un ordenador determinado (un Usuario an\u00f3nimo), y no proporcionan por s\u00ed el nombre y apellidos del Usuario. Gracias a las cookies, resulta posible que Juniper reconozca los navegadores de los Usuarios registrados despu\u00e9s de que \u00e9stos se hayan registrado por primera vez, sin que se tengan que registrarse en cada visita para acceder a las \u00e1reas y servicios reservados exclusivamente a ellos. Las cookies utilizadas no pueden leer los archivos cookie creados por otros proveedores. El Usuario tiene la posibilidad de configurar su navegador para ser avisado en pantalla de la recepci\u00f3n de cookies y para impedir la instalaci\u00f3n de cookies en su disco duro. Por favor, consulte las instrucciones y manuales de su navegador para ampliar \u00e9sta informaci\u00f3n. Para utilizar el Web, no resulta necesario que el Usuario permita la instalaci\u00f3n de las cookies enviadas por Juniper, sin perjuicio de que en tal caso ser\u00e1 necesario que el Usuario se registre como usuario de cada uno de los servicios cuya prestaci\u00f3n requiera el previo registro.\n\nLas cookies que se utilizan en los sitios y p\u00e1ginas web pueden ser servidas por Juniper, en cuyo caso se sirven desde los servidores operados por \u00e9stas. Siempre que no haya activado la opci\u00f3n que impide la instalaci\u00f3n de cookies en su disco duro, Ud. puede explorar su disco duro siguiendo el manual de instrucciones y ayuda de su sistema operativo (normalmente, en sistemas operativos Windows deber\u00e1 consultar la carpeta &#8220;C\/Windows\/Cookies&#8221; o la unidad de disco correspondiente) para conocer con mayor detalle cada servidor desde donde se env\u00edan las cookies\t\t\t\t\t\t\t\t<\/div>\n\t\t\t\t\t<\/div>\n\t\t<\/div>\n\t\t\t\t\t<\/div>\n\t\t<\/section>\n\t\t\t\t<\/div>\n\t\t","protected":false},"excerpt":{"rendered":"<p>Pol\u00edtica de Privacidad En este documento le facilito informaci\u00f3n importante acerca de la recogida y tratamiento que hacemos sobre sus datos de car\u00e1cter personal. Por ello, le recomendamos leer atentamente su contenido para que me pueda facilitar su consentimiento al tratamiento de dichos datos. \u00bfQui\u00e9n es el responsable del tratamiento de los datos? JUNIPER CONSULTING [&hellip;]<\/p>\n","protected":false},"author":1,"featured_media":48209,"parent":0,"menu_order":0,"comment_status":"closed","ping_status":"closed","template":"elementor_header_footer","meta":{"_acf_changed":false,"inline_featured_image":false,"footnotes":""},"class_list":["post-10264","page","type-page","status-publish","has-post-thumbnail","hentry"],"yoast_head":"<!-- This site is optimized with the Yoast SEO plugin v27.3 - https:\/\/yoast.com\/product\/yoast-seo-wordpress\/ -->\n<title>Privacy Policy<\/title>\n<meta name=\"robots\" content=\"index, follow, max-snippet:-1, max-image-preview:large, max-video-preview:-1\" \/>\n<link rel=\"canonical\" href=\"https:\/\/ejuniper.com\/es\/privacy-policy\/\" \/>\n<meta property=\"og:locale\" content=\"es_ES\" \/>\n<meta property=\"og:type\" content=\"article\" \/>\n<meta property=\"og:title\" content=\"Privacy Policy\" \/>\n<meta property=\"og:description\" content=\"Pol\u00edtica de Privacidad En este documento le facilito informaci\u00f3n importante acerca de la recogida y tratamiento que hacemos sobre sus datos de car\u00e1cter personal. Por ello, le recomendamos leer atentamente su contenido para que me pueda facilitar su consentimiento al tratamiento de dichos datos. \u00bfQui\u00e9n es el responsable del tratamiento de los datos? JUNIPER CONSULTING [&hellip;]\" \/>\n<meta property=\"og:url\" content=\"https:\/\/ejuniper.com\/es\/privacy-policy\/\" \/>\n<meta property=\"og:site_name\" content=\"Juniper\" \/>\n<meta property=\"article:modified_time\" content=\"2025-09-08T08:26:35+00:00\" \/>\n<meta name=\"twitter:card\" content=\"summary_large_image\" \/>\n<meta name=\"twitter:label1\" content=\"Tiempo de lectura\" \/>\n\t<meta name=\"twitter:data1\" content=\"5 minutos\" \/>\n<script type=\"application\/ld+json\" class=\"yoast-schema-graph\">{\"@context\":\"https:\\\/\\\/schema.org\",\"@graph\":[{\"@type\":\"WebPage\",\"@id\":\"https:\\\/\\\/ejuniper.com\\\/es\\\/privacy-policy\\\/\",\"url\":\"https:\\\/\\\/ejuniper.com\\\/es\\\/privacy-policy\\\/\",\"name\":\"Privacy Policy\",\"isPartOf\":{\"@id\":\"https:\\\/\\\/ejuniper.com\\\/es\\\/#website\"},\"primaryImageOfPage\":{\"@id\":\"https:\\\/\\\/ejuniper.com\\\/es\\\/privacy-policy\\\/#primaryimage\"},\"image\":{\"@id\":\"https:\\\/\\\/ejuniper.com\\\/es\\\/privacy-policy\\\/#primaryimage\"},\"thumbnailUrl\":\"https:\\\/\\\/ejuniper.com\\\/wp-content\\\/uploads\\\/2024\\\/08\\\/juniper_traveltech_tecla-1.svg\",\"datePublished\":\"2019-05-17T09:28:36+00:00\",\"dateModified\":\"2025-09-08T08:26:35+00:00\",\"breadcrumb\":{\"@id\":\"https:\\\/\\\/ejuniper.com\\\/es\\\/privacy-policy\\\/#breadcrumb\"},\"inLanguage\":\"es\",\"potentialAction\":[{\"@type\":\"ReadAction\",\"target\":[\"https:\\\/\\\/ejuniper.com\\\/es\\\/privacy-policy\\\/\"]}]},{\"@type\":\"ImageObject\",\"inLanguage\":\"es\",\"@id\":\"https:\\\/\\\/ejuniper.com\\\/es\\\/privacy-policy\\\/#primaryimage\",\"url\":\"https:\\\/\\\/ejuniper.com\\\/wp-content\\\/uploads\\\/2024\\\/08\\\/juniper_traveltech_tecla-1.svg\",\"contentUrl\":\"https:\\\/\\\/ejuniper.com\\\/wp-content\\\/uploads\\\/2024\\\/08\\\/juniper_traveltech_tecla-1.svg\",\"width\":561,\"height\":504,\"caption\":\"Juniper_Supplier_Programs\"},{\"@type\":\"BreadcrumbList\",\"@id\":\"https:\\\/\\\/ejuniper.com\\\/es\\\/privacy-policy\\\/#breadcrumb\",\"itemListElement\":[{\"@type\":\"ListItem\",\"position\":1,\"name\":\"Inicio\",\"item\":\"https:\\\/\\\/ejuniper.com\\\/es\\\/\"},{\"@type\":\"ListItem\",\"position\":2,\"name\":\"Privacy Policy\"}]},{\"@type\":\"WebSite\",\"@id\":\"https:\\\/\\\/ejuniper.com\\\/es\\\/#website\",\"url\":\"https:\\\/\\\/ejuniper.com\\\/es\\\/\",\"name\":\"https:\\\/\\\/ejuniper.com\\\/\",\"description\":\"Redefining Travel with Innovative Technology\",\"publisher\":{\"@id\":\"https:\\\/\\\/ejuniper.com\\\/es\\\/#organization\"},\"potentialAction\":[{\"@type\":\"SearchAction\",\"target\":{\"@type\":\"EntryPoint\",\"urlTemplate\":\"https:\\\/\\\/ejuniper.com\\\/es\\\/?s={search_term_string}\"},\"query-input\":{\"@type\":\"PropertyValueSpecification\",\"valueRequired\":true,\"valueName\":\"search_term_string\"}}],\"inLanguage\":\"es\"},{\"@type\":\"Organization\",\"@id\":\"https:\\\/\\\/ejuniper.com\\\/es\\\/#organization\",\"name\":\"Juniper Travel Technology\",\"url\":\"https:\\\/\\\/ejuniper.com\\\/es\\\/\",\"logo\":{\"@type\":\"ImageObject\",\"inLanguage\":\"es\",\"@id\":\"https:\\\/\\\/ejuniper.com\\\/es\\\/#\\\/schema\\\/logo\\\/image\\\/\",\"url\":\"https:\\\/\\\/ejuniper.com\\\/wp-content\\\/uploads\\\/2024\\\/11\\\/juniper-2-1.svg\",\"contentUrl\":\"https:\\\/\\\/ejuniper.com\\\/wp-content\\\/uploads\\\/2024\\\/11\\\/juniper-2-1.svg\",\"width\":48,\"height\":48,\"caption\":\"Juniper Travel Technology\"},\"image\":{\"@id\":\"https:\\\/\\\/ejuniper.com\\\/es\\\/#\\\/schema\\\/logo\\\/image\\\/\"},\"sameAs\":[\"https:\\\/\\\/www.linkedin.com\\\/company\\\/juniper\\\/\"]}]}<\/script>\n<!-- \/ Yoast SEO plugin. -->","yoast_head_json":{"title":"Privacy Policy","robots":{"index":"index","follow":"follow","max-snippet":"max-snippet:-1","max-image-preview":"max-image-preview:large","max-video-preview":"max-video-preview:-1"},"canonical":"https:\/\/ejuniper.com\/es\/privacy-policy\/","og_locale":"es_ES","og_type":"article","og_title":"Privacy Policy","og_description":"Pol\u00edtica de Privacidad En este documento le facilito informaci\u00f3n importante acerca de la recogida y tratamiento que hacemos sobre sus datos de car\u00e1cter personal. Por ello, le recomendamos leer atentamente su contenido para que me pueda facilitar su consentimiento al tratamiento de dichos datos. \u00bfQui\u00e9n es el responsable del tratamiento de los datos? JUNIPER CONSULTING [&hellip;]","og_url":"https:\/\/ejuniper.com\/es\/privacy-policy\/","og_site_name":"Juniper","article_modified_time":"2025-09-08T08:26:35+00:00","twitter_card":"summary_large_image","twitter_misc":{"Tiempo de lectura":"5 minutos"},"schema":{"@context":"https:\/\/schema.org","@graph":[{"@type":"WebPage","@id":"https:\/\/ejuniper.com\/es\/privacy-policy\/","url":"https:\/\/ejuniper.com\/es\/privacy-policy\/","name":"Privacy Policy","isPartOf":{"@id":"https:\/\/ejuniper.com\/es\/#website"},"primaryImageOfPage":{"@id":"https:\/\/ejuniper.com\/es\/privacy-policy\/#primaryimage"},"image":{"@id":"https:\/\/ejuniper.com\/es\/privacy-policy\/#primaryimage"},"thumbnailUrl":"https:\/\/ejuniper.com\/wp-content\/uploads\/2024\/08\/juniper_traveltech_tecla-1.svg","datePublished":"2019-05-17T09:28:36+00:00","dateModified":"2025-09-08T08:26:35+00:00","breadcrumb":{"@id":"https:\/\/ejuniper.com\/es\/privacy-policy\/#breadcrumb"},"inLanguage":"es","potentialAction":[{"@type":"ReadAction","target":["https:\/\/ejuniper.com\/es\/privacy-policy\/"]}]},{"@type":"ImageObject","inLanguage":"es","@id":"https:\/\/ejuniper.com\/es\/privacy-policy\/#primaryimage","url":"https:\/\/ejuniper.com\/wp-content\/uploads\/2024\/08\/juniper_traveltech_tecla-1.svg","contentUrl":"https:\/\/ejuniper.com\/wp-content\/uploads\/2024\/08\/juniper_traveltech_tecla-1.svg","width":561,"height":504,"caption":"Juniper_Supplier_Programs"},{"@type":"BreadcrumbList","@id":"https:\/\/ejuniper.com\/es\/privacy-policy\/#breadcrumb","itemListElement":[{"@type":"ListItem","position":1,"name":"Inicio","item":"https:\/\/ejuniper.com\/es\/"},{"@type":"ListItem","position":2,"name":"Privacy Policy"}]},{"@type":"WebSite","@id":"https:\/\/ejuniper.com\/es\/#website","url":"https:\/\/ejuniper.com\/es\/","name":"https:\/\/ejuniper.com\/","description":"Redefining Travel with Innovative Technology","publisher":{"@id":"https:\/\/ejuniper.com\/es\/#organization"},"potentialAction":[{"@type":"SearchAction","target":{"@type":"EntryPoint","urlTemplate":"https:\/\/ejuniper.com\/es\/?s={search_term_string}"},"query-input":{"@type":"PropertyValueSpecification","valueRequired":true,"valueName":"search_term_string"}}],"inLanguage":"es"},{"@type":"Organization","@id":"https:\/\/ejuniper.com\/es\/#organization","name":"Juniper Travel Technology","url":"https:\/\/ejuniper.com\/es\/","logo":{"@type":"ImageObject","inLanguage":"es","@id":"https:\/\/ejuniper.com\/es\/#\/schema\/logo\/image\/","url":"https:\/\/ejuniper.com\/wp-content\/uploads\/2024\/11\/juniper-2-1.svg","contentUrl":"https:\/\/ejuniper.com\/wp-content\/uploads\/2024\/11\/juniper-2-1.svg","width":48,"height":48,"caption":"Juniper Travel Technology"},"image":{"@id":"https:\/\/ejuniper.com\/es\/#\/schema\/logo\/image\/"},"sameAs":["https:\/\/www.linkedin.com\/company\/juniper\/"]}]}},"acf":[],"_links":{"self":[{"href":"https:\/\/ejuniper.com\/es\/wp-json\/wp\/v2\/pages\/10264","targetHints":{"allow":["GET"]}}],"collection":[{"href":"https:\/\/ejuniper.com\/es\/wp-json\/wp\/v2\/pages"}],"about":[{"href":"https:\/\/ejuniper.com\/es\/wp-json\/wp\/v2\/types\/page"}],"author":[{"embeddable":true,"href":"https:\/\/ejuniper.com\/es\/wp-json\/wp\/v2\/users\/1"}],"replies":[{"embeddable":true,"href":"https:\/\/ejuniper.com\/es\/wp-json\/wp\/v2\/comments?post=10264"}],"version-history":[{"count":1,"href":"https:\/\/ejuniper.com\/es\/wp-json\/wp\/v2\/pages\/10264\/revisions"}],"predecessor-version":[{"id":69833,"href":"https:\/\/ejuniper.com\/es\/wp-json\/wp\/v2\/pages\/10264\/revisions\/69833"}],"wp:featuredmedia":[{"embeddable":true,"href":"https:\/\/ejuniper.com\/es\/wp-json\/wp\/v2\/media\/48209"}],"wp:attachment":[{"href":"https:\/\/ejuniper.com\/es\/wp-json\/wp\/v2\/media?parent=10264"}],"curies":[{"name":"wp","href":"https:\/\/api.w.org\/{rel}","templated":true}]}}